{"id":32592,"date":"2025-09-26T23:34:25","date_gmt":"2025-09-26T23:34:25","guid":{"rendered":"https:\/\/as-schwabe.de\/produkt\/wtyczka-rozkladana-do-wbudowania-cee-230-v-16-a-3p-bia-61463\/"},"modified":"2025-10-23T00:17:55","modified_gmt":"2025-10-23T00:17:55","slug":"wtyczka-rozkladana-do-wbudowania-cee-230-v-16-a-3p-bia-61463","status":"publish","type":"product","link":"https:\/\/as-schwabe.de\/pl\/produkt\/wtyczka-rozkladana-do-wbudowania-cee-230-v-16-a-3p-bia-61463\/","title":{"rendered":"Wtyczka rozk\u0142adana do wbudowania CEE 230 V, 16 A, 3P BIA IP44 | 61463"},"content":{"rendered":"<p>Wtyczka rozk\u0142adana do wbudowania CEE 230 V, 16 A, 3P z pokryw\u0105 uchyln\u0105 to idealne rozwi\u0105zanie dla os\u00f3b poszukuj\u0105cych niezawodnego \u017ar\u00f3d\u0142a zasilania dla przyczep kempingowych. Dzi\u0119ki klasie ochrony IP44, wtyczka jest przystosowana do u\u017cytku na zewn\u0105trz, co zapewnia bezpiecze\u0144stwo i niezawodno\u015b\u0107 nawet w trudnych warunkach atmosferycznych. Jej bia\u0142y kolor harmonijnie wpasuje si\u0119 w estetyk\u0119 otoczenia. Konstrukcja z pokryw\u0105 uchyln\u0105 gwarantuje \u0142atwy dost\u0119p oraz ochron\u0119 przed zanieczyszczeniami. Produkt ten \u0142\u0105czy w sobie wysok\u0105 jako\u015b\u0107 wykonania z funkcjonalno\u015bci\u0105, co czyni go doskona\u0142ym wyborem dla ka\u017cdego mi\u0142o\u015bnika campingowych wypraw.<\/p>","protected":false},"excerpt":{"rendered":"<div class=\"icons\" style=\"display: flex; flex-wrap: wrap; gap: 5px; align-items: center; margin-top: 10px;\"><img decoding=\"async\" src=\"https:\/\/as-schwabe.de\/wp-content\/uploads\/ikony\/znak_CE.png\" alt=\"\" width=\"50\" height=\"50\" \/><img decoding=\"async\" src=\"https:\/\/as-schwabe.de\/wp-content\/uploads\/ikony\/znak_IP44.png\" alt=\"\" width=\"50\" height=\"50\" \/><img decoding=\"async\" src=\"https:\/\/as-schwabe.de\/wp-content\/uploads\/ikony\/znak_Z.png\" alt=\"\" width=\"50\" height=\"50\" \/><img loading=\"lazy\" decoding=\"async\" src=\"https:\/\/as-schwabe.de\/wp-content\/uploads\/ikony\/znak_DE.png\" alt=\"\" width=\"50\" height=\"40\" \/><\/div>\n<ul>\n<li>wysokiej jako\u015bci z\u0142\u0105cza zasilaj\u0105ce do samodzielnego monta\u017cu <\/li>\n<li>CEE 230 V, 16 A, 3P <\/li>\n<li>IP44: chroniony przed cia\u0142ami obcymi i bryzgami wody <\/li>\n<li>rozk\u0142adana wtyczka CEE 230 V, 16 A, 3P z uchyln\u0105 pokryw\u0105 <\/li>\n<li>wymiary ko\u0142nierza wys. x szer. w mm (zamkni\u0119te): 163 x 102 <\/li>\n<li>rozstaw otwor\u00f3w wys. x szer. w mm: 103 x 88 <\/li>\n<li>g\u0142\u0119boko\u015b\u0107 monta\u017cu w mm: 62<\/li>\n<\/ul>","protected":false},"featured_media":31471,"template":"","meta":{"inline_featured_image":false},"genre":[509],"product_cat":[515,577],"product_tag":[],"class_list":{"0":"post-32592","1":"product","2":"type-product","3":"status-publish","4":"has-post-thumbnail","6":"product_brand-as-schwabe-pl","7":"product_cat-kemping-i-caravaning-pl","8":"product_cat-wtyczki-cee-do-wbudowania-pl","10":"first","11":"instock","12":"shipping-taxable","13":"product-type-simple"},"aioseo_notices":[],"_links":{"self":[{"href":"https:\/\/as-schwabe.de\/pl\/wp-json\/wp\/v2\/product\/32592","targetHints":{"allow":["GET"]}}],"collection":[{"href":"https:\/\/as-schwabe.de\/pl\/wp-json\/wp\/v2\/product"}],"about":[{"href":"https:\/\/as-schwabe.de\/pl\/wp-json\/wp\/v2\/types\/product"}],"version-history":[{"count":0,"href":"https:\/\/as-schwabe.de\/pl\/wp-json\/wp\/v2\/product\/32592\/revisions"}],"wp:featuredmedia":[{"embeddable":true,"href":"https:\/\/as-schwabe.de\/pl\/wp-json\/wp\/v2\/media\/31471"}],"wp:attachment":[{"href":"https:\/\/as-schwabe.de\/pl\/wp-json\/wp\/v2\/media?parent=32592"}],"wp:term":[{"taxonomy":"product_brand","embeddable":true,"href":"https:\/\/as-schwabe.de\/pl\/wp-json\/wp\/v2\/genre?post=32592"},{"taxonomy":"product_cat","embeddable":true,"href":"https:\/\/as-schwabe.de\/pl\/wp-json\/wp\/v2\/product_cat?post=32592"},{"taxonomy":"product_tag","embeddable":true,"href":"https:\/\/as-schwabe.de\/pl\/wp-json\/wp\/v2\/product_tag?post=32592"}],"curies":[{"name":"wp","href":"https:\/\/api.w.org\/{rel}","templated":true}]}}