{"id":32591,"date":"2025-09-26T23:34:24","date_gmt":"2025-09-26T23:34:24","guid":{"rendered":"https:\/\/as-schwabe.de\/produkt\/wtyczka-do-wbudowania-cee-230-v-16-a-3p-przesuwana-pokrywa-cza-61462\/"},"modified":"2025-10-23T00:17:55","modified_gmt":"2025-10-23T00:17:55","slug":"wtyczka-do-wbudowania-cee-230-v-16-a-3p-przesuwana-pokrywa-cza-61462","status":"publish","type":"product","link":"https:\/\/as-schwabe.de\/pl\/produkt\/wtyczka-do-wbudowania-cee-230-v-16-a-3p-przesuwana-pokrywa-cza-61462\/","title":{"rendered":"Wtyczka do wbudowania CEE 230 V, 16 A, 3P CZA IP44 | 61462"},"content":{"rendered":"<p>Wtyczka do wbudowania CEE 230 V, 16 A, 3P to niezawodne rozwi\u0105zanie przeznaczone do zasilania przyczep kempingowych oraz innych urz\u0105dze\u0144 wymagaj\u0105cych stabilnego \u017ar\u00f3d\u0142a energii. Dzi\u0119ki przesuwanej pokrywie, urz\u0105dzenie oferuje dodatkow\u0105 ochron\u0119 przed niekorzystnymi warunkami atmosferycznymi, co czyni je idealnym do u\u017cytku na zewn\u0105trz. Klasa ochrony IP44 zapewnia odporno\u015b\u0107 na wod\u0119 i py\u0142, co zwi\u0119ksza bezpiecze\u0144stwo u\u017cytkowania. Wtyczka dost\u0119pna jest w eleganckim czarnym kolorze, co sprawia, \u017ce doskonale wpisuje si\u0119 w r\u00f3\u017cnorodne aran\u017cacje. Produkt ten gwarantuje nie tylko wysok\u0105 jako\u015b\u0107 wykonania, ale tak\u017ce wygod\u0119 oraz efektywno\u015b\u0107 w ka\u017cdym zastosowaniu.<\/p>","protected":false},"excerpt":{"rendered":"<div class=\"icons\" style=\"display: flex; flex-wrap: wrap; gap: 5px; align-items: center; margin-top: 10px;\"><img decoding=\"async\" src=\"https:\/\/as-schwabe.de\/wp-content\/uploads\/ikony\/znak_CE.png\" alt=\"\" width=\"50\" height=\"50\" \/><img decoding=\"async\" src=\"https:\/\/as-schwabe.de\/wp-content\/uploads\/ikony\/znak_IP44.png\" alt=\"\" width=\"50\" height=\"50\" \/><img decoding=\"async\" src=\"https:\/\/as-schwabe.de\/wp-content\/uploads\/ikony\/znak_Z.png\" alt=\"\" width=\"50\" height=\"50\" \/><img loading=\"lazy\" decoding=\"async\" src=\"https:\/\/as-schwabe.de\/wp-content\/uploads\/ikony\/znak_DE.png\" alt=\"\" width=\"50\" height=\"40\" \/><\/div>\n<ul>\n<li>wysokiej jako\u015bci z\u0142\u0105cza zasilaj\u0105ce do samodzielnego monta\u017cu <\/li>\n<li>CEE 230 V, 16 A, 3P <\/li>\n<li>IP44: chroniony przed cia\u0142ami obcymi i bryzgami wody <\/li>\n<li>wtyczka CEE 230 V, 16 A, 3P z przesuwan\u0105 os\u0142on\u0105 <\/li>\n<li>wymiary ko\u0142nierza wys. x szer. w mm (zamkni\u0119te): 112 x 100 <\/li>\n<li>wymiary wys. x szer. w mm (otwarte): 227 x 100 <\/li>\n<li>rozstaw otwor\u00f3w wys. x szer. w mm: 74\/66 x 105 <\/li>\n<li>g\u0142\u0119boko\u015b\u0107 monta\u017cu w mm: 119<\/li>\n<\/ul>","protected":false},"featured_media":31467,"template":"","meta":{"inline_featured_image":false},"genre":[509],"product_cat":[515,577],"product_tag":[],"class_list":{"0":"post-32591","1":"product","2":"type-product","3":"status-publish","4":"has-post-thumbnail","6":"product_brand-as-schwabe-pl","7":"product_cat-kemping-i-caravaning-pl","8":"product_cat-wtyczki-cee-do-wbudowania-pl","10":"first","11":"instock","12":"shipping-taxable","13":"product-type-simple"},"aioseo_notices":[],"_links":{"self":[{"href":"https:\/\/as-schwabe.de\/pl\/wp-json\/wp\/v2\/product\/32591","targetHints":{"allow":["GET"]}}],"collection":[{"href":"https:\/\/as-schwabe.de\/pl\/wp-json\/wp\/v2\/product"}],"about":[{"href":"https:\/\/as-schwabe.de\/pl\/wp-json\/wp\/v2\/types\/product"}],"version-history":[{"count":0,"href":"https:\/\/as-schwabe.de\/pl\/wp-json\/wp\/v2\/product\/32591\/revisions"}],"wp:featuredmedia":[{"embeddable":true,"href":"https:\/\/as-schwabe.de\/pl\/wp-json\/wp\/v2\/media\/31467"}],"wp:attachment":[{"href":"https:\/\/as-schwabe.de\/pl\/wp-json\/wp\/v2\/media?parent=32591"}],"wp:term":[{"taxonomy":"product_brand","embeddable":true,"href":"https:\/\/as-schwabe.de\/pl\/wp-json\/wp\/v2\/genre?post=32591"},{"taxonomy":"product_cat","embeddable":true,"href":"https:\/\/as-schwabe.de\/pl\/wp-json\/wp\/v2\/product_cat?post=32591"},{"taxonomy":"product_tag","embeddable":true,"href":"https:\/\/as-schwabe.de\/pl\/wp-json\/wp\/v2\/product_tag?post=32591"}],"curies":[{"name":"wp","href":"https:\/\/api.w.org\/{rel}","templated":true}]}}