{"id":32590,"date":"2025-09-26T23:34:23","date_gmt":"2025-09-26T23:34:23","guid":{"rendered":"https:\/\/as-schwabe.de\/produkt\/wtyczka-zmiennej-fazy-cee-400-v-32-a-6h-czerwona-61461\/"},"modified":"2025-10-23T00:17:55","modified_gmt":"2025-10-23T00:17:55","slug":"wtyczka-zmiennej-fazy-cee-400-v-32-a-6h-czerwona-61461","status":"publish","type":"product","link":"https:\/\/as-schwabe.de\/pl\/produkt\/wtyczka-zmiennej-fazy-cee-400-v-32-a-6h-czerwona-61461\/","title":{"rendered":"Wtyczka zmiennej fazy CEE 400 V, 32 A, 5P 6h, CZE IP44 | 61461"},"content":{"rendered":"<p>Wtyczka zmiennej fazy CEE o napi\u0119ciu 400 V i nat\u0119\u017ceniu 32 A, wyposa\u017cona w 5 pin\u00f3w oraz zgodno\u015b\u0107 z norm\u0105 6h, to idealne rozwi\u0105zanie do zasilania urz\u0105dze\u0144 elektrycznych na zewn\u0105trz oraz na placach budowy. Jej zaciski \u015brubowe, przystosowane do przewod\u00f3w o maksymalnym przekroju 6 mm\u00b2, zapewniaj\u0105 solidne i bezpieczne po\u0142\u0105czenie. Dzi\u0119ki klasie ochrony IP44, wtyczka charakteryzuje si\u0119 odporno\u015bci\u0105 na wilgo\u0107 oraz py\u0142, co czyni j\u0105 odpowiedni\u0105 do pracy w trudnych warunkach atmosferycznych. Produkt \u0142\u0105czy w sobie wysok\u0105 funkcjonalno\u015b\u0107 oraz niezawodno\u015b\u0107, co przek\u0142ada si\u0119 na komfort i bezpiecze\u0144stwo u\u017cytkownik\u00f3w w trakcie wykonywania r\u00f3\u017cnorodnych zada\u0144.<\/p>","protected":false},"excerpt":{"rendered":"<div class=\"icons\" style=\"display: flex; flex-wrap: wrap; gap: 5px; align-items: center; margin-top: 10px;\"><img decoding=\"async\" src=\"https:\/\/as-schwabe.de\/wp-content\/uploads\/ikony\/znak_CE.png\" alt=\"\" width=\"50\" height=\"50\" \/><img decoding=\"async\" src=\"https:\/\/as-schwabe.de\/wp-content\/uploads\/ikony\/znak_IP44.png\" alt=\"\" width=\"50\" height=\"50\" \/><img decoding=\"async\" src=\"https:\/\/as-schwabe.de\/wp-content\/uploads\/ikony\/znak_PB.png\" alt=\"\" width=\"50\" height=\"50\" \/><img loading=\"lazy\" decoding=\"async\" src=\"https:\/\/as-schwabe.de\/wp-content\/uploads\/ikony\/znak_Z.png\" alt=\"\" width=\"50\" height=\"50\" \/><img loading=\"lazy\" decoding=\"async\" src=\"https:\/\/as-schwabe.de\/wp-content\/uploads\/ikony\/znak_D.png\" alt=\"\" width=\"50\" height=\"50\" \/><img loading=\"lazy\" decoding=\"async\" src=\"https:\/\/as-schwabe.de\/wp-content\/uploads\/ikony\/znak_DE.png\" alt=\"\" width=\"50\" height=\"40\" \/><\/div>\n<ul>\n<li>Wtyczka zmiennej fazy 400 V, 32 A, 5P 6h <\/li>\n<li>wysokiej jako\u015bci wtyczki najnowszej generacji z odporn\u0105 na uderzenia, bryzgoszczeln\u0105 obudow\u0105 z poliamidu <\/li>\n<li>obudowa z gwintowanym zamkni\u0119ciem <\/li>\n<li>z zaciskami \u015brubowymi do pod\u0142\u0105czenia kabla <\/li>\n<li>d\u0142awnica kablowa z uszczelk\u0105 <\/li>\n<li>odci\u0105\u017cka <\/li>\n<li>wyprodukowano w Niemczech<\/li>\n<\/ul>","protected":false},"featured_media":31465,"template":"","meta":{"inline_featured_image":false},"genre":[509],"product_cat":[518,571],"product_tag":[],"class_list":{"0":"post-32590","1":"product","2":"type-product","3":"status-publish","4":"has-post-thumbnail","6":"product_brand-as-schwabe-pl","7":"product_cat-asortyment-produktow-cee-400-v-pl","8":"product_cat-wtyczki-i-gniazda-cee-pl","10":"first","11":"instock","12":"shipping-taxable","13":"product-type-simple"},"aioseo_notices":[],"_links":{"self":[{"href":"https:\/\/as-schwabe.de\/pl\/wp-json\/wp\/v2\/product\/32590","targetHints":{"allow":["GET"]}}],"collection":[{"href":"https:\/\/as-schwabe.de\/pl\/wp-json\/wp\/v2\/product"}],"about":[{"href":"https:\/\/as-schwabe.de\/pl\/wp-json\/wp\/v2\/types\/product"}],"version-history":[{"count":0,"href":"https:\/\/as-schwabe.de\/pl\/wp-json\/wp\/v2\/product\/32590\/revisions"}],"wp:featuredmedia":[{"embeddable":true,"href":"https:\/\/as-schwabe.de\/pl\/wp-json\/wp\/v2\/media\/31465"}],"wp:attachment":[{"href":"https:\/\/as-schwabe.de\/pl\/wp-json\/wp\/v2\/media?parent=32590"}],"wp:term":[{"taxonomy":"product_brand","embeddable":true,"href":"https:\/\/as-schwabe.de\/pl\/wp-json\/wp\/v2\/genre?post=32590"},{"taxonomy":"product_cat","embeddable":true,"href":"https:\/\/as-schwabe.de\/pl\/wp-json\/wp\/v2\/product_cat?post=32590"},{"taxonomy":"product_tag","embeddable":true,"href":"https:\/\/as-schwabe.de\/pl\/wp-json\/wp\/v2\/product_tag?post=32590"}],"curies":[{"name":"wp","href":"https:\/\/api.w.org\/{rel}","templated":true}]}}