{"id":32589,"date":"2025-09-26T23:34:22","date_gmt":"2025-09-26T23:34:22","guid":{"rendered":"https:\/\/as-schwabe.de\/produkt\/wtyczka-zmiennej-fazy-cee-400-v-16-a-6h-czerwona-61460\/"},"modified":"2025-10-23T00:17:54","modified_gmt":"2025-10-23T00:17:54","slug":"wtyczka-zmiennej-fazy-cee-400-v-16-a-6h-czerwona-61460","status":"publish","type":"product","link":"https:\/\/as-schwabe.de\/pl\/produkt\/wtyczka-zmiennej-fazy-cee-400-v-16-a-6h-czerwona-61460\/","title":{"rendered":"Wtyczka zmiennej fazy CEE 400 V, 16 A, 5P 6h, CZE IP44 | 61460"},"content":{"rendered":"<p>Profesjonalna wtyczka zmiennej fazy CEE 400 V, 16 A, 5P 6h, w kolorze czerwonym, zosta\u0142a zaprojektowana z my\u015bl\u0105 o intensywnym u\u017cytkowaniu na zewn\u0105trz oraz w warunkach budowlanych. Dzi\u0119ki zaciskom \u015brubowym o maksymalnej \u015brednicy 2,5 mm\u00b2, zapewnia solidne i pewne po\u0142\u0105czenie elektryczne. Klasa ochrony IP44 gwarantuje odporno\u015b\u0107 na py\u0142 i wod\u0119, co czyni j\u0105 idealnym rozwi\u0105zaniem w trudnych warunkach atmosferycznych. Wtyczka ta jest niezwykle \u0142atwa w instalacji i obs\u0142udze, co przek\u0142ada si\u0119 na wi\u0119ksz\u0105 efektywno\u015b\u0107 pracy na placach budowy oraz w innych zewn\u0119trznych aplikacjach elektrycznych. Wybieraj\u0105c ten produkt, zyskujesz nie tylko funkcjonalno\u015b\u0107, ale i bezpiecze\u0144stwo, kt\u00f3re s\u0105 kluczowe w \u015brodowisku roboczym.<\/p>","protected":false},"excerpt":{"rendered":"<div class=\"icons\" style=\"display: flex; flex-wrap: wrap; gap: 5px; align-items: center; margin-top: 10px;\"><img decoding=\"async\" src=\"https:\/\/as-schwabe.de\/wp-content\/uploads\/ikony\/znak_CE.png\" alt=\"\" width=\"50\" height=\"50\" \/><img decoding=\"async\" src=\"https:\/\/as-schwabe.de\/wp-content\/uploads\/ikony\/znak_IP44.png\" alt=\"\" width=\"50\" height=\"50\" \/><img decoding=\"async\" src=\"https:\/\/as-schwabe.de\/wp-content\/uploads\/ikony\/znak_PB.png\" alt=\"\" width=\"50\" height=\"50\" \/><img loading=\"lazy\" decoding=\"async\" src=\"https:\/\/as-schwabe.de\/wp-content\/uploads\/ikony\/znak_Z.png\" alt=\"\" width=\"50\" height=\"50\" \/><img loading=\"lazy\" decoding=\"async\" src=\"https:\/\/as-schwabe.de\/wp-content\/uploads\/ikony\/znak_D.png\" alt=\"\" width=\"50\" height=\"50\" \/><img loading=\"lazy\" decoding=\"async\" src=\"https:\/\/as-schwabe.de\/wp-content\/uploads\/ikony\/znak_DE.png\" alt=\"\" width=\"50\" height=\"40\" \/><\/div>\n<ul>\n<li>Wtyczka zmiennej fazy 400 V, 16 A, 5P 6h <\/li>\n<li>wysokiej jako\u015bci wtyczki najnowszej generacji z odporn\u0105 na uderzenia, bryzgoszczeln\u0105 obudow\u0105 z poliamidu <\/li>\n<li>obudowa z gwintowanym zamkni\u0119ciem <\/li>\n<li>z zaciskami \u015brubowymi do pod\u0142\u0105czenia kabla <\/li>\n<li>d\u0142awnica kablowa z uszczelk\u0105 <\/li>\n<li>odci\u0105\u017cka <\/li>\n<li>wyprodukowano w Niemczech<\/li>\n<\/ul>","protected":false},"featured_media":31455,"template":"","meta":{"inline_featured_image":false},"genre":[509],"product_cat":[518,571],"product_tag":[],"class_list":{"0":"post-32589","1":"product","2":"type-product","3":"status-publish","4":"has-post-thumbnail","6":"product_brand-as-schwabe-pl","7":"product_cat-asortyment-produktow-cee-400-v-pl","8":"product_cat-wtyczki-i-gniazda-cee-pl","10":"first","11":"instock","12":"shipping-taxable","13":"product-type-simple"},"aioseo_notices":[],"_links":{"self":[{"href":"https:\/\/as-schwabe.de\/pl\/wp-json\/wp\/v2\/product\/32589","targetHints":{"allow":["GET"]}}],"collection":[{"href":"https:\/\/as-schwabe.de\/pl\/wp-json\/wp\/v2\/product"}],"about":[{"href":"https:\/\/as-schwabe.de\/pl\/wp-json\/wp\/v2\/types\/product"}],"version-history":[{"count":0,"href":"https:\/\/as-schwabe.de\/pl\/wp-json\/wp\/v2\/product\/32589\/revisions"}],"wp:featuredmedia":[{"embeddable":true,"href":"https:\/\/as-schwabe.de\/pl\/wp-json\/wp\/v2\/media\/31455"}],"wp:attachment":[{"href":"https:\/\/as-schwabe.de\/pl\/wp-json\/wp\/v2\/media?parent=32589"}],"wp:term":[{"taxonomy":"product_brand","embeddable":true,"href":"https:\/\/as-schwabe.de\/pl\/wp-json\/wp\/v2\/genre?post=32589"},{"taxonomy":"product_cat","embeddable":true,"href":"https:\/\/as-schwabe.de\/pl\/wp-json\/wp\/v2\/product_cat?post=32589"},{"taxonomy":"product_tag","embeddable":true,"href":"https:\/\/as-schwabe.de\/pl\/wp-json\/wp\/v2\/product_tag?post=32589"}],"curies":[{"name":"wp","href":"https:\/\/api.w.org\/{rel}","templated":true}]}}