{"id":32582,"date":"2025-09-26T23:34:14","date_gmt":"2025-09-26T23:34:14","guid":{"rendered":"https:\/\/as-schwabe.de\/produkt\/przedluzacz-3-gniazdowy-n07v3v3-f-3g25-zol-5-m-61452\/"},"modified":"2025-10-23T00:17:51","modified_gmt":"2025-10-23T00:17:51","slug":"przedluzacz-3-gniazdowy-n07v3v3-f-3g25-zol-5-m-61452","status":"publish","type":"product","link":"https:\/\/as-schwabe.de\/pl\/produkt\/przedluzacz-3-gniazdowy-n07v3v3-f-3g25-zol-5-m-61452\/","title":{"rendered":"Przed\u0142u\u017cacz 3-gniazdowy 5 m AT-N07V3V3-F 3G2,5 \u017b\u00d3\u0141 IP44 | 61452"},"content":{"rendered":"<p>Przed\u0142u\u017cacz 3-gniazdowy AT-N07V3V3-F 3G2,5 w \u017c\u00f3\u0142tej obudowie o d\u0142ugo\u015bci 5 m to niezawodne rozwi\u0105zanie do zasilania urz\u0105dze\u0144 elektrycznych w trudnych warunkach. Wyposa\u017cony w wtyczk\u0119 IP44 oraz trzy gumowe gniazda, ka\u017cde o parametrach 230 V, 16 A, 2P+Z, idealnie sprawdzi si\u0119 zar\u00f3wno na placach budowy, jak i w zastosowaniach zewn\u0119trznych. Dzi\u0119ki klasie ochrony IP44 urz\u0105dzenie jest odporne na zachlapania i py\u0142, co zwi\u0119ksza jego trwa\u0142o\u015b\u0107 i bezpiecze\u0144stwo u\u017cytkowania. Maksymalne obci\u0105\u017cenie na poziomie 3500 W pozwala na pod\u0142\u0105czenie r\u00f3\u017cnych urz\u0105dze\u0144, co czyni ten przed\u0142u\u017cacz wszechstronnym narz\u0119dziem w pracy i podczas aktywno\u015bci na \u015bwie\u017cym powietrzu. Wybierz nasz przed\u0142u\u017cacz, aby zapewni\u0107 sobie wygod\u0119 i niezawodno\u015b\u0107 w ka\u017cdych warunkach.<\/p>","protected":false},"excerpt":{"rendered":"<div class=\"icons\" style=\"display: flex; flex-wrap: wrap; gap: 5px; align-items: center; margin-top: 10px;\"><img decoding=\"async\" src=\"https:\/\/as-schwabe.de\/wp-content\/uploads\/ikony\/znak_SCH.png\" alt=\"\" width=\"45\" height=\"50\" \/><img decoding=\"async\" src=\"https:\/\/as-schwabe.de\/wp-content\/uploads\/ikony\/znak_CE.png\" alt=\"\" width=\"50\" height=\"50\" \/><img decoding=\"async\" src=\"https:\/\/as-schwabe.de\/wp-content\/uploads\/ikony\/znak_IP44.png\" alt=\"\" width=\"50\" height=\"50\" \/><img loading=\"lazy\" decoding=\"async\" src=\"https:\/\/as-schwabe.de\/wp-content\/uploads\/ikony\/znak_PB.png\" alt=\"\" width=\"50\" height=\"50\" \/><img loading=\"lazy\" decoding=\"async\" src=\"https:\/\/as-schwabe.de\/wp-content\/uploads\/ikony\/znak_Z.png\" alt=\"\" width=\"50\" height=\"50\" \/><img loading=\"lazy\" decoding=\"async\" src=\"https:\/\/as-schwabe.de\/wp-content\/uploads\/ikony\/znak_D.png\" alt=\"\" width=\"50\" height=\"50\" \/><img loading=\"lazy\" decoding=\"async\" src=\"https:\/\/as-schwabe.de\/wp-content\/uploads\/ikony\/znak_DG.png\" alt=\"\" width=\"50\" height=\"50\" \/><img loading=\"lazy\" decoding=\"async\" src=\"https:\/\/as-schwabe.de\/wp-content\/uploads\/ikony\/znak_DE.png\" alt=\"\" width=\"50\" height=\"40\" \/><\/div>\n<ul>\n<li>dopuszczone do stosowania na budowach i w rolnictwie <\/li>\n<li>IP44: chroniony przed cia\u0142ami obcymi i bryzgami wody <\/li>\n<li>dopuszczone do stosowania na budowach i w rolnictwie <\/li>\n<li>z oczkiem do zawieszenia gniazda <\/li>\n<li>z wtyczk\u0105 z uziemieniem i obrotowymi, samozamykaj\u0105cymi si\u0119 klapkami z symbolem m\u0142otka \u2013 podwy\u017cszona wytrzyma\u0142o\u015b\u0107 <\/li>\n<li>230 V, 16 A<\/li>\n<\/ul>","protected":false},"featured_media":31417,"template":"","meta":{"inline_featured_image":false},"genre":[509],"product_cat":[544,545],"product_tag":[],"class_list":{"0":"post-32582","1":"product","2":"type-product","3":"status-publish","4":"has-post-thumbnail","6":"product_brand-as-schwabe-pl","7":"product_cat-przedluzacze-2-pl","8":"product_cat-do-stosowania-na-budowach-pl","10":"first","11":"instock","12":"shipping-taxable","13":"product-type-simple"},"aioseo_notices":[],"_links":{"self":[{"href":"https:\/\/as-schwabe.de\/pl\/wp-json\/wp\/v2\/product\/32582","targetHints":{"allow":["GET"]}}],"collection":[{"href":"https:\/\/as-schwabe.de\/pl\/wp-json\/wp\/v2\/product"}],"about":[{"href":"https:\/\/as-schwabe.de\/pl\/wp-json\/wp\/v2\/types\/product"}],"version-history":[{"count":0,"href":"https:\/\/as-schwabe.de\/pl\/wp-json\/wp\/v2\/product\/32582\/revisions"}],"wp:featuredmedia":[{"embeddable":true,"href":"https:\/\/as-schwabe.de\/pl\/wp-json\/wp\/v2\/media\/31417"}],"wp:attachment":[{"href":"https:\/\/as-schwabe.de\/pl\/wp-json\/wp\/v2\/media?parent=32582"}],"wp:term":[{"taxonomy":"product_brand","embeddable":true,"href":"https:\/\/as-schwabe.de\/pl\/wp-json\/wp\/v2\/genre?post=32582"},{"taxonomy":"product_cat","embeddable":true,"href":"https:\/\/as-schwabe.de\/pl\/wp-json\/wp\/v2\/product_cat?post=32582"},{"taxonomy":"product_tag","embeddable":true,"href":"https:\/\/as-schwabe.de\/pl\/wp-json\/wp\/v2\/product_tag?post=32582"}],"curies":[{"name":"wp","href":"https:\/\/api.w.org\/{rel}","templated":true}]}}