{"id":32581,"date":"2025-09-26T23:34:13","date_gmt":"2025-09-26T23:34:13","guid":{"rendered":"https:\/\/as-schwabe.de\/produkt\/przedluzacz-3-gniazdowy-n07v3v3-f-3g25-zol-3-m-61451\/"},"modified":"2025-10-23T00:17:51","modified_gmt":"2025-10-23T00:17:51","slug":"przedluzacz-3-gniazdowy-n07v3v3-f-3g25-zol-3-m-61451","status":"publish","type":"product","link":"https:\/\/as-schwabe.de\/pl\/produkt\/przedluzacz-3-gniazdowy-n07v3v3-f-3g25-zol-3-m-61451\/","title":{"rendered":"Przed\u0142u\u017cacz 3-gniazdowy 3 m AT-N07V3V3-F 3G2,5 \u017b\u00d3\u0141 IP44 | 61451"},"content":{"rendered":"<p>Przed\u0142u\u017cacz 3-gniazdowy AT-N07V3V3-F 3G2,5 o d\u0142ugo\u015bci 3 metr\u00f3w to niezawodne rozwi\u0105zanie dla u\u017cytkownik\u00f3w potrzebuj\u0105cych elastycznego dost\u0119pu do energii elektrycznej w trudnych warunkach. Wyposa\u017cony w wtyczk\u0119 IP44 oraz trzy gumowe gniazda o tym samym stopniu ochrony, zapewnia wysok\u0105 odporno\u015b\u0107 na wilgo\u0107 i py\u0142, co czyni go idealnym do u\u017cytku na zewn\u0105trz oraz w warunkach budowlanych. Media przesy\u0142ane przez ten przed\u0142u\u017cacz osi\u0105gaj\u0105 maksymalne parametry 230 V, 16 A i 3500 W, co pozwala na wygodne pod\u0142\u0105czanie urz\u0105dze\u0144 elektrycznych o du\u017cym zapotrzebowaniu na moc. Solidna konstrukcja oraz praktyczne w\u0142a\u015bciwo\u015bci sprawiaj\u0105, \u017ce produkt ten jest niezb\u0119dnym elementem wyposa\u017cenia ka\u017cdego profesjonalisty oraz majsterkowicza.<\/p>","protected":false},"excerpt":{"rendered":"<div class=\"icons\" style=\"display: flex; flex-wrap: wrap; gap: 5px; align-items: center; margin-top: 10px;\"><img decoding=\"async\" src=\"https:\/\/as-schwabe.de\/wp-content\/uploads\/ikony\/znak_SCH.png\" alt=\"\" width=\"45\" height=\"50\" \/><img decoding=\"async\" src=\"https:\/\/as-schwabe.de\/wp-content\/uploads\/ikony\/znak_CE.png\" alt=\"\" width=\"50\" height=\"50\" \/><img decoding=\"async\" src=\"https:\/\/as-schwabe.de\/wp-content\/uploads\/ikony\/znak_IP44.png\" alt=\"\" width=\"50\" height=\"50\" \/><img loading=\"lazy\" decoding=\"async\" src=\"https:\/\/as-schwabe.de\/wp-content\/uploads\/ikony\/znak_PB.png\" alt=\"\" width=\"50\" height=\"50\" \/><img loading=\"lazy\" decoding=\"async\" src=\"https:\/\/as-schwabe.de\/wp-content\/uploads\/ikony\/znak_Z.png\" alt=\"\" width=\"50\" height=\"50\" \/><img loading=\"lazy\" decoding=\"async\" src=\"https:\/\/as-schwabe.de\/wp-content\/uploads\/ikony\/znak_D.png\" alt=\"\" width=\"50\" height=\"50\" \/><img loading=\"lazy\" decoding=\"async\" src=\"https:\/\/as-schwabe.de\/wp-content\/uploads\/ikony\/znak_DG.png\" alt=\"\" width=\"50\" height=\"50\" \/><img loading=\"lazy\" decoding=\"async\" src=\"https:\/\/as-schwabe.de\/wp-content\/uploads\/ikony\/znak_DE.png\" alt=\"\" width=\"50\" height=\"40\" \/><\/div>\n<ul>\n<li>dopuszczone do stosowania na budowach i w rolnictwie <\/li>\n<li>IP44: chroniony przed cia\u0142ami obcymi i bryzgami wody <\/li>\n<li>dopuszczone do stosowania na budowach i w rolnictwie <\/li>\n<li>z oczkiem do zawieszenia gniazda <\/li>\n<li>z wtyczk\u0105 z uziemieniem i obrotowymi, samozamykaj\u0105cymi si\u0119 klapkami z symbolem m\u0142otka \u2013 podwy\u017cszona wytrzyma\u0142o\u015b\u0107 <\/li>\n<li>230 V, 16 A<\/li>\n<\/ul>","protected":false},"featured_media":31414,"template":"","meta":{"inline_featured_image":false},"genre":[509],"product_cat":[544,545],"product_tag":[],"class_list":{"0":"post-32581","1":"product","2":"type-product","3":"status-publish","4":"has-post-thumbnail","6":"product_brand-as-schwabe-pl","7":"product_cat-przedluzacze-2-pl","8":"product_cat-do-stosowania-na-budowach-pl","10":"first","11":"instock","12":"shipping-taxable","13":"product-type-simple"},"aioseo_notices":[],"_links":{"self":[{"href":"https:\/\/as-schwabe.de\/pl\/wp-json\/wp\/v2\/product\/32581","targetHints":{"allow":["GET"]}}],"collection":[{"href":"https:\/\/as-schwabe.de\/pl\/wp-json\/wp\/v2\/product"}],"about":[{"href":"https:\/\/as-schwabe.de\/pl\/wp-json\/wp\/v2\/types\/product"}],"version-history":[{"count":0,"href":"https:\/\/as-schwabe.de\/pl\/wp-json\/wp\/v2\/product\/32581\/revisions"}],"wp:featuredmedia":[{"embeddable":true,"href":"https:\/\/as-schwabe.de\/pl\/wp-json\/wp\/v2\/media\/31414"}],"wp:attachment":[{"href":"https:\/\/as-schwabe.de\/pl\/wp-json\/wp\/v2\/media?parent=32581"}],"wp:term":[{"taxonomy":"product_brand","embeddable":true,"href":"https:\/\/as-schwabe.de\/pl\/wp-json\/wp\/v2\/genre?post=32581"},{"taxonomy":"product_cat","embeddable":true,"href":"https:\/\/as-schwabe.de\/pl\/wp-json\/wp\/v2\/product_cat?post=32581"},{"taxonomy":"product_tag","embeddable":true,"href":"https:\/\/as-schwabe.de\/pl\/wp-json\/wp\/v2\/product_tag?post=32581"}],"curies":[{"name":"wp","href":"https:\/\/api.w.org\/{rel}","templated":true}]}}