{"id":32579,"date":"2025-09-26T23:34:11","date_gmt":"2025-09-26T23:34:11","guid":{"rendered":"https:\/\/as-schwabe.de\/produkt\/gniazdo-cee-top-xtra-400-v-125-a-5p-6h-czerwone-61429\/"},"modified":"2025-10-23T00:17:50","modified_gmt":"2025-10-23T00:17:50","slug":"gniazdo-cee-top-xtra-400-v-125-a-5p-6h-czerwone-61429","status":"publish","type":"product","link":"https:\/\/as-schwabe.de\/pl\/produkt\/gniazdo-cee-top-xtra-400-v-125-a-5p-6h-czerwone-61429\/","title":{"rendered":"Gniazdo CEE 400 V, 125 A, 5P 6h, CZE IP67 | 61429"},"content":{"rendered":"<p>Gniazdo CEE TOP Xtra 400 V, 125 A, 5P 6h w kolorze czerwonym to niezawodne rozwi\u0105zanie do zasilania urz\u0105dze\u0144 elektrycznych w trudnych warunkach, idealne do u\u017cytku na zewn\u0105trz oraz na budowach. Dzi\u0119ki zaciskom \u015brubowym przystosowanym do przewod\u00f3w o maksymalnym przekroju 35 mm\u00b2, zapewnia solidne i trwa\u0142e po\u0142\u0105czenie, co wp\u0142ywa na bezpiecze\u0144stwo i stabilno\u015b\u0107 zasilania. Klasa ochrony IP44 chroni przed szkodliwym dzia\u0142aniem wody i obiekt\u00f3w sta\u0142ych, co sprawia, \u017ce gniazdo sprawdzi si\u0119 w r\u00f3\u017cnych warunkach atmosferycznych. Oferowane rozwi\u0105zanie wyr\u00f3\u017cnia si\u0119 tak\u017ce wysok\u0105 wydajno\u015bci\u0105 pr\u0105dow\u0105, co czyni je doskona\u0142ym wyborem dla profesjonalnych zastosowa\u0144 w bran\u017cy budowlanej i przemys\u0142owej.<\/p>","protected":false},"excerpt":{"rendered":"<div class=\"icons\" style=\"display: flex; flex-wrap: wrap; gap: 5px; align-items: center; margin-top: 10px;\"><img decoding=\"async\" src=\"https:\/\/as-schwabe.de\/wp-content\/uploads\/ikony\/znak_CE.png\" alt=\"\" width=\"50\" height=\"50\" \/><img decoding=\"async\" src=\"https:\/\/as-schwabe.de\/wp-content\/uploads\/ikony\/znak_IP67.png\" alt=\"\" width=\"50\" height=\"50\" \/><img decoding=\"async\" src=\"https:\/\/as-schwabe.de\/wp-content\/uploads\/ikony\/znak_PB.png\" alt=\"\" width=\"50\" height=\"50\" \/><img loading=\"lazy\" decoding=\"async\" src=\"https:\/\/as-schwabe.de\/wp-content\/uploads\/ikony\/znak_Z.png\" alt=\"\" width=\"50\" height=\"50\" \/><img loading=\"lazy\" decoding=\"async\" src=\"https:\/\/as-schwabe.de\/wp-content\/uploads\/ikony\/znak_D.png\" alt=\"\" width=\"50\" height=\"50\" \/><img loading=\"lazy\" decoding=\"async\" src=\"https:\/\/as-schwabe.de\/wp-content\/uploads\/ikony\/znak_DE.png\" alt=\"\" width=\"50\" height=\"40\" \/><\/div>\n<ul>\n<li>Gniazdo CEE IP67 400 V, 125 A, 5P 6h <\/li>\n<li>wysokiej jako\u015bci z\u0142\u0105cza najnowszej generacji z odporn\u0105 na uderzenia, bryzgoszczeln\u0105 obudow\u0105 z poliamidu <\/li>\n<li>z zaciskami \u015brubowymi do pod\u0142\u0105czenia kabla <\/li>\n<li>d\u0142awnica kablowa z uszczelk\u0105 (IP67) <\/li>\n<li>odci\u0105\u017cka <\/li>\n<li>z gumowanymi powierzchniami chwytnymi <\/li>\n<li>wyprodukowano w Niemczech<\/li>\n<\/ul>","protected":false},"featured_media":31401,"template":"","meta":{"inline_featured_image":false},"genre":[509],"product_cat":[518,571],"product_tag":[],"class_list":{"0":"post-32579","1":"product","2":"type-product","3":"status-publish","4":"has-post-thumbnail","6":"product_brand-as-schwabe-pl","7":"product_cat-asortyment-produktow-cee-400-v-pl","8":"product_cat-wtyczki-i-gniazda-cee-pl","10":"first","11":"instock","12":"shipping-taxable","13":"product-type-simple"},"aioseo_notices":[],"_links":{"self":[{"href":"https:\/\/as-schwabe.de\/pl\/wp-json\/wp\/v2\/product\/32579","targetHints":{"allow":["GET"]}}],"collection":[{"href":"https:\/\/as-schwabe.de\/pl\/wp-json\/wp\/v2\/product"}],"about":[{"href":"https:\/\/as-schwabe.de\/pl\/wp-json\/wp\/v2\/types\/product"}],"version-history":[{"count":0,"href":"https:\/\/as-schwabe.de\/pl\/wp-json\/wp\/v2\/product\/32579\/revisions"}],"wp:featuredmedia":[{"embeddable":true,"href":"https:\/\/as-schwabe.de\/pl\/wp-json\/wp\/v2\/media\/31401"}],"wp:attachment":[{"href":"https:\/\/as-schwabe.de\/pl\/wp-json\/wp\/v2\/media?parent=32579"}],"wp:term":[{"taxonomy":"product_brand","embeddable":true,"href":"https:\/\/as-schwabe.de\/pl\/wp-json\/wp\/v2\/genre?post=32579"},{"taxonomy":"product_cat","embeddable":true,"href":"https:\/\/as-schwabe.de\/pl\/wp-json\/wp\/v2\/product_cat?post=32579"},{"taxonomy":"product_tag","embeddable":true,"href":"https:\/\/as-schwabe.de\/pl\/wp-json\/wp\/v2\/product_tag?post=32579"}],"curies":[{"name":"wp","href":"https:\/\/api.w.org\/{rel}","templated":true}]}}