{"id":32578,"date":"2025-09-26T23:34:10","date_gmt":"2025-09-26T23:34:10","guid":{"rendered":"https:\/\/as-schwabe.de\/produkt\/gniazdo-cee-top-xtra-400-v-63-a-5p-6h-czerwone-61428\/"},"modified":"2025-10-23T00:17:50","modified_gmt":"2025-10-23T00:17:50","slug":"gniazdo-cee-top-xtra-400-v-63-a-5p-6h-czerwone-61428","status":"publish","type":"product","link":"https:\/\/as-schwabe.de\/pl\/produkt\/gniazdo-cee-top-xtra-400-v-63-a-5p-6h-czerwone-61428\/","title":{"rendered":"Gniazdo CEE 400 V, 63 A, 5P 6h, CZE IP44 | 61428"},"content":{"rendered":"<p>Gniazdo CEE TOP Xtra 400 V, 63 A, 5P 6h w kolorze czerwonym to zaawansowane rozwi\u0105zanie elektrotechniczne, przeznaczone do u\u017cytku na \u015bwie\u017cym powietrzu oraz w trudnych warunkach budowlanych. Wyposa\u017cone w zaciski \u015brubowe, umo\u017cliwia pod\u0142\u0105czenie przewod\u00f3w o maksymalnym przekroju do 16 mm\u00b2, co zapewnia solidne i niezawodne po\u0142\u0105czenie elektryczne. Klasa ochrony IP44 zapewnia odporno\u015b\u0107 na dzia\u0142anie wody i cia\u0142 sta\u0142ych, co czyni to gniazdo idealnym do zastosowa\u0144 zewn\u0119trznych. Dzi\u0119ki zastosowaniu pi\u0119ciu pin\u00f3w i odpowiedniej konstrukcji, gniazdo gwarantuje wysok\u0105 wydajno\u015b\u0107 oraz bezpiecze\u0144stwo u\u017cytkowania, co czyni je niezb\u0119dnym elementem w r\u00f3\u017cnorodnych instalacjach przemys\u0142owych i budowlanych.<\/p>","protected":false},"excerpt":{"rendered":"<div class=\"icons\" style=\"display: flex; flex-wrap: wrap; gap: 5px; align-items: center; margin-top: 10px;\"><img decoding=\"async\" src=\"https:\/\/as-schwabe.de\/wp-content\/uploads\/ikony\/znak_CE.png\" alt=\"\" width=\"50\" height=\"50\" \/><img decoding=\"async\" src=\"https:\/\/as-schwabe.de\/wp-content\/uploads\/ikony\/znak_IP44.png\" alt=\"\" width=\"50\" height=\"50\" \/><img decoding=\"async\" src=\"https:\/\/as-schwabe.de\/wp-content\/uploads\/ikony\/znak_PB.png\" alt=\"\" width=\"50\" height=\"50\" \/><img loading=\"lazy\" decoding=\"async\" src=\"https:\/\/as-schwabe.de\/wp-content\/uploads\/ikony\/znak_Z.png\" alt=\"\" width=\"50\" height=\"50\" \/><img loading=\"lazy\" decoding=\"async\" src=\"https:\/\/as-schwabe.de\/wp-content\/uploads\/ikony\/znak_D.png\" alt=\"\" width=\"50\" height=\"50\" \/><img loading=\"lazy\" decoding=\"async\" src=\"https:\/\/as-schwabe.de\/wp-content\/uploads\/ikony\/znak_DE.png\" alt=\"\" width=\"50\" height=\"40\" \/><\/div>\n<ul>\n<li>Gniazdo CEE IP44 400 V, 63 A, 5P 6h <\/li>\n<li>wysokiej jako\u015bci z\u0142\u0105cza najnowszej generacji z odporn\u0105 na uderzenia, bryzgoszczeln\u0105 obudow\u0105 z poliamidu <\/li>\n<li>z zaciskami \u015brubowymi do pod\u0142\u0105czenia kabla <\/li>\n<li>d\u0142awnica kablowa z uszczelk\u0105 (IP67) <\/li>\n<li>odci\u0105\u017cka <\/li>\n<li>z gumowanymi powierzchniami chwytnymi <\/li>\n<li>wyprodukowano w Niemczech<\/li>\n<\/ul>","protected":false},"featured_media":31398,"template":"","meta":{"inline_featured_image":false},"genre":[509],"product_cat":[518,571],"product_tag":[],"class_list":{"0":"post-32578","1":"product","2":"type-product","3":"status-publish","4":"has-post-thumbnail","6":"product_brand-as-schwabe-pl","7":"product_cat-asortyment-produktow-cee-400-v-pl","8":"product_cat-wtyczki-i-gniazda-cee-pl","10":"first","11":"instock","12":"shipping-taxable","13":"product-type-simple"},"aioseo_notices":[],"_links":{"self":[{"href":"https:\/\/as-schwabe.de\/pl\/wp-json\/wp\/v2\/product\/32578","targetHints":{"allow":["GET"]}}],"collection":[{"href":"https:\/\/as-schwabe.de\/pl\/wp-json\/wp\/v2\/product"}],"about":[{"href":"https:\/\/as-schwabe.de\/pl\/wp-json\/wp\/v2\/types\/product"}],"version-history":[{"count":0,"href":"https:\/\/as-schwabe.de\/pl\/wp-json\/wp\/v2\/product\/32578\/revisions"}],"wp:featuredmedia":[{"embeddable":true,"href":"https:\/\/as-schwabe.de\/pl\/wp-json\/wp\/v2\/media\/31398"}],"wp:attachment":[{"href":"https:\/\/as-schwabe.de\/pl\/wp-json\/wp\/v2\/media?parent=32578"}],"wp:term":[{"taxonomy":"product_brand","embeddable":true,"href":"https:\/\/as-schwabe.de\/pl\/wp-json\/wp\/v2\/genre?post=32578"},{"taxonomy":"product_cat","embeddable":true,"href":"https:\/\/as-schwabe.de\/pl\/wp-json\/wp\/v2\/product_cat?post=32578"},{"taxonomy":"product_tag","embeddable":true,"href":"https:\/\/as-schwabe.de\/pl\/wp-json\/wp\/v2\/product_tag?post=32578"}],"curies":[{"name":"wp","href":"https:\/\/api.w.org\/{rel}","templated":true}]}}