{"id":32577,"date":"2025-09-26T23:34:09","date_gmt":"2025-09-26T23:34:09","guid":{"rendered":"https:\/\/as-schwabe.de\/produkt\/gniazdo-cee-400-v-32-a-6h-czerwone-61427\/"},"modified":"2025-10-23T00:17:49","modified_gmt":"2025-10-23T00:17:49","slug":"gniazdo-cee-400-v-32-a-6h-czerwone-61427","status":"publish","type":"product","link":"https:\/\/as-schwabe.de\/pl\/produkt\/gniazdo-cee-400-v-32-a-6h-czerwone-61427\/","title":{"rendered":"Gniazdo CEE 400 V, 32 A, 5P 6h, CZE IP44 | 61427"},"content":{"rendered":"<p>Gniazdo CEE 400 V, 32 A, 5P 6h w kolorze czerwonym to niezawodne rozwi\u0105zanie do u\u017cytku zewn\u0119trznego i na placach budowy. Dzi\u0119ki swoim parametrom technicznym, takim jak maksymalne obci\u0105\u017cenie 32 A oraz pi\u0119ciobiegowa konstrukcja, gniazdo zapewnia wysok\u0105 wydajno\u015b\u0107 i bezpiecze\u0144stwo u\u017cytkowania. Zaciski \u015brubowe umo\u017cliwiaj\u0105 pod\u0142\u0105czenie przewod\u00f3w o maksymalnym przekroju do 6 mm\u00b2, co zwi\u0119ksza elastyczno\u015b\u0107 w r\u00f3\u017cnych zastosowaniach. Z klas\u0105 szczelno\u015bci IP44, produkt jest odporny na dzia\u0142anie wilgoci i cia\u0142 obcych, co czyni go idealnym wyborem do pracy w trudnych warunkach. Gniazdo CEE to solidne rozwi\u0105zanie dla profesjonalist\u00f3w, kt\u00f3rzy ceni\u0105 sobie jako\u015b\u0107 i bezpiecze\u0144stwo w codziennej pracy.<\/p>","protected":false},"excerpt":{"rendered":"<div class=\"icons\" style=\"display: flex; flex-wrap: wrap; gap: 5px; align-items: center; margin-top: 10px;\"><img decoding=\"async\" src=\"https:\/\/as-schwabe.de\/wp-content\/uploads\/ikony\/znak_CE.png\" alt=\"\" width=\"50\" height=\"50\" \/><img decoding=\"async\" src=\"https:\/\/as-schwabe.de\/wp-content\/uploads\/ikony\/znak_IP44.png\" alt=\"\" width=\"50\" height=\"50\" \/><img decoding=\"async\" src=\"https:\/\/as-schwabe.de\/wp-content\/uploads\/ikony\/znak_PB.png\" alt=\"\" width=\"50\" height=\"50\" \/><img loading=\"lazy\" decoding=\"async\" src=\"https:\/\/as-schwabe.de\/wp-content\/uploads\/ikony\/znak_Z.png\" alt=\"\" width=\"50\" height=\"50\" \/><img loading=\"lazy\" decoding=\"async\" src=\"https:\/\/as-schwabe.de\/wp-content\/uploads\/ikony\/znak_D.png\" alt=\"\" width=\"50\" height=\"50\" \/><img loading=\"lazy\" decoding=\"async\" src=\"https:\/\/as-schwabe.de\/wp-content\/uploads\/ikony\/znak_DE.png\" alt=\"\" width=\"50\" height=\"40\" \/><\/div>\n<ul>\n<li>Gniazdo CEE 400 V, 32 A, 5P 6h <\/li>\n<li>wysokiej jako\u015bci gniazda najnowszej generacji z odporn\u0105 na uderzenia, bryzgoszczeln\u0105 obudow\u0105 z poliamidu <\/li>\n<li>obudowa z gwintowanym zamkni\u0119ciem <\/li>\n<li>z zaciskami \u015brubowymi do pod\u0142\u0105czenia kabla <\/li>\n<li>d\u0142awnica kablowa z uszczelk\u0105 <\/li>\n<li>odci\u0105\u017cka <\/li>\n<li>wyprodukowano w Niemczech<\/li>\n<\/ul>","protected":false},"featured_media":31392,"template":"","meta":{"inline_featured_image":false},"genre":[509],"product_cat":[518,571],"product_tag":[],"class_list":{"0":"post-32577","1":"product","2":"type-product","3":"status-publish","4":"has-post-thumbnail","6":"product_brand-as-schwabe-pl","7":"product_cat-asortyment-produktow-cee-400-v-pl","8":"product_cat-wtyczki-i-gniazda-cee-pl","10":"first","11":"instock","12":"shipping-taxable","13":"product-type-simple"},"aioseo_notices":[],"_links":{"self":[{"href":"https:\/\/as-schwabe.de\/pl\/wp-json\/wp\/v2\/product\/32577","targetHints":{"allow":["GET"]}}],"collection":[{"href":"https:\/\/as-schwabe.de\/pl\/wp-json\/wp\/v2\/product"}],"about":[{"href":"https:\/\/as-schwabe.de\/pl\/wp-json\/wp\/v2\/types\/product"}],"version-history":[{"count":0,"href":"https:\/\/as-schwabe.de\/pl\/wp-json\/wp\/v2\/product\/32577\/revisions"}],"wp:featuredmedia":[{"embeddable":true,"href":"https:\/\/as-schwabe.de\/pl\/wp-json\/wp\/v2\/media\/31392"}],"wp:attachment":[{"href":"https:\/\/as-schwabe.de\/pl\/wp-json\/wp\/v2\/media?parent=32577"}],"wp:term":[{"taxonomy":"product_brand","embeddable":true,"href":"https:\/\/as-schwabe.de\/pl\/wp-json\/wp\/v2\/genre?post=32577"},{"taxonomy":"product_cat","embeddable":true,"href":"https:\/\/as-schwabe.de\/pl\/wp-json\/wp\/v2\/product_cat?post=32577"},{"taxonomy":"product_tag","embeddable":true,"href":"https:\/\/as-schwabe.de\/pl\/wp-json\/wp\/v2\/product_tag?post=32577"}],"curies":[{"name":"wp","href":"https:\/\/api.w.org\/{rel}","templated":true}]}}