{"id":32574,"date":"2025-09-26T23:34:06","date_gmt":"2025-09-26T23:34:06","guid":{"rendered":"https:\/\/as-schwabe.de\/produkt\/wtyczka-cee-top-xtra-400-v-63-a-5p-6h-czerwona-61423\/"},"modified":"2025-10-23T00:17:48","modified_gmt":"2025-10-23T00:17:48","slug":"wtyczka-cee-top-xtra-400-v-63-a-5p-6h-czerwona-61423","status":"publish","type":"product","link":"https:\/\/as-schwabe.de\/pl\/produkt\/wtyczka-cee-top-xtra-400-v-63-a-5p-6h-czerwona-61423\/","title":{"rendered":"Wtyczka CEE 400 V, 63 A, 5P 6h, CZE IP44 | 61423"},"content":{"rendered":"<p>Wtyczka CEE TOP Xtra 400 V, 63 A, 5P 6h w kolorze czerwonym to niezawodne rozwi\u0105zanie do zastosowa\u0144 zewn\u0119trznych oraz na budowach. Dzi\u0119ki wysokiej odporno\u015bci na warunki atmosferyczne (IP44), idealnie sprawdzi si\u0119 w trudnych \u015brodowiskach. Posiada zaciski \u015brubowe, kt\u00f3re umo\u017cliwiaj\u0105 pod\u0142\u0105czenie przewod\u00f3w o maksymalnym przekroju 16 mm\u00b2, co zapewnia bezpieczne i stabilne po\u0142\u0105czenie elektryczne. Produkt ten charakteryzuje si\u0119 \u0142atwym monta\u017cem oraz du\u017c\u0105 wytrzyma\u0142o\u015bci\u0105, co czyni go doskona\u0142ym wyborem dla profesjonalist\u00f3w w bran\u017cy budowlanej i przemys\u0142owej. Wtyczka CEE TOP Xtra to gwarancja wysokiej jako\u015bci i efektywno\u015bci u\u017cytkowania.<\/p>","protected":false},"excerpt":{"rendered":"<div class=\"icons\" style=\"display: flex; flex-wrap: wrap; gap: 5px; align-items: center; margin-top: 10px;\"><img decoding=\"async\" src=\"https:\/\/as-schwabe.de\/wp-content\/uploads\/ikony\/znak_CE.png\" alt=\"\" width=\"50\" height=\"50\" \/><img decoding=\"async\" src=\"https:\/\/as-schwabe.de\/wp-content\/uploads\/ikony\/znak_IP44.png\" alt=\"\" width=\"50\" height=\"50\" \/><img decoding=\"async\" src=\"https:\/\/as-schwabe.de\/wp-content\/uploads\/ikony\/znak_PB.png\" alt=\"\" width=\"50\" height=\"50\" \/><img loading=\"lazy\" decoding=\"async\" src=\"https:\/\/as-schwabe.de\/wp-content\/uploads\/ikony\/znak_Z.png\" alt=\"\" width=\"50\" height=\"50\" \/><img loading=\"lazy\" decoding=\"async\" src=\"https:\/\/as-schwabe.de\/wp-content\/uploads\/ikony\/znak_D.png\" alt=\"\" width=\"50\" height=\"50\" \/><img loading=\"lazy\" decoding=\"async\" src=\"https:\/\/as-schwabe.de\/wp-content\/uploads\/ikony\/znak_DE.png\" alt=\"\" width=\"50\" height=\"40\" \/><\/div>\n<ul>\n<li>Wtyczka CEE IP44 400 V, 63 A, 5P 6h <\/li>\n<li>wysokiej jako\u015bci z\u0142\u0105cza najnowszej generacji z odporn\u0105 na uderzenia, bryzgoszczeln\u0105 obudow\u0105 z poliamidu <\/li>\n<li>z zaciskami \u015brubowymi do pod\u0142\u0105czenia kabla <\/li>\n<li>d\u0142awnica kablowa z uszczelk\u0105 (IP67) <\/li>\n<li>odci\u0105\u017cka <\/li>\n<li>z gumowanymi powierzchniami chwytnymi <\/li>\n<li>wyprodukowano w Niemczech<\/li>\n<\/ul>","protected":false},"featured_media":31381,"template":"","meta":{"inline_featured_image":false},"genre":[509],"product_cat":[518,571],"product_tag":[],"class_list":{"0":"post-32574","1":"product","2":"type-product","3":"status-publish","4":"has-post-thumbnail","6":"product_brand-as-schwabe-pl","7":"product_cat-asortyment-produktow-cee-400-v-pl","8":"product_cat-wtyczki-i-gniazda-cee-pl","10":"first","11":"instock","12":"shipping-taxable","13":"product-type-simple"},"aioseo_notices":[],"_links":{"self":[{"href":"https:\/\/as-schwabe.de\/pl\/wp-json\/wp\/v2\/product\/32574","targetHints":{"allow":["GET"]}}],"collection":[{"href":"https:\/\/as-schwabe.de\/pl\/wp-json\/wp\/v2\/product"}],"about":[{"href":"https:\/\/as-schwabe.de\/pl\/wp-json\/wp\/v2\/types\/product"}],"version-history":[{"count":0,"href":"https:\/\/as-schwabe.de\/pl\/wp-json\/wp\/v2\/product\/32574\/revisions"}],"wp:featuredmedia":[{"embeddable":true,"href":"https:\/\/as-schwabe.de\/pl\/wp-json\/wp\/v2\/media\/31381"}],"wp:attachment":[{"href":"https:\/\/as-schwabe.de\/pl\/wp-json\/wp\/v2\/media?parent=32574"}],"wp:term":[{"taxonomy":"product_brand","embeddable":true,"href":"https:\/\/as-schwabe.de\/pl\/wp-json\/wp\/v2\/genre?post=32574"},{"taxonomy":"product_cat","embeddable":true,"href":"https:\/\/as-schwabe.de\/pl\/wp-json\/wp\/v2\/product_cat?post=32574"},{"taxonomy":"product_tag","embeddable":true,"href":"https:\/\/as-schwabe.de\/pl\/wp-json\/wp\/v2\/product_tag?post=32574"}],"curies":[{"name":"wp","href":"https:\/\/api.w.org\/{rel}","templated":true}]}}