{"id":32573,"date":"2025-09-26T23:34:05","date_gmt":"2025-09-26T23:34:05","guid":{"rendered":"https:\/\/as-schwabe.de\/produkt\/wtyczka-cee-400-v-32-a-6h-czerwona-61422\/"},"modified":"2025-10-23T00:17:48","modified_gmt":"2025-10-23T00:17:48","slug":"wtyczka-cee-400-v-32-a-6h-czerwona-61422","status":"publish","type":"product","link":"https:\/\/as-schwabe.de\/pl\/produkt\/wtyczka-cee-400-v-32-a-6h-czerwona-61422\/","title":{"rendered":"Wtyczka CEE 400 V, 32 A, 5P 6h, CZE IP44 | 61422"},"content":{"rendered":"<p>Wtyczka CEE o napi\u0119ciu 400 V i pr\u0105dzie 32 A, wykonana w standardzie 5P 6h, to niezawodne rozwi\u0105zanie do zastosowa\u0144 w trudnych warunkach, zar\u00f3wno na zewn\u0105trz, jak i na placach budowy. Jej konstrukcja z czerwonego tworzywa zapewnia wysok\u0105 widoczno\u015b\u0107 oraz odporno\u015b\u0107 na warunki atmosferyczne. Zastosowanie zacisk\u00f3w \u015brubowych umo\u017cliwia pod\u0142\u0105czenie przewod\u00f3w o maksymalnym przekroju 6 mm\u00b2, co przek\u0142ada si\u0119 na solidne i bezpieczne po\u0142\u0105czenie. Klasa ochrony IP44 gwarantuje odporno\u015b\u0107 na het od py\u0142u i zachlapania, co jest kluczowe w trudnych warunkach eksploatacyjnych. Wybieraj\u0105c t\u0119 wtyczk\u0119, zyskujesz pewno\u015b\u0107 i bezpiecze\u0144stwo podczas zasilania urz\u0105dze\u0144 w wymagaj\u0105cych \u015brodowiskach.<\/p>","protected":false},"excerpt":{"rendered":"<div class=\"icons\" style=\"display: flex; flex-wrap: wrap; gap: 5px; align-items: center; margin-top: 10px;\"><img decoding=\"async\" src=\"https:\/\/as-schwabe.de\/wp-content\/uploads\/ikony\/znak_CE.png\" alt=\"\" width=\"50\" height=\"50\" \/><img decoding=\"async\" src=\"https:\/\/as-schwabe.de\/wp-content\/uploads\/ikony\/znak_IP44.png\" alt=\"\" width=\"50\" height=\"50\" \/><img decoding=\"async\" src=\"https:\/\/as-schwabe.de\/wp-content\/uploads\/ikony\/znak_PB.png\" alt=\"\" width=\"50\" height=\"50\" \/><img loading=\"lazy\" decoding=\"async\" src=\"https:\/\/as-schwabe.de\/wp-content\/uploads\/ikony\/znak_Z.png\" alt=\"\" width=\"50\" height=\"50\" \/><img loading=\"lazy\" decoding=\"async\" src=\"https:\/\/as-schwabe.de\/wp-content\/uploads\/ikony\/znak_D.png\" alt=\"\" width=\"50\" height=\"50\" \/><img loading=\"lazy\" decoding=\"async\" src=\"https:\/\/as-schwabe.de\/wp-content\/uploads\/ikony\/znak_DE.png\" alt=\"\" width=\"50\" height=\"40\" \/><\/div>\n<ul>\n<li>Wtyczka CEE 400 V, 32 A, 5P 6h <\/li>\n<li>wysokiej jako\u015bci wtyczki najnowszej generacji z odporn\u0105 na uderzenia, bryzgoszczeln\u0105 obudow\u0105 z poliamidu <\/li>\n<li>obudowa z gwintowanym zamkni\u0119ciem <\/li>\n<li>z zaciskami \u015brubowymi do pod\u0142\u0105czenia kabla <\/li>\n<li>d\u0142awnica kablowa z uszczelk\u0105 <\/li>\n<li>odci\u0105\u017cka <\/li>\n<li>wyprodukowano w Niemczech<\/li>\n<\/ul>","protected":false},"featured_media":31370,"template":"","meta":{"inline_featured_image":false},"genre":[509],"product_cat":[518,571],"product_tag":[],"class_list":{"0":"post-32573","1":"product","2":"type-product","3":"status-publish","4":"has-post-thumbnail","6":"product_brand-as-schwabe-pl","7":"product_cat-asortyment-produktow-cee-400-v-pl","8":"product_cat-wtyczki-i-gniazda-cee-pl","10":"first","11":"instock","12":"shipping-taxable","13":"product-type-simple"},"aioseo_notices":[],"_links":{"self":[{"href":"https:\/\/as-schwabe.de\/pl\/wp-json\/wp\/v2\/product\/32573","targetHints":{"allow":["GET"]}}],"collection":[{"href":"https:\/\/as-schwabe.de\/pl\/wp-json\/wp\/v2\/product"}],"about":[{"href":"https:\/\/as-schwabe.de\/pl\/wp-json\/wp\/v2\/types\/product"}],"version-history":[{"count":0,"href":"https:\/\/as-schwabe.de\/pl\/wp-json\/wp\/v2\/product\/32573\/revisions"}],"wp:featuredmedia":[{"embeddable":true,"href":"https:\/\/as-schwabe.de\/pl\/wp-json\/wp\/v2\/media\/31370"}],"wp:attachment":[{"href":"https:\/\/as-schwabe.de\/pl\/wp-json\/wp\/v2\/media?parent=32573"}],"wp:term":[{"taxonomy":"product_brand","embeddable":true,"href":"https:\/\/as-schwabe.de\/pl\/wp-json\/wp\/v2\/genre?post=32573"},{"taxonomy":"product_cat","embeddable":true,"href":"https:\/\/as-schwabe.de\/pl\/wp-json\/wp\/v2\/product_cat?post=32573"},{"taxonomy":"product_tag","embeddable":true,"href":"https:\/\/as-schwabe.de\/pl\/wp-json\/wp\/v2\/product_tag?post=32573"}],"curies":[{"name":"wp","href":"https:\/\/api.w.org\/{rel}","templated":true}]}}