{"id":32572,"date":"2025-09-26T23:34:05","date_gmt":"2025-09-26T23:34:05","guid":{"rendered":"https:\/\/as-schwabe.de\/produkt\/wtyczka-cee-400-v-16-a-6h-czerwona-61420\/"},"modified":"2025-10-23T00:17:47","modified_gmt":"2025-10-23T00:17:47","slug":"wtyczka-cee-400-v-16-a-6h-czerwona-61420","status":"publish","type":"product","link":"https:\/\/as-schwabe.de\/pl\/produkt\/wtyczka-cee-400-v-16-a-6h-czerwona-61420\/","title":{"rendered":"Wtyczka CEE 400 V, 16 A, 5P 6h, CZE IP44 | 61420"},"content":{"rendered":"<p>Wtyczka CEE 400 V, 16 A, 5P 6h w kolorze czerwonym to niezawodne rozwi\u0105zanie dla wszelkich aplikacji wymagaj\u0105cych bezpiecznego zasilania w trudnych warunkach, zar\u00f3wno na zewn\u0105trz, jak i na budowie. Dzi\u0119ki swoim pi\u0119ciu pinom oraz zaciskom \u015brubowym przystosowanym do przewod\u00f3w o maksymalnym przekroju 2,5 mm\u00b2, wtyczka zapewnia stabilne i solidne po\u0142\u0105czenie elektryczne. Stopie\u0144 ochrony IP44 gwarantuje odporno\u015b\u0107 na wilgo\u0107 i zanieczyszczenia, co czyni j\u0105 idealnym wyborem do stosowania w r\u00f3\u017cnych \u015brodowiskach. Ponadto, \u0142atwy monta\u017c oraz wysoka jako\u015b\u0107 materia\u0142\u00f3w u\u017cytych w produkcie zapewniaj\u0105 d\u0142ugotrwa\u0142e u\u017cytkowanie i bezpiecze\u0144stwo. Wtyczka ta to doskona\u0142e narz\u0119dzie dla profesjonalist\u00f3w poszukuj\u0105cych niezawodnych komponent\u00f3w do instalacji elektrycznych.<\/p>","protected":false},"excerpt":{"rendered":"<div class=\"icons\" style=\"display: flex; flex-wrap: wrap; gap: 5px; align-items: center; margin-top: 10px;\"><img decoding=\"async\" src=\"https:\/\/as-schwabe.de\/wp-content\/uploads\/ikony\/znak_CE.png\" alt=\"\" width=\"50\" height=\"50\" \/><img decoding=\"async\" src=\"https:\/\/as-schwabe.de\/wp-content\/uploads\/ikony\/znak_IP44.png\" alt=\"\" width=\"50\" height=\"50\" \/><img decoding=\"async\" src=\"https:\/\/as-schwabe.de\/wp-content\/uploads\/ikony\/znak_PB.png\" alt=\"\" width=\"50\" height=\"50\" \/><img loading=\"lazy\" decoding=\"async\" src=\"https:\/\/as-schwabe.de\/wp-content\/uploads\/ikony\/znak_Z.png\" alt=\"\" width=\"50\" height=\"50\" \/><img loading=\"lazy\" decoding=\"async\" src=\"https:\/\/as-schwabe.de\/wp-content\/uploads\/ikony\/znak_D.png\" alt=\"\" width=\"50\" height=\"50\" \/><img loading=\"lazy\" decoding=\"async\" src=\"https:\/\/as-schwabe.de\/wp-content\/uploads\/ikony\/znak_DE.png\" alt=\"\" width=\"50\" height=\"40\" \/><\/div>\n<ul>\n<li>Wtyczka CEE 400 V, 16 A, 5P 6h <\/li>\n<li>wysokiej jako\u015bci wtyczki najnowszej generacji z odporn\u0105 na uderzenia, bryzgoszczeln\u0105 obudow\u0105 z poliamidu <\/li>\n<li>obudowa z gwintowanym zamkni\u0119ciem <\/li>\n<li>z zaciskami \u015brubowymi do pod\u0142\u0105czenia kabla <\/li>\n<li>d\u0142awnica kablowa z uszczelk\u0105 <\/li>\n<li>odci\u0105\u017cka <\/li>\n<li>wyprodukowano w Niemczech<\/li>\n<\/ul>","protected":false},"featured_media":35063,"template":"","meta":{"inline_featured_image":false},"genre":[509],"product_cat":[518,571],"product_tag":[],"class_list":{"0":"post-32572","1":"product","2":"type-product","3":"status-publish","4":"has-post-thumbnail","6":"product_brand-as-schwabe-pl","7":"product_cat-asortyment-produktow-cee-400-v-pl","8":"product_cat-wtyczki-i-gniazda-cee-pl","10":"first","11":"instock","12":"shipping-taxable","13":"product-type-simple"},"aioseo_notices":[],"_links":{"self":[{"href":"https:\/\/as-schwabe.de\/pl\/wp-json\/wp\/v2\/product\/32572","targetHints":{"allow":["GET"]}}],"collection":[{"href":"https:\/\/as-schwabe.de\/pl\/wp-json\/wp\/v2\/product"}],"about":[{"href":"https:\/\/as-schwabe.de\/pl\/wp-json\/wp\/v2\/types\/product"}],"version-history":[{"count":0,"href":"https:\/\/as-schwabe.de\/pl\/wp-json\/wp\/v2\/product\/32572\/revisions"}],"wp:featuredmedia":[{"embeddable":true,"href":"https:\/\/as-schwabe.de\/pl\/wp-json\/wp\/v2\/media\/35063"}],"wp:attachment":[{"href":"https:\/\/as-schwabe.de\/pl\/wp-json\/wp\/v2\/media?parent=32572"}],"wp:term":[{"taxonomy":"product_brand","embeddable":true,"href":"https:\/\/as-schwabe.de\/pl\/wp-json\/wp\/v2\/genre?post=32572"},{"taxonomy":"product_cat","embeddable":true,"href":"https:\/\/as-schwabe.de\/pl\/wp-json\/wp\/v2\/product_cat?post=32572"},{"taxonomy":"product_tag","embeddable":true,"href":"https:\/\/as-schwabe.de\/pl\/wp-json\/wp\/v2\/product_tag?post=32572"}],"curies":[{"name":"wp","href":"https:\/\/api.w.org\/{rel}","templated":true}]}}