{"id":32571,"date":"2025-09-26T23:34:04","date_gmt":"2025-09-26T23:34:04","guid":{"rendered":"https:\/\/as-schwabe.de\/produkt\/wtyczka-gumowa-z-uziemieniem-do-25mm2-230-v-16-a-2pz-czarna-61412\/"},"modified":"2025-10-23T00:17:47","modified_gmt":"2025-10-23T00:17:47","slug":"wtyczka-gumowa-z-uziemieniem-do-25mm2-230-v-16-a-2pz-czarna-61412","status":"publish","type":"product","link":"https:\/\/as-schwabe.de\/pl\/produkt\/wtyczka-gumowa-z-uziemieniem-do-25mm2-230-v-16-a-2pz-czarna-61412\/","title":{"rendered":"Wtyczka gumowa z uziemieniem do maks. 2,5 mm2 230 V, 16 A, 2P+Z CZA IP44 | 61412"},"content":{"rendered":"<p>Wtyczka gumowa z uziemieniem 230 V, 16 A, 2P+Z w kolorze czarnym to solidne rozwi\u0105zanie do zastosowa\u0144 na zewn\u0105trz oraz na budowie. Posiada maksymalne przekroje przewod\u00f3w do 2,5 mm\u00b2, co zapewnia efektywny przesy\u0142 energii elektrycznej. Dzi\u0119ki stopniowi ochrony IP44, wtyczka jest odporna na zachlapania oraz drobne cia\u0142a sta\u0142e, co zwi\u0119ksza jej trwa\u0142o\u015b\u0107 i bezpiecze\u0144stwo u\u017cytkowania w trudnych warunkach. Ergonomiczny kszta\u0142t oraz zastosowanie wysokiej jako\u015bci materia\u0142\u00f3w czyni\u0105 j\u0105 niezawodnym wsparciem w r\u00f3\u017cnych aplikacjach, gwarantuj\u0105c pewne i stabilne po\u0142\u0105czenie elektryczne. Jej funkcjonalno\u015b\u0107 oraz bezpiecze\u0144stwo sprawiaj\u0105, \u017ce jest idealnym wyborem dla profesjonalist\u00f3w w bran\u017cy budowlanej oraz dla os\u00f3b poszukuj\u0105cych sprawdzonego wyposa\u017cenia do prac w terenie.<\/p>","protected":false},"excerpt":{"rendered":"<div class=\"icons\" style=\"display: flex; flex-wrap: wrap; gap: 5px; align-items: center; margin-top: 10px;\"><img decoding=\"async\" src=\"https:\/\/as-schwabe.de\/wp-content\/uploads\/ikony\/znak_IP44.png\" alt=\"\" width=\"50\" height=\"50\" \/><img decoding=\"async\" src=\"https:\/\/as-schwabe.de\/wp-content\/uploads\/ikony\/znak_PB.png\" alt=\"\" width=\"50\" height=\"50\" \/><img decoding=\"async\" src=\"https:\/\/as-schwabe.de\/wp-content\/uploads\/ikony\/znak_Z.png\" alt=\"\" width=\"50\" height=\"50\" \/><img loading=\"lazy\" decoding=\"async\" src=\"https:\/\/as-schwabe.de\/wp-content\/uploads\/ikony\/znak_D.png\" alt=\"\" width=\"50\" height=\"50\" \/><img loading=\"lazy\" decoding=\"async\" src=\"https:\/\/as-schwabe.de\/wp-content\/uploads\/ikony\/znak_DE.png\" alt=\"\" width=\"50\" height=\"40\" \/><\/div>\n<ul>\n<li>wtyczka <\/li>\n<li>wersje o du\u017cej wytrzyma\u0142o\u015bci do trudnych zastosowa\u0144 na placach budowy <\/li>\n<li>IP44: chroniony przed cia\u0142ami obcymi i bryzgami wody <\/li>\n<li>230 V, 16 A<\/li>\n<\/ul>","protected":false},"featured_media":31364,"template":"","meta":{"inline_featured_image":false},"genre":[509],"product_cat":[523,524],"product_tag":[],"class_list":{"0":"post-32571","1":"product","2":"type-product","3":"status-publish","4":"has-post-thumbnail","6":"product_brand-as-schwabe-pl","7":"product_cat-produkty-do-samodzielnego-montazu-pl","8":"product_cat-wtyczki-i-gniazda-z-uziemieniem-pl","10":"first","11":"instock","12":"shipping-taxable","13":"product-type-simple"},"aioseo_notices":[],"_links":{"self":[{"href":"https:\/\/as-schwabe.de\/pl\/wp-json\/wp\/v2\/product\/32571","targetHints":{"allow":["GET"]}}],"collection":[{"href":"https:\/\/as-schwabe.de\/pl\/wp-json\/wp\/v2\/product"}],"about":[{"href":"https:\/\/as-schwabe.de\/pl\/wp-json\/wp\/v2\/types\/product"}],"version-history":[{"count":0,"href":"https:\/\/as-schwabe.de\/pl\/wp-json\/wp\/v2\/product\/32571\/revisions"}],"wp:featuredmedia":[{"embeddable":true,"href":"https:\/\/as-schwabe.de\/pl\/wp-json\/wp\/v2\/media\/31364"}],"wp:attachment":[{"href":"https:\/\/as-schwabe.de\/pl\/wp-json\/wp\/v2\/media?parent=32571"}],"wp:term":[{"taxonomy":"product_brand","embeddable":true,"href":"https:\/\/as-schwabe.de\/pl\/wp-json\/wp\/v2\/genre?post=32571"},{"taxonomy":"product_cat","embeddable":true,"href":"https:\/\/as-schwabe.de\/pl\/wp-json\/wp\/v2\/product_cat?post=32571"},{"taxonomy":"product_tag","embeddable":true,"href":"https:\/\/as-schwabe.de\/pl\/wp-json\/wp\/v2\/product_tag?post=32571"}],"curies":[{"name":"wp","href":"https:\/\/api.w.org\/{rel}","templated":true}]}}