{"id":32570,"date":"2025-09-26T23:34:03","date_gmt":"2025-09-26T23:34:03","guid":{"rendered":"https:\/\/as-schwabe.de\/produkt\/przedluzacz-cee-powerlight-230-v-16-a-3p-h07rn-f-3g25-25-m-61409\/"},"modified":"2025-10-23T00:17:47","modified_gmt":"2025-10-23T00:17:47","slug":"przedluzacz-cee-powerlight-230-v-16-a-3p-h07rn-f-3g25-25-m-61409","status":"publish","type":"product","link":"https:\/\/as-schwabe.de\/pl\/produkt\/przedluzacz-cee-powerlight-230-v-16-a-3p-h07rn-f-3g25-25-m-61409\/","title":{"rendered":"Przed\u0142u\u017cacz CEE 230 V, 16 A, 3P 25 m H07RN-F 3G2,5 | 61409"},"content":{"rendered":"<p>Przed\u0142u\u017cacz CEE 230 V, 16 A, 3P o d\u0142ugo\u015bci 1,5 m to niezawodne rozwi\u0105zanie do zasilania urz\u0105dze\u0144 elektrycznych w warunkach zewn\u0119trznych. Wysokiej jako\u015bci przew\u00f3d H07RN-F 3G2,5 w kolorze czarnym zapewnia nie tylko doskona\u0142\u0105 odporno\u015b\u0107 na warunki atmosferyczne, ale tak\u017ce bezpiecze\u0144stwo u\u017cytkowania. Dzi\u0119ki wtyczce oraz gniazdu CEE 230 V, 16 A, 3P z sygnalizacj\u0105 napi\u0119cia Powerlight, u\u017cytkownik ma pewno\u015b\u0107, \u017ce pod\u0142\u0105czone urz\u0105dzenia s\u0105 w\u0142a\u015bciwie zasilane. Przed\u0142u\u017cacz jest przystosowany do obci\u0105\u017ce\u0144 do 3500W i oferuje stopie\u0144 ochrony IP44, co czyni go idealnym do zastosowa\u0144 w ogrodzie, na budowie czy w innych wymagaj\u0105cych \u015brodowiskach. W zestawie znajduje si\u0119 ta\u015bma Velcro z metalowym uszkiem, co umo\u017cliwia wygodne zawieszanie i przechowywanie kabla.<\/p>","protected":false},"excerpt":{"rendered":"<div class=\"icons\" style=\"display: flex; flex-wrap: wrap; gap: 5px; align-items: center; margin-top: 10px;\"><img decoding=\"async\" src=\"https:\/\/as-schwabe.de\/wp-content\/uploads\/ikony\/znak_CE.png\" alt=\"\" width=\"50\" height=\"50\" \/><img decoding=\"async\" src=\"https:\/\/as-schwabe.de\/wp-content\/uploads\/ikony\/znak_IP44.png\" alt=\"\" width=\"50\" height=\"50\" \/><img decoding=\"async\" src=\"https:\/\/as-schwabe.de\/wp-content\/uploads\/ikony\/znak_POWERLIGHT.png\" alt=\"\" width=\"90\" height=\"50\" \/><img loading=\"lazy\" decoding=\"async\" src=\"https:\/\/as-schwabe.de\/wp-content\/uploads\/ikony\/znak_Z.png\" alt=\"\" width=\"50\" height=\"50\" \/><img loading=\"lazy\" decoding=\"async\" src=\"https:\/\/as-schwabe.de\/wp-content\/uploads\/ikony\/znak_D.png\" alt=\"\" width=\"50\" height=\"50\" \/><img loading=\"lazy\" decoding=\"async\" src=\"https:\/\/as-schwabe.de\/wp-content\/uploads\/ikony\/znak_DE.png\" alt=\"\" width=\"50\" height=\"40\" \/><\/div>\n<ul>\n<li>z bardzo wytrzyma\u0142ym neoprenowym przewodem klasy H07 <\/li>\n<li>zawiera opaski kablowe Velcro na rzepy z metalowym uszkiem do zawieszania <\/li>\n<li>IP44: chroniony przed cia\u0142ami obcymi i bryzgami wody <\/li>\n<li>1x wtyczka CEE 230 V, 16 A, 3P z sygnalizacj\u0105 napi\u0119cia \u201ePowerlight\u201d <\/li>\n<li>1x gniazdo CEE z klapk\u0105 uchyln\u0105 230 V, 16 A, 3P z sygnalizacj\u0105 napi\u0119cia \u201ePowerlight\u201c <\/li>\n<li>zawiera opaski kablowe Velcro na rzepy z metalowym uszkiem do zawieszania<\/li>\n<\/ul>","protected":false},"featured_media":31358,"template":"","meta":{"inline_featured_image":false},"genre":[509],"product_cat":[515,527],"product_tag":[],"class_list":{"0":"post-32570","1":"product","2":"type-product","3":"status-publish","4":"has-post-thumbnail","6":"product_brand-as-schwabe-pl","7":"product_cat-kemping-i-caravaning-pl","8":"product_cat-przedluzacze-cee-pl","10":"first","11":"instock","12":"shipping-taxable","13":"product-type-simple"},"aioseo_notices":[],"_links":{"self":[{"href":"https:\/\/as-schwabe.de\/pl\/wp-json\/wp\/v2\/product\/32570","targetHints":{"allow":["GET"]}}],"collection":[{"href":"https:\/\/as-schwabe.de\/pl\/wp-json\/wp\/v2\/product"}],"about":[{"href":"https:\/\/as-schwabe.de\/pl\/wp-json\/wp\/v2\/types\/product"}],"version-history":[{"count":0,"href":"https:\/\/as-schwabe.de\/pl\/wp-json\/wp\/v2\/product\/32570\/revisions"}],"wp:featuredmedia":[{"embeddable":true,"href":"https:\/\/as-schwabe.de\/pl\/wp-json\/wp\/v2\/media\/31358"}],"wp:attachment":[{"href":"https:\/\/as-schwabe.de\/pl\/wp-json\/wp\/v2\/media?parent=32570"}],"wp:term":[{"taxonomy":"product_brand","embeddable":true,"href":"https:\/\/as-schwabe.de\/pl\/wp-json\/wp\/v2\/genre?post=32570"},{"taxonomy":"product_cat","embeddable":true,"href":"https:\/\/as-schwabe.de\/pl\/wp-json\/wp\/v2\/product_cat?post=32570"},{"taxonomy":"product_tag","embeddable":true,"href":"https:\/\/as-schwabe.de\/pl\/wp-json\/wp\/v2\/product_tag?post=32570"}],"curies":[{"name":"wp","href":"https:\/\/api.w.org\/{rel}","templated":true}]}}