{"id":32569,"date":"2025-09-26T23:34:01","date_gmt":"2025-09-26T23:34:01","guid":{"rendered":"https:\/\/as-schwabe.de\/produkt\/adapter-cee-powerlight-wtyk-cee-3p-na-gniazdo-ip44-230-v-16-a-3p-h07rn-f-3g25-15-m-61408\/"},"modified":"2025-10-23T00:17:46","modified_gmt":"2025-10-23T00:17:46","slug":"adapter-cee-powerlight-wtyk-cee-3p-na-gniazdo-ip44-230-v-16-a-3p-h07rn-f-3g25-15-m-61408","status":"publish","type":"product","link":"https:\/\/as-schwabe.de\/pl\/produkt\/adapter-cee-powerlight-wtyk-cee-3p-na-gniazdo-ip44-230-v-16-a-3p-h07rn-f-3g25-15-m-61408\/","title":{"rendered":"Przed\u0142u\u017cacz adapter CEE 230 V, 16 A, 3P, wtyczka CEE 3P PowerLight na gniazdo z uziemieniem 1,5 m H07RN-F 3G2,5 CZA IP44 | 61408"},"content":{"rendered":"<p>Przed\u0142u\u017cacz adapter CEE 230 V, 16 A, 3P o d\u0142ugo\u015bci 1,5 m to idealne rozwi\u0105zanie dla u\u017cytkownik\u00f3w potrzebuj\u0105cych niezawodnego dost\u0119pu do zasilania w warunkach zewn\u0119trznych. Wykonany z wytrzyma\u0142ego przewodu H07RN-F 3G2,5, produkt ten wyr\u00f3\u017cnia si\u0119 solidn\u0105 wtyczk\u0105 CEE 230 V, 16 A, 3P oraz gniazdem IP44 z klapk\u0105 i uziemieniem, co zapewnia bezpiecze\u0144stwo i ochron\u0119 przed wilgoci\u0105. Dodatkowym atutem jest sygnalizacja napi\u0119cia Powerlight, kt\u00f3ra umo\u017cliwia szybkie sprawdzenie stanu zasilania. Dzi\u0119ki maksymalnej mocy 3500 W, adapter doskonale sprawdzi si\u0119 w zastosowaniach budowlanych, na imprezach plenerowych czy podczas prac ogrodowych. W zestawie znajduje si\u0119 ta\u015bma Velcro z metalowym uszkiem umo\u017cliwiaj\u0105ca wygodne zawieszenie urz\u0105dzenia, co zwi\u0119ksza jego funkcjonalno\u015b\u0107 i komfort u\u017cytkowania.<\/p>","protected":false},"excerpt":{"rendered":"<div class=\"icons\" style=\"display: flex; flex-wrap: wrap; gap: 5px; align-items: center; margin-top: 10px;\"><img decoding=\"async\" src=\"https:\/\/as-schwabe.de\/wp-content\/uploads\/ikony\/znak_CE.png\" alt=\"\" width=\"50\" height=\"50\" \/><img decoding=\"async\" src=\"https:\/\/as-schwabe.de\/wp-content\/uploads\/ikony\/znak_IP44.png\" alt=\"\" width=\"50\" height=\"50\" \/><img decoding=\"async\" src=\"https:\/\/as-schwabe.de\/wp-content\/uploads\/ikony\/znak_POWERLIGHT.png\" alt=\"\" width=\"90\" height=\"50\" \/><img loading=\"lazy\" decoding=\"async\" src=\"https:\/\/as-schwabe.de\/wp-content\/uploads\/ikony\/znak_Z.png\" alt=\"\" width=\"50\" height=\"50\" \/><img loading=\"lazy\" decoding=\"async\" src=\"https:\/\/as-schwabe.de\/wp-content\/uploads\/ikony\/znak_D.png\" alt=\"\" width=\"50\" height=\"50\" \/><img loading=\"lazy\" decoding=\"async\" src=\"https:\/\/as-schwabe.de\/wp-content\/uploads\/ikony\/znak_DE.png\" alt=\"\" width=\"50\" height=\"40\" \/><\/div>\n<ul>\n<li>z bardzo wytrzyma\u0142ym neoprenowym przewodem klasy H07 <\/li>\n<li>zawiera opaski kablowe Velcro na rzepy z metalowym uszkiem do zawieszania <\/li>\n<li>IP44: chroniony przed cia\u0142ami obcymi i bryzgami wody <\/li>\n<li>1x wtyczka CEE 230 V, 16 A, 3P z sygnalizacj\u0105 napi\u0119cia \u201ePowerlight\u201d <\/li>\n<li>1x gniazdo z uziemieniem 230 V, 16 A <\/li>\n<li>zawiera opaski kablowe Velcro na rzepy z metalowym uszkiem do zawieszania<\/li>\n<\/ul>","protected":false},"featured_media":31346,"template":"","meta":{"inline_featured_image":false},"genre":[509],"product_cat":[515,576],"product_tag":[],"class_list":{"0":"post-32569","1":"product","2":"type-product","3":"status-publish","4":"has-post-thumbnail","6":"product_brand-as-schwabe-pl","7":"product_cat-kemping-i-caravaning-pl","8":"product_cat-adaptery-pl","10":"first","11":"instock","12":"shipping-taxable","13":"product-type-simple"},"aioseo_notices":[],"_links":{"self":[{"href":"https:\/\/as-schwabe.de\/pl\/wp-json\/wp\/v2\/product\/32569","targetHints":{"allow":["GET"]}}],"collection":[{"href":"https:\/\/as-schwabe.de\/pl\/wp-json\/wp\/v2\/product"}],"about":[{"href":"https:\/\/as-schwabe.de\/pl\/wp-json\/wp\/v2\/types\/product"}],"version-history":[{"count":0,"href":"https:\/\/as-schwabe.de\/pl\/wp-json\/wp\/v2\/product\/32569\/revisions"}],"wp:featuredmedia":[{"embeddable":true,"href":"https:\/\/as-schwabe.de\/pl\/wp-json\/wp\/v2\/media\/31346"}],"wp:attachment":[{"href":"https:\/\/as-schwabe.de\/pl\/wp-json\/wp\/v2\/media?parent=32569"}],"wp:term":[{"taxonomy":"product_brand","embeddable":true,"href":"https:\/\/as-schwabe.de\/pl\/wp-json\/wp\/v2\/genre?post=32569"},{"taxonomy":"product_cat","embeddable":true,"href":"https:\/\/as-schwabe.de\/pl\/wp-json\/wp\/v2\/product_cat?post=32569"},{"taxonomy":"product_tag","embeddable":true,"href":"https:\/\/as-schwabe.de\/pl\/wp-json\/wp\/v2\/product_tag?post=32569"}],"curies":[{"name":"wp","href":"https:\/\/api.w.org\/{rel}","templated":true}]}}