{"id":32567,"date":"2025-09-26T23:33:59","date_gmt":"2025-09-26T23:33:59","guid":{"rendered":"https:\/\/as-schwabe.de\/produkt\/adapter-cee-powerlight-wtyk-ip44-na-gniazdo-cee-3p-230-v-16-a-3p-h07rn-f-3g25-15-m-61406\/"},"modified":"2025-10-23T00:17:45","modified_gmt":"2025-10-23T00:17:45","slug":"adapter-cee-powerlight-wtyk-ip44-na-gniazdo-cee-3p-230-v-16-a-3p-h07rn-f-3g25-15-m-61406","status":"publish","type":"product","link":"https:\/\/as-schwabe.de\/pl\/produkt\/adapter-cee-powerlight-wtyk-ip44-na-gniazdo-cee-3p-230-v-16-a-3p-h07rn-f-3g25-15-m-61406\/","title":{"rendered":"Przed\u0142u\u017cacz adapter CEE 230 V, 16 A, 3P, wtyczka z uziemieniem na gniazdo CEE 3P PowerLight 1,5 m H07RN-F 3G2,5 CZA IP44 | 61406"},"content":{"rendered":"<p>Przed\u0142u\u017cacz adapter CEE 230 V, 16 A, 3P o d\u0142ugo\u015bci 1,5 m jest idealnym rozwi\u0105zaniem do zastosowa\u0144 zar\u00f3wno w warunkach domowych, jak i profesjonalnych. Wyposa\u017cony w wytrzyma\u0142y kabel H07RN-F 3G2,5, przystosowany do pracy na zewn\u0105trz, zapewnia wysok\u0105 ochron\u0119 przed niekorzystnymi warunkami atmosferycznymi dzi\u0119ki klasie szczelno\u015bci IP44. W zestawie znajduje si\u0119 praktyczna ta\u015bma Velcro z metalowym uszkiem, umo\u017cliwiaj\u0105ca \u0142atwe zawieszanie urz\u0105dzenia. Adapter oferuje jedno gniazdo CEE 230 V, 16 A, 3P oraz sygnalizacj\u0119 napi\u0119cia Powerlight, co zwi\u0119ksza komfort u\u017cytkowania i bezpiecze\u0144stwo. Maksymalne obci\u0105\u017cenie wynosz\u0105ce 3500 W sprawia, \u017ce jest to produkt odpowiedni do zasilania r\u00f3\u017cnych urz\u0105dze\u0144 elektrycznych w warunkach zewn\u0119trznych.<\/p>","protected":false},"excerpt":{"rendered":"<div class=\"icons\" style=\"display: flex; flex-wrap: wrap; gap: 5px; align-items: center; margin-top: 10px;\"><img decoding=\"async\" src=\"https:\/\/as-schwabe.de\/wp-content\/uploads\/ikony\/znak_CE.png\" alt=\"\" width=\"50\" height=\"50\" \/><img decoding=\"async\" src=\"https:\/\/as-schwabe.de\/wp-content\/uploads\/ikony\/znak_IP44.png\" alt=\"\" width=\"50\" height=\"50\" \/><img decoding=\"async\" src=\"https:\/\/as-schwabe.de\/wp-content\/uploads\/ikony\/znak_POWERLIGHT.png\" alt=\"\" width=\"90\" height=\"50\" \/><img loading=\"lazy\" decoding=\"async\" src=\"https:\/\/as-schwabe.de\/wp-content\/uploads\/ikony\/znak_Z.png\" alt=\"\" width=\"50\" height=\"50\" \/><img loading=\"lazy\" decoding=\"async\" src=\"https:\/\/as-schwabe.de\/wp-content\/uploads\/ikony\/znak_D.png\" alt=\"\" width=\"50\" height=\"50\" \/><img loading=\"lazy\" decoding=\"async\" src=\"https:\/\/as-schwabe.de\/wp-content\/uploads\/ikony\/znak_DE.png\" alt=\"\" width=\"50\" height=\"40\" \/><\/div>\n<ul>\n<li>z bardzo wytrzyma\u0142ym neoprenowym przewodem klasy H07 <\/li>\n<li>zawiera opaski kablowe Velcro na rzepy z metalowym uszkiem do zawieszania <\/li>\n<li>IP44: chroniony przed cia\u0142ami obcymi i bryzgami wody <\/li>\n<li>1x wtyczka z uziemieniem 230 V, 16 A <\/li>\n<li>1x gniazdo CEE z klapk\u0105 uchyln\u0105 230 V, 16 A, 3P z sygnalizacj\u0105 napi\u0119cia \u201ePowerlight\u201c <\/li>\n<li>zawiera opaski kablowe Velcro na rzepy z metalowym uszkiem do zawieszania<\/li>\n<\/ul>","protected":false},"featured_media":31340,"template":"","meta":{"inline_featured_image":false},"genre":[509],"product_cat":[515,576],"product_tag":[],"class_list":{"0":"post-32567","1":"product","2":"type-product","3":"status-publish","4":"has-post-thumbnail","6":"product_brand-as-schwabe-pl","7":"product_cat-kemping-i-caravaning-pl","8":"product_cat-adaptery-pl","10":"first","11":"instock","12":"shipping-taxable","13":"product-type-simple"},"aioseo_notices":[],"_links":{"self":[{"href":"https:\/\/as-schwabe.de\/pl\/wp-json\/wp\/v2\/product\/32567","targetHints":{"allow":["GET"]}}],"collection":[{"href":"https:\/\/as-schwabe.de\/pl\/wp-json\/wp\/v2\/product"}],"about":[{"href":"https:\/\/as-schwabe.de\/pl\/wp-json\/wp\/v2\/types\/product"}],"version-history":[{"count":0,"href":"https:\/\/as-schwabe.de\/pl\/wp-json\/wp\/v2\/product\/32567\/revisions"}],"wp:featuredmedia":[{"embeddable":true,"href":"https:\/\/as-schwabe.de\/pl\/wp-json\/wp\/v2\/media\/31340"}],"wp:attachment":[{"href":"https:\/\/as-schwabe.de\/pl\/wp-json\/wp\/v2\/media?parent=32567"}],"wp:term":[{"taxonomy":"product_brand","embeddable":true,"href":"https:\/\/as-schwabe.de\/pl\/wp-json\/wp\/v2\/genre?post=32567"},{"taxonomy":"product_cat","embeddable":true,"href":"https:\/\/as-schwabe.de\/pl\/wp-json\/wp\/v2\/product_cat?post=32567"},{"taxonomy":"product_tag","embeddable":true,"href":"https:\/\/as-schwabe.de\/pl\/wp-json\/wp\/v2\/product_tag?post=32567"}],"curies":[{"name":"wp","href":"https:\/\/api.w.org\/{rel}","templated":true}]}}