{"id":32566,"date":"2025-09-26T23:33:58","date_gmt":"2025-09-26T23:33:58","guid":{"rendered":"https:\/\/as-schwabe.de\/produkt\/adapter-cee-powerlight-wtyk-cee-3p-na-gniazdo-cee-z-dodatkowym-gniazdem-ip44-230-v-16-a-3p-h07rn-f-3g25-15-m-61403\/"},"modified":"2025-10-23T00:17:45","modified_gmt":"2025-10-23T00:17:45","slug":"adapter-cee-powerlight-wtyk-cee-3p-na-gniazdo-cee-z-dodatkowym-gniazdem-ip44-230-v-16-a-3p-h07rn-f-3g25-15-m-61403","status":"publish","type":"product","link":"https:\/\/as-schwabe.de\/pl\/produkt\/adapter-cee-powerlight-wtyk-cee-3p-na-gniazdo-cee-z-dodatkowym-gniazdem-ip44-230-v-16-a-3p-h07rn-f-3g25-15-m-61403\/","title":{"rendered":"Przed\u0142u\u017cacz adapter CEE 230 V, 16 A, 3P, wtyczka CEE 3P PowerLight na gniazdo k\u0105towe CEE 3P z dodatkowym gniazdem 230 V, 16 A 1,5 m H07RN-F 3G2,5 CZA IP44 | 61403"},"content":{"rendered":"<p>Przed\u0142u\u017cacz adapter CEE 230 V, 16 A, 3P o d\u0142ugo\u015bci 1,5 m to doskona\u0142e rozwi\u0105zanie dla wszelkich zastosowa\u0144 zewn\u0119trznych, zapewniaj\u0105ce niezawodne zasilanie dla sprz\u0119tu elektronicznego i maszyn. Wyposa\u017cony w przew\u00f3d zasilaj\u0105cy H07RN-F 3G2,5 oraz wtyczk\u0119 CEE 230 V, 16 A, 3P, gwarantuje maksymalne obci\u0105\u017cenie do 3500 W. Jego istotn\u0105 cech\u0105 jest gniazdo k\u0105towe CEE 230 V, 16 A, 3P z dodatkowym gniazdem IP44, kt\u00f3re posiada klapk\u0119 oraz uziemienie, co zwi\u0119ksza bezpiecze\u0144stwo u\u017cytkowania. Dodatkowo, w zestawie znajduje si\u0119 ta\u015bma Velcro z metalowym uszkiem, umo\u017cliwiaj\u0105ca wygodne zawieszanie. Dzi\u0119ki klasie ochrony IP44, produkt idealnie sprawdzi si\u0119 w trudnych warunkach atmosferycznych, co czyni go niezast\u0105pionym w pracy na zewn\u0105trz.<\/p>","protected":false},"excerpt":{"rendered":"<div class=\"icons\" style=\"display: flex; flex-wrap: wrap; gap: 5px; align-items: center; margin-top: 10px;\"><img decoding=\"async\" src=\"https:\/\/as-schwabe.de\/wp-content\/uploads\/ikony\/znak_CE.png\" alt=\"\" width=\"50\" height=\"50\" \/><img decoding=\"async\" src=\"https:\/\/as-schwabe.de\/wp-content\/uploads\/ikony\/znak_IP44.png\" alt=\"\" width=\"50\" height=\"50\" \/><img decoding=\"async\" src=\"https:\/\/as-schwabe.de\/wp-content\/uploads\/ikony\/znak_POWERLIGHT.png\" alt=\"\" width=\"90\" height=\"50\" \/><img loading=\"lazy\" decoding=\"async\" src=\"https:\/\/as-schwabe.de\/wp-content\/uploads\/ikony\/znak_Z.png\" alt=\"\" width=\"50\" height=\"50\" \/><img loading=\"lazy\" decoding=\"async\" src=\"https:\/\/as-schwabe.de\/wp-content\/uploads\/ikony\/znak_D.png\" alt=\"\" width=\"50\" height=\"50\" \/><img loading=\"lazy\" decoding=\"async\" src=\"https:\/\/as-schwabe.de\/wp-content\/uploads\/ikony\/znak_DE.png\" alt=\"\" width=\"50\" height=\"40\" \/><\/div>\n<ul>\n<li>1x wtyczka CEE 230 V, 16 A, 3P z sygnalizacj\u0105 napi\u0119cia \u201ePowerlight\u201d <\/li>\n<li>1x gniazdo k\u0105towe CEE z klapk\u0105 uchyln\u0105 230 V, 16 A, 3P i dodatkowo 1x gniazdo z uziemieniem z klapk\u0105 uchyln\u0105 230 V, 16 A (IP44) <\/li>\n<li>zawiera opaski kablowe Velcro na rzepy z metalowym uszkiem do zawieszania<\/li>\n<\/ul>","protected":false},"featured_media":31332,"template":"","meta":{"inline_featured_image":false},"genre":[509],"product_cat":[515,527],"product_tag":[],"class_list":{"0":"post-32566","1":"product","2":"type-product","3":"status-publish","4":"has-post-thumbnail","6":"product_brand-as-schwabe-pl","7":"product_cat-kemping-i-caravaning-pl","8":"product_cat-przedluzacze-cee-pl","10":"first","11":"instock","12":"shipping-taxable","13":"product-type-simple"},"aioseo_notices":[],"_links":{"self":[{"href":"https:\/\/as-schwabe.de\/pl\/wp-json\/wp\/v2\/product\/32566","targetHints":{"allow":["GET"]}}],"collection":[{"href":"https:\/\/as-schwabe.de\/pl\/wp-json\/wp\/v2\/product"}],"about":[{"href":"https:\/\/as-schwabe.de\/pl\/wp-json\/wp\/v2\/types\/product"}],"version-history":[{"count":0,"href":"https:\/\/as-schwabe.de\/pl\/wp-json\/wp\/v2\/product\/32566\/revisions"}],"wp:featuredmedia":[{"embeddable":true,"href":"https:\/\/as-schwabe.de\/pl\/wp-json\/wp\/v2\/media\/31332"}],"wp:attachment":[{"href":"https:\/\/as-schwabe.de\/pl\/wp-json\/wp\/v2\/media?parent=32566"}],"wp:term":[{"taxonomy":"product_brand","embeddable":true,"href":"https:\/\/as-schwabe.de\/pl\/wp-json\/wp\/v2\/genre?post=32566"},{"taxonomy":"product_cat","embeddable":true,"href":"https:\/\/as-schwabe.de\/pl\/wp-json\/wp\/v2\/product_cat?post=32566"},{"taxonomy":"product_tag","embeddable":true,"href":"https:\/\/as-schwabe.de\/pl\/wp-json\/wp\/v2\/product_tag?post=32566"}],"curies":[{"name":"wp","href":"https:\/\/api.w.org\/{rel}","templated":true}]}}