{"id":32565,"date":"2025-09-26T23:33:57","date_gmt":"2025-09-26T23:33:57","guid":{"rendered":"https:\/\/as-schwabe.de\/produkt\/przedluzacz-cee-powerlight-230-v-16-a-3p-h07rn-f-3g25-15-m-61402\/"},"modified":"2025-10-23T00:17:45","modified_gmt":"2025-10-23T00:17:45","slug":"przedluzacz-cee-powerlight-230-v-16-a-3p-h07rn-f-3g25-15-m-61402","status":"publish","type":"product","link":"https:\/\/as-schwabe.de\/pl\/produkt\/przedluzacz-cee-powerlight-230-v-16-a-3p-h07rn-f-3g25-15-m-61402\/","title":{"rendered":"Przed\u0142u\u017cacz CEE 230 V, 16 A, 3P 1,5 m H07RN-F 3G2,5 | 61402"},"content":{"rendered":"<p>Przed\u0142u\u017cacz CEE 230 V, 16 A, 3P o d\u0142ugo\u015bci 1,5 m to idealne rozwi\u0105zanie dla u\u017cytkownik\u00f3w poszukuj\u0105cych niezawodnego \u017ar\u00f3d\u0142a zasilania w warunkach zewn\u0119trznych. Wyposa\u017cony w wej\u015bcie H07RN-F 3G2,5 oraz wtyczk\u0119 i gniazdo CEE 230 V, 16 A, 3P, umo\u017cliwia pod\u0142\u0105czenie r\u00f3\u017cnorodnych urz\u0105dze\u0144 o maksymalnej mocy 3500 W. System sygnalizacji napi\u0119cia Powerlight zapewnia dodatkowe bezpiecze\u0144stwo, informuj\u0105c u\u017cytkownika o stanie zasilania. Dzi\u0119ki klasie ochrony IP44, produkt jest odporny na dzia\u0142anie warunk\u00f3w atmosferycznych, co czyni go idealnym wyborem do pracy w terenie. W zestawie znajduje si\u0119 ta\u015bma Velcro z metalowym uszkiem, umo\u017cliwiaj\u0105ca wygodne zawieszanie przed\u0142u\u017cacza.<\/p>","protected":false},"excerpt":{"rendered":"<div class=\"icons\" style=\"display: flex; flex-wrap: wrap; gap: 5px; align-items: center; margin-top: 10px;\"><img decoding=\"async\" src=\"https:\/\/as-schwabe.de\/wp-content\/uploads\/ikony\/znak_CE.png\" alt=\"\" width=\"50\" height=\"50\" \/><img decoding=\"async\" src=\"https:\/\/as-schwabe.de\/wp-content\/uploads\/ikony\/znak_IP44.png\" alt=\"\" width=\"50\" height=\"50\" \/><img decoding=\"async\" src=\"https:\/\/as-schwabe.de\/wp-content\/uploads\/ikony\/znak_POWERLIGHT.png\" alt=\"\" width=\"90\" height=\"50\" \/><img loading=\"lazy\" decoding=\"async\" src=\"https:\/\/as-schwabe.de\/wp-content\/uploads\/ikony\/znak_Z.png\" alt=\"\" width=\"50\" height=\"50\" \/><img loading=\"lazy\" decoding=\"async\" src=\"https:\/\/as-schwabe.de\/wp-content\/uploads\/ikony\/znak_D.png\" alt=\"\" width=\"50\" height=\"50\" \/><img loading=\"lazy\" decoding=\"async\" src=\"https:\/\/as-schwabe.de\/wp-content\/uploads\/ikony\/znak_DE.png\" alt=\"\" width=\"50\" height=\"40\" \/><\/div>\n<ul>\n<li>z bardzo wytrzyma\u0142ym neoprenowym przewodem klasy H07 <\/li>\n<li>zawiera opaski kablowe Velcro na rzepy z metalowym uszkiem do zawieszania <\/li>\n<li>IP44: chroniony przed cia\u0142ami obcymi i bryzgami wody <\/li>\n<li>1x wtyczka CEE 230 V, 16 A, 3P z sygnalizacj\u0105 napi\u0119cia \u201ePowerlight\u201d <\/li>\n<li>1x gniazdo CEE z klapk\u0105 uchyln\u0105 230 V, 16 A, 3P z sygnalizacj\u0105 napi\u0119cia \u201ePowerlight\u201c <\/li>\n<li>zawiera opaski kablowe Velcro na rzepy z metalowym uszkiem do zawieszania<\/li>\n<\/ul>","protected":false},"featured_media":31327,"template":"","meta":{"inline_featured_image":false},"genre":[509],"product_cat":[515,527],"product_tag":[],"class_list":{"0":"post-32565","1":"product","2":"type-product","3":"status-publish","4":"has-post-thumbnail","6":"product_brand-as-schwabe-pl","7":"product_cat-kemping-i-caravaning-pl","8":"product_cat-przedluzacze-cee-pl","10":"first","11":"instock","12":"shipping-taxable","13":"product-type-simple"},"aioseo_notices":[],"_links":{"self":[{"href":"https:\/\/as-schwabe.de\/pl\/wp-json\/wp\/v2\/product\/32565","targetHints":{"allow":["GET"]}}],"collection":[{"href":"https:\/\/as-schwabe.de\/pl\/wp-json\/wp\/v2\/product"}],"about":[{"href":"https:\/\/as-schwabe.de\/pl\/wp-json\/wp\/v2\/types\/product"}],"version-history":[{"count":0,"href":"https:\/\/as-schwabe.de\/pl\/wp-json\/wp\/v2\/product\/32565\/revisions"}],"wp:featuredmedia":[{"embeddable":true,"href":"https:\/\/as-schwabe.de\/pl\/wp-json\/wp\/v2\/media\/31327"}],"wp:attachment":[{"href":"https:\/\/as-schwabe.de\/pl\/wp-json\/wp\/v2\/media?parent=32565"}],"wp:term":[{"taxonomy":"product_brand","embeddable":true,"href":"https:\/\/as-schwabe.de\/pl\/wp-json\/wp\/v2\/genre?post=32565"},{"taxonomy":"product_cat","embeddable":true,"href":"https:\/\/as-schwabe.de\/pl\/wp-json\/wp\/v2\/product_cat?post=32565"},{"taxonomy":"product_tag","embeddable":true,"href":"https:\/\/as-schwabe.de\/pl\/wp-json\/wp\/v2\/product_tag?post=32565"}],"curies":[{"name":"wp","href":"https:\/\/api.w.org\/{rel}","templated":true}]}}