{"id":32564,"date":"2025-09-26T23:33:55","date_gmt":"2025-09-26T23:33:55","guid":{"rendered":"https:\/\/as-schwabe.de\/produkt\/przedluzacz-cee-powerlight-230-v-16-a-3p-h07rn-f-3g25-5-m-61401\/"},"modified":"2025-10-23T00:17:43","modified_gmt":"2025-10-23T00:17:43","slug":"przedluzacz-cee-powerlight-230-v-16-a-3p-h07rn-f-3g25-5-m-61401","status":"publish","type":"product","link":"https:\/\/as-schwabe.de\/pl\/produkt\/przedluzacz-cee-powerlight-230-v-16-a-3p-h07rn-f-3g25-5-m-61401\/","title":{"rendered":"Przed\u0142u\u017cacz CEE 230 V, 16 A, 3P 5 m H07RN-F 3G2,5 | 61401"},"content":{"rendered":"<p>Przed\u0142u\u017cacz CEE o d\u0142ugo\u015bci 1,5 m i maksymalnym obci\u0105\u017ceniu 230 V, 16 A (3500 W) to idealne rozwi\u0105zanie do zasilania urz\u0105dze\u0144 w trudnych warunkach zewn\u0119trznych. Wyposa\u017cony w wysokiej jako\u015bci kabel H07RN-F 3G2,5, charakteryzuje si\u0119 odporno\u015bci\u0105 na dzia\u0142anie czynnik\u00f3w atmosferycznych, co zapewnia jego d\u0142ugotrwa\u0142e u\u017cytkowanie w terenie. Gniazdo oraz wtyczka CEE 230 V, 16 A, 3P s\u0105 dodatkowo oznaczone sygnalizacj\u0105 napi\u0119cia Powerlight, co zwi\u0119ksza bezpiecze\u0144stwo korzystania z produktu. W zestawie znajduje si\u0119 tak\u017ce praktyczna ta\u015bma Velcro z metalowym uszkiem, umo\u017cliwiaj\u0105ca \u0142atwe zawieszanie przed\u0142u\u017cacza w dogodnym miejscu. Dzi\u0119ki klasie ochrony IP44, przed\u0142u\u017cacz jest doskona\u0142ym wyborem do zastosowa\u0144 w budownictwie, ogrodach oraz na placach imprezowych.<\/p>","protected":false},"excerpt":{"rendered":"<div class=\"icons\" style=\"display: flex; flex-wrap: wrap; gap: 5px; align-items: center; margin-top: 10px;\"><img decoding=\"async\" src=\"https:\/\/as-schwabe.de\/wp-content\/uploads\/ikony\/znak_CE.png\" alt=\"\" width=\"50\" height=\"50\" \/><img decoding=\"async\" src=\"https:\/\/as-schwabe.de\/wp-content\/uploads\/ikony\/znak_IP44.png\" alt=\"\" width=\"50\" height=\"50\" \/><img decoding=\"async\" src=\"https:\/\/as-schwabe.de\/wp-content\/uploads\/ikony\/znak_POWERLIGHT.png\" alt=\"\" width=\"90\" height=\"50\" \/><img loading=\"lazy\" decoding=\"async\" src=\"https:\/\/as-schwabe.de\/wp-content\/uploads\/ikony\/znak_Z.png\" alt=\"\" width=\"50\" height=\"50\" \/><img loading=\"lazy\" decoding=\"async\" src=\"https:\/\/as-schwabe.de\/wp-content\/uploads\/ikony\/znak_D.png\" alt=\"\" width=\"50\" height=\"50\" \/><img loading=\"lazy\" decoding=\"async\" src=\"https:\/\/as-schwabe.de\/wp-content\/uploads\/ikony\/znak_DE.png\" alt=\"\" width=\"50\" height=\"40\" \/><\/div>\n<ul>\n<li>z bardzo wytrzyma\u0142ym neoprenowym przewodem klasy H07 <\/li>\n<li>zawiera opaski kablowe Velcro na rzepy z metalowym uszkiem do zawieszania <\/li>\n<li>IP44: chroniony przed cia\u0142ami obcymi i bryzgami wody <\/li>\n<li>1x wtyczka CEE 230 V, 16 A, 3P z sygnalizacj\u0105 napi\u0119cia \u201ePowerlight\u201d <\/li>\n<li>1x gniazdo CEE z klapk\u0105 uchyln\u0105 230 V, 16 A, 3P z sygnalizacj\u0105 napi\u0119cia \u201ePowerlight\u201c <\/li>\n<li>zawiera opaski kablowe Velcro na rzepy z metalowym uszkiem do zawieszania<\/li>\n<\/ul>","protected":false},"featured_media":31322,"template":"","meta":{"inline_featured_image":false},"genre":[509],"product_cat":[515,527],"product_tag":[],"class_list":{"0":"post-32564","1":"product","2":"type-product","3":"status-publish","4":"has-post-thumbnail","6":"product_brand-as-schwabe-pl","7":"product_cat-kemping-i-caravaning-pl","8":"product_cat-przedluzacze-cee-pl","10":"first","11":"instock","12":"shipping-taxable","13":"product-type-simple"},"aioseo_notices":[],"_links":{"self":[{"href":"https:\/\/as-schwabe.de\/pl\/wp-json\/wp\/v2\/product\/32564","targetHints":{"allow":["GET"]}}],"collection":[{"href":"https:\/\/as-schwabe.de\/pl\/wp-json\/wp\/v2\/product"}],"about":[{"href":"https:\/\/as-schwabe.de\/pl\/wp-json\/wp\/v2\/types\/product"}],"version-history":[{"count":0,"href":"https:\/\/as-schwabe.de\/pl\/wp-json\/wp\/v2\/product\/32564\/revisions"}],"wp:featuredmedia":[{"embeddable":true,"href":"https:\/\/as-schwabe.de\/pl\/wp-json\/wp\/v2\/media\/31322"}],"wp:attachment":[{"href":"https:\/\/as-schwabe.de\/pl\/wp-json\/wp\/v2\/media?parent=32564"}],"wp:term":[{"taxonomy":"product_brand","embeddable":true,"href":"https:\/\/as-schwabe.de\/pl\/wp-json\/wp\/v2\/genre?post=32564"},{"taxonomy":"product_cat","embeddable":true,"href":"https:\/\/as-schwabe.de\/pl\/wp-json\/wp\/v2\/product_cat?post=32564"},{"taxonomy":"product_tag","embeddable":true,"href":"https:\/\/as-schwabe.de\/pl\/wp-json\/wp\/v2\/product_tag?post=32564"}],"curies":[{"name":"wp","href":"https:\/\/api.w.org\/{rel}","templated":true}]}}