{"id":32563,"date":"2025-09-26T23:33:55","date_gmt":"2025-09-26T23:33:55","guid":{"rendered":"https:\/\/as-schwabe.de\/produkt\/adapter-cee-powerlight-wtyk-cee-16-a-5p-na-gniazdo-cee-3p-230-v-16-a-h07rn-f-3g25-15-m-61391\/"},"modified":"2025-10-23T00:17:43","modified_gmt":"2025-10-23T00:17:43","slug":"adapter-cee-powerlight-wtyk-cee-16-a-5p-na-gniazdo-cee-3p-230-v-16-a-h07rn-f-3g25-15-m-61391","status":"publish","type":"product","link":"https:\/\/as-schwabe.de\/pl\/produkt\/adapter-cee-powerlight-wtyk-cee-16-a-5p-na-gniazdo-cee-3p-230-v-16-a-h07rn-f-3g25-15-m-61391\/","title":{"rendered":"Przed\u0142u\u017cacz adapter CEE 230 V, 16 A, 3P, wtyczka CEE 400 V, 16 A, 5P na gniazdo CEE 3P PowerLight 1,5 m H07RN-F 3G2,5 CZA IP44 | 61391"},"content":{"rendered":"<p>Przed\u0142u\u017cacz adapter CEE 230 V, 16 A, 5P o d\u0142ugo\u015bci 1,5 m to niezawodne rozwi\u0105zanie dla u\u017cytkownik\u00f3w potrzebuj\u0105cych elastycznego \u017ar\u00f3d\u0142a zasilania w trudnych warunkach. W wyposa\u017ceniu znajduje si\u0119 wtyczka CEE 400 V, 16 A, 5P oraz gniazdo CEE 230 V, 16 A, 3P, co zapewnia szeroki zakres zastosowa\u0144, od prac budowlanych po zakupy w sklepach. Dzi\u0119ki maksymalnej mocy 3500 W i sygnalizacji napi\u0119cia Powerlight, u\u017cytkownik ma pewno\u015b\u0107, \u017ce pod\u0142\u0105czenie jest stabilne i bezpieczne. Wykonanie z materia\u0142\u00f3w odpornych na warunki atmosferyczne oraz klasa szczelno\u015bci IP44 sprawiaj\u0105, \u017ce adapter idealnie sprawdzi si\u0119 tak\u017ce na zewn\u0105trz. Dodatkowo, w zestawie znajduje si\u0119 ta\u015bma Velcro z metalowym uszkiem, umo\u017cliwiaj\u0105ca wygodne mocowanie przed\u0142u\u017cacza w wybranym miejscu.<\/p>","protected":false},"excerpt":{"rendered":"<div class=\"icons\" style=\"display: flex; flex-wrap: wrap; gap: 5px; align-items: center; margin-top: 10px;\"><img decoding=\"async\" src=\"https:\/\/as-schwabe.de\/wp-content\/uploads\/ikony\/znak_CE.png\" alt=\"\" width=\"50\" height=\"50\" \/><img decoding=\"async\" src=\"https:\/\/as-schwabe.de\/wp-content\/uploads\/ikony\/znak_IP44.png\" alt=\"\" width=\"50\" height=\"50\" \/><img decoding=\"async\" src=\"https:\/\/as-schwabe.de\/wp-content\/uploads\/ikony\/znak_POWERLIGHT.png\" alt=\"\" width=\"90\" height=\"50\" \/><img loading=\"lazy\" decoding=\"async\" src=\"https:\/\/as-schwabe.de\/wp-content\/uploads\/ikony\/znak_Z.png\" alt=\"\" width=\"50\" height=\"50\" \/><img loading=\"lazy\" decoding=\"async\" src=\"https:\/\/as-schwabe.de\/wp-content\/uploads\/ikony\/znak_D.png\" alt=\"\" width=\"50\" height=\"50\" \/><img loading=\"lazy\" decoding=\"async\" src=\"https:\/\/as-schwabe.de\/wp-content\/uploads\/ikony\/znak_DE.png\" alt=\"\" width=\"50\" height=\"40\" \/><\/div>\n<ul>\n<li>z bardzo wytrzyma\u0142ym neoprenowym przewodem klasy H07 <\/li>\n<li>zawiera opaski kablowe Velcro na rzepy z metalowym uszkiem do zawieszania <\/li>\n<li>IP44: chroniony przed cia\u0142ami obcymi i bryzgami wody <\/li>\n<li>1x wtyczka CEE 400 V, 16 A, 5P <\/li>\n<li>1x gniazdo CEE z klapk\u0105 uchyln\u0105 230 V, 16 A, 3P z sygnalizacj\u0105 napi\u0119cia \u201ePowerlight\u201c <\/li>\n<li>zawiera opaski kablowe Velcro na rzepy z metalowym uszkiem do zawieszania<\/li>\n<\/ul>","protected":false},"featured_media":31321,"template":"","meta":{"inline_featured_image":false},"genre":[509],"product_cat":[515,576],"product_tag":[],"class_list":{"0":"post-32563","1":"product","2":"type-product","3":"status-publish","4":"has-post-thumbnail","6":"product_brand-as-schwabe-pl","7":"product_cat-kemping-i-caravaning-pl","8":"product_cat-adaptery-pl","10":"first","11":"instock","12":"shipping-taxable","13":"product-type-simple"},"aioseo_notices":[],"_links":{"self":[{"href":"https:\/\/as-schwabe.de\/pl\/wp-json\/wp\/v2\/product\/32563","targetHints":{"allow":["GET"]}}],"collection":[{"href":"https:\/\/as-schwabe.de\/pl\/wp-json\/wp\/v2\/product"}],"about":[{"href":"https:\/\/as-schwabe.de\/pl\/wp-json\/wp\/v2\/types\/product"}],"version-history":[{"count":0,"href":"https:\/\/as-schwabe.de\/pl\/wp-json\/wp\/v2\/product\/32563\/revisions"}],"wp:featuredmedia":[{"embeddable":true,"href":"https:\/\/as-schwabe.de\/pl\/wp-json\/wp\/v2\/media\/31321"}],"wp:attachment":[{"href":"https:\/\/as-schwabe.de\/pl\/wp-json\/wp\/v2\/media?parent=32563"}],"wp:term":[{"taxonomy":"product_brand","embeddable":true,"href":"https:\/\/as-schwabe.de\/pl\/wp-json\/wp\/v2\/genre?post=32563"},{"taxonomy":"product_cat","embeddable":true,"href":"https:\/\/as-schwabe.de\/pl\/wp-json\/wp\/v2\/product_cat?post=32563"},{"taxonomy":"product_tag","embeddable":true,"href":"https:\/\/as-schwabe.de\/pl\/wp-json\/wp\/v2\/product_tag?post=32563"}],"curies":[{"name":"wp","href":"https:\/\/api.w.org\/{rel}","templated":true}]}}