{"id":32562,"date":"2025-09-26T23:33:54","date_gmt":"2025-09-26T23:33:54","guid":{"rendered":"https:\/\/as-schwabe.de\/produkt\/zestaw-ladowarka-i-adaptery-e-moblity-gotowy-na-kazda-ewentualnosc-61377\/"},"modified":"2025-10-23T00:17:42","modified_gmt":"2025-10-23T00:17:42","slug":"zestaw-ladowarka-i-adapter-e-moblity-gotowy-na-kazda-ewentualnosc-61377","status":"publish","type":"product","link":"https:\/\/as-schwabe.de\/pl\/produkt\/zestaw-ladowarka-i-adapter-e-moblity-gotowy-na-kazda-ewentualnosc-61377\/","title":{"rendered":"Zestaw adapter\u00f3w &#8222;Gotowy na ka\u017cd\u0105 ewentualno\u015b\u0107&#8220; | 61377"},"content":{"rendered":"<p>Zestaw adapter\u00f3w &#8222;Gotowy na ka\u017cd\u0105 ewentualno\u015b\u0107&#8220; to kompleksowe rozwi\u0105zanie dla os\u00f3b ceni\u0105cych sobie wszechstronno\u015b\u0107 i niezawodno\u015b\u0107 w codziennym u\u017cytkowaniu. W sk\u0142ad zestawu wchodzi \u0142adowarka model 65152 oraz pi\u0119\u0107 r\u00f3\u017cnorodnych adapter\u00f3w: E2 61373, E4 61374, E5 61375, CEE E6 61376, co pozwala na \u0142atwe i szybkie pod\u0142\u0105czenie urz\u0105dze\u0144 do r\u00f3\u017cnych gniazdek elektrycznych. Wszystkie elementy zestawu zapakowane s\u0105 w por\u0119czn\u0105 torb\u0119 ochronn\u0105, co u\u0142atwia transport i przechowywanie. Dzi\u0119ki zastosowaniu wysokiej jako\u015bci materia\u0142\u00f3w, adaptery zapewniaj\u0105 stabilne i bezpieczne zasilanie, co czyni je idealnym rozwi\u0105zaniem zar\u00f3wno w domu, jak i w podr\u00f3\u017cy. Zestaw stanowi doskona\u0142y wyb\u00f3r dla u\u017cytkownik\u00f3w poszukuj\u0105cych niezawodno\u015bci i funkcjonalno\u015bci w jednym.<\/p>","protected":false},"excerpt":{"rendered":"<div class=\"icons\" style=\"display: flex; flex-wrap: wrap; gap: 5px; align-items: center; margin-top: 10px;\"><img decoding=\"async\" src=\"https:\/\/as-schwabe.de\/wp-content\/uploads\/ikony\/znak_CE.png\" alt=\"\" width=\"50\" height=\"50\" \/><img decoding=\"async\" src=\"https:\/\/as-schwabe.de\/wp-content\/uploads\/ikony\/znak_IP44.png\" alt=\"\" width=\"50\" height=\"50\" \/><img decoding=\"async\" src=\"https:\/\/as-schwabe.de\/wp-content\/uploads\/ikony\/znak_Z.png\" alt=\"\" width=\"50\" height=\"50\" \/><img loading=\"lazy\" decoding=\"async\" src=\"https:\/\/as-schwabe.de\/wp-content\/uploads\/ikony\/znak_D.png\" alt=\"\" width=\"50\" height=\"50\" \/><img loading=\"lazy\" decoding=\"async\" src=\"https:\/\/as-schwabe.de\/wp-content\/uploads\/ikony\/znak_DE.png\" alt=\"\" width=\"50\" height=\"40\" \/><\/div>\n<ul>\n<li>Mobilna \u0142adowarka do samochodu elektrycznego Type 2 nr art. 65152, wtyczka CEE 32 A, 5P na Type 2, 400 V, maks. 32 A 22 kW <\/li>\n<li>Adapter E2 nr art. 61373 neoprenowy przew\u00f3d o d\u0142ugo\u015bci 0,3 m H07RN-F 3G2,5 <\/li>\n<li>Adapter E4 nr art. 61374 neoprenowy przew\u00f3d o d\u0142ugo\u015bci 0,3 m H07RN-F 3G2,5 <\/li>\n<li>Adapter E5 nr art. 61375 neoprenowy przew\u00f3d o d\u0142ugo\u015bci 0,3 m H07RN-F 3G6 <\/li>\n<li>Adapter CEE E6 nr art. 61376 neoprenowy przew\u00f3d o d\u0142ugo\u015bci 0,3 m H07RN-F 5G2,5 <\/li>\n<li>Torba ochronna na kable adapter\u00f3w z zamkiem b\u0142yskawicznym i uchwytami<br \/>\ndo przenoszenia, \u015brednica 40 cm<\/li>\n<\/ul>","protected":false},"featured_media":31318,"template":"","meta":{"inline_featured_image":false},"genre":[509],"product_cat":[606,591],"product_tag":[],"class_list":{"0":"post-32562","1":"product","2":"type-product","3":"status-publish","4":"has-post-thumbnail","6":"product_brand-as-schwabe-pl","7":"product_cat-elektromobilnosc-pl","8":"product_cat-adaptery-e-mobility-pl","10":"first","11":"instock","12":"shipping-taxable","13":"product-type-simple"},"aioseo_notices":[],"_links":{"self":[{"href":"https:\/\/as-schwabe.de\/pl\/wp-json\/wp\/v2\/product\/32562","targetHints":{"allow":["GET"]}}],"collection":[{"href":"https:\/\/as-schwabe.de\/pl\/wp-json\/wp\/v2\/product"}],"about":[{"href":"https:\/\/as-schwabe.de\/pl\/wp-json\/wp\/v2\/types\/product"}],"version-history":[{"count":0,"href":"https:\/\/as-schwabe.de\/pl\/wp-json\/wp\/v2\/product\/32562\/revisions"}],"wp:featuredmedia":[{"embeddable":true,"href":"https:\/\/as-schwabe.de\/pl\/wp-json\/wp\/v2\/media\/31318"}],"wp:attachment":[{"href":"https:\/\/as-schwabe.de\/pl\/wp-json\/wp\/v2\/media?parent=32562"}],"wp:term":[{"taxonomy":"product_brand","embeddable":true,"href":"https:\/\/as-schwabe.de\/pl\/wp-json\/wp\/v2\/genre?post=32562"},{"taxonomy":"product_cat","embeddable":true,"href":"https:\/\/as-schwabe.de\/pl\/wp-json\/wp\/v2\/product_cat?post=32562"},{"taxonomy":"product_tag","embeddable":true,"href":"https:\/\/as-schwabe.de\/pl\/wp-json\/wp\/v2\/product_tag?post=32562"}],"curies":[{"name":"wp","href":"https:\/\/api.w.org\/{rel}","templated":true}]}}