{"id":32561,"date":"2025-09-26T23:33:53","date_gmt":"2025-09-26T23:33:53","guid":{"rendered":"https:\/\/as-schwabe.de\/produkt\/adapter-e-mobility-do-ladowarek-samochodowych-e6-wtyk-cee-16-a-5p-na-gniazdo-cee-32-a-5p-03-m-61376\/"},"modified":"2025-10-23T00:17:42","modified_gmt":"2025-10-23T00:17:42","slug":"adapter-e-mobility-do-ladowarek-samochodowych-e6-wtyk-cee-16-a-5p-na-gniazdo-cee-32-a-5p-03-m-61376","status":"publish","type":"product","link":"https:\/\/as-schwabe.de\/pl\/produkt\/adapter-e-mobility-do-ladowarek-samochodowych-e6-wtyk-cee-16-a-5p-na-gniazdo-cee-32-a-5p-03-m-61376\/","title":{"rendered":"Adapter E-Mobility do \u0142adowarek samochodowych E6 | 61376"},"content":{"rendered":"<p>Adapter E-Mobility do \u0142adowarek samochodowych E6 to zaawansowane rozwi\u0105zanie umo\u017cliwiaj\u0105ce efektywne \u0142adowanie pojazd\u00f3w elektrycznych. Wyposa\u017cony w przew\u00f3d zasilaj\u0105cy H07RN-F 5G2,5 o d\u0142ugo\u015bci 0,3 m z wtyczk\u0105 CEE 400 V 16 A, 5P, zapewnia stabilne i bezpieczne po\u0142\u0105czenie. Dzi\u0119ki wyj\u015bciu z gniazdem CEE 400 V, 32 A, 5P, adapter obs\u0142uguje moc do 11 kW, co pozwala na szybkie \u0142adowanie pojazd\u00f3w. Z wk\u0142adk\u0105 o stopniu ochrony IP44, produkt sprawdzi si\u0119 doskonale w warunkach zewn\u0119trznych, gwarantuj\u0105c odporno\u015b\u0107 na wilgo\u0107 i py\u0142. Wybieraj\u0105c adapter E-Mobility E6, u\u017cytkownik zyskuje niezawodne narz\u0119dzie do \u0142adowania, kt\u00f3re \u0142\u0105czy wydajno\u015b\u0107 z najwy\u017cszymi standardami bezpiecze\u0144stwa.<\/p>","protected":false},"excerpt":{"rendered":"<div class=\"icons\" style=\"display: flex; flex-wrap: wrap; gap: 5px; align-items: center; margin-top: 10px;\"><img decoding=\"async\" src=\"https:\/\/as-schwabe.de\/wp-content\/uploads\/ikony\/znak_CE.png\" alt=\"\" width=\"50\" height=\"50\" \/><img decoding=\"async\" src=\"https:\/\/as-schwabe.de\/wp-content\/uploads\/ikony\/znak_IP44.png\" alt=\"\" width=\"50\" height=\"50\" \/><img decoding=\"async\" src=\"https:\/\/as-schwabe.de\/wp-content\/uploads\/ikony\/znak_Z.png\" alt=\"\" width=\"50\" height=\"50\" \/><img loading=\"lazy\" decoding=\"async\" src=\"https:\/\/as-schwabe.de\/wp-content\/uploads\/ikony\/znak_D.png\" alt=\"\" width=\"50\" height=\"50\" \/><img loading=\"lazy\" decoding=\"async\" src=\"https:\/\/as-schwabe.de\/wp-content\/uploads\/ikony\/znak_DE.png\" alt=\"\" width=\"50\" height=\"40\" \/><\/div>\n<ul>\n<li>IP44: chroniony przed cia\u0142ami obcymi i bryzgami wody <\/li>\n<li>0,3 m neoprenowy przew\u00f3d H07RN-F 5G2,5 <\/li>\n<li>maks. 11 kW<\/li>\n<\/ul>","protected":false},"featured_media":31317,"template":"","meta":{"inline_featured_image":false},"genre":[509],"product_cat":[606,591],"product_tag":[],"class_list":{"0":"post-32561","1":"product","2":"type-product","3":"status-publish","4":"has-post-thumbnail","6":"product_brand-as-schwabe-pl","7":"product_cat-elektromobilnosc-pl","8":"product_cat-adaptery-e-mobility-pl","10":"first","11":"instock","12":"shipping-taxable","13":"product-type-simple"},"aioseo_notices":[],"_links":{"self":[{"href":"https:\/\/as-schwabe.de\/pl\/wp-json\/wp\/v2\/product\/32561","targetHints":{"allow":["GET"]}}],"collection":[{"href":"https:\/\/as-schwabe.de\/pl\/wp-json\/wp\/v2\/product"}],"about":[{"href":"https:\/\/as-schwabe.de\/pl\/wp-json\/wp\/v2\/types\/product"}],"version-history":[{"count":0,"href":"https:\/\/as-schwabe.de\/pl\/wp-json\/wp\/v2\/product\/32561\/revisions"}],"wp:featuredmedia":[{"embeddable":true,"href":"https:\/\/as-schwabe.de\/pl\/wp-json\/wp\/v2\/media\/31317"}],"wp:attachment":[{"href":"https:\/\/as-schwabe.de\/pl\/wp-json\/wp\/v2\/media?parent=32561"}],"wp:term":[{"taxonomy":"product_brand","embeddable":true,"href":"https:\/\/as-schwabe.de\/pl\/wp-json\/wp\/v2\/genre?post=32561"},{"taxonomy":"product_cat","embeddable":true,"href":"https:\/\/as-schwabe.de\/pl\/wp-json\/wp\/v2\/product_cat?post=32561"},{"taxonomy":"product_tag","embeddable":true,"href":"https:\/\/as-schwabe.de\/pl\/wp-json\/wp\/v2\/product_tag?post=32561"}],"curies":[{"name":"wp","href":"https:\/\/api.w.org\/{rel}","templated":true}]}}