{"id":32560,"date":"2025-09-26T23:33:52","date_gmt":"2025-09-26T23:33:52","guid":{"rendered":"https:\/\/as-schwabe.de\/produkt\/adapter-e-mobility-do-ladowarek-samochodowych-e5-wtyk-cee-3p-32-a-na-gniazdo-cee-32-a-5p-03-m-61375\/"},"modified":"2025-10-23T00:17:41","modified_gmt":"2025-10-23T00:17:41","slug":"adapter-e-mobility-do-ladowarek-samochodowych-e5-wtyk-cee-3p-32-a-na-gniazdo-cee-32-a-5p-03-m-61375","status":"publish","type":"product","link":"https:\/\/as-schwabe.de\/pl\/produkt\/adapter-e-mobility-do-ladowarek-samochodowych-e5-wtyk-cee-3p-32-a-na-gniazdo-cee-32-a-5p-03-m-61375\/","title":{"rendered":"Adapter E-Mobility do \u0142adowarek samochodowych E5 | 61375"},"content":{"rendered":"<p>Adapter E-Mobility do \u0142adowarek samochodowych E5 to niezawodne rozwi\u0105zanie dla w\u0142a\u015bcicieli pojazd\u00f3w elektrycznych, oferuj\u0105ce funkcjonalno\u015b\u0107 zar\u00f3wno w warunkach domowych, jak i na zewn\u0105trz. Wyposa\u017cony w przew\u00f3d zasilaj\u0105cy H07RN-F 3G6 o d\u0142ugo\u015bci 0,3 m oraz wtyczk\u0119 CEE 230 V, 32 A, 3P, zapewnia stabilne po\u0142\u0105czenie z sieci\u0105 elektryczn\u0105. Zastosowanie gniazda CEE 400 V, 32 A, 5P umo\u017cliwia efektywne \u0142adowanie, oferuj\u0105c maksymaln\u0105 moc 7,2 kW. Adapter dostosowany jest do pracy w trudnych warunkach atmosferycznych dzi\u0119ki klasie ochrony IP44, co czyni go idealnym wyborem dla u\u017cytkownik\u00f3w pragn\u0105cych elastyczno\u015bci i bezpiecze\u0144stwa podczas \u0142adowania pojazd\u00f3w elektrycznych w r\u00f3\u017cnych lokalizacjach.<\/p>","protected":false},"excerpt":{"rendered":"<div class=\"icons\" style=\"display: flex; flex-wrap: wrap; gap: 5px; align-items: center; margin-top: 10px;\"><img decoding=\"async\" src=\"https:\/\/as-schwabe.de\/wp-content\/uploads\/ikony\/znak_CE.png\" alt=\"\" width=\"50\" height=\"50\" \/><img decoding=\"async\" src=\"https:\/\/as-schwabe.de\/wp-content\/uploads\/ikony\/znak_IP44.png\" alt=\"\" width=\"50\" height=\"50\" \/><img decoding=\"async\" src=\"https:\/\/as-schwabe.de\/wp-content\/uploads\/ikony\/znak_Z.png\" alt=\"\" width=\"50\" height=\"50\" \/><img loading=\"lazy\" decoding=\"async\" src=\"https:\/\/as-schwabe.de\/wp-content\/uploads\/ikony\/znak_D.png\" alt=\"\" width=\"50\" height=\"50\" \/><img loading=\"lazy\" decoding=\"async\" src=\"https:\/\/as-schwabe.de\/wp-content\/uploads\/ikony\/znak_DE.png\" alt=\"\" width=\"50\" height=\"40\" \/><\/div>\n<ul>\n<li>IP44: chroniony przed cia\u0142ami obcymi i bryzgami wody <\/li>\n<li>0,3 m neoprenowy przew\u00f3d H07RN-F 3G6 <\/li>\n<li>maks. 7,2 kW<\/li>\n<\/ul>","protected":false},"featured_media":31313,"template":"","meta":{"inline_featured_image":false},"genre":[509],"product_cat":[606,591],"product_tag":[],"class_list":{"0":"post-32560","1":"product","2":"type-product","3":"status-publish","4":"has-post-thumbnail","6":"product_brand-as-schwabe-pl","7":"product_cat-elektromobilnosc-pl","8":"product_cat-adaptery-e-mobility-pl","10":"first","11":"instock","12":"shipping-taxable","13":"product-type-simple"},"aioseo_notices":[],"_links":{"self":[{"href":"https:\/\/as-schwabe.de\/pl\/wp-json\/wp\/v2\/product\/32560","targetHints":{"allow":["GET"]}}],"collection":[{"href":"https:\/\/as-schwabe.de\/pl\/wp-json\/wp\/v2\/product"}],"about":[{"href":"https:\/\/as-schwabe.de\/pl\/wp-json\/wp\/v2\/types\/product"}],"version-history":[{"count":0,"href":"https:\/\/as-schwabe.de\/pl\/wp-json\/wp\/v2\/product\/32560\/revisions"}],"wp:featuredmedia":[{"embeddable":true,"href":"https:\/\/as-schwabe.de\/pl\/wp-json\/wp\/v2\/media\/31313"}],"wp:attachment":[{"href":"https:\/\/as-schwabe.de\/pl\/wp-json\/wp\/v2\/media?parent=32560"}],"wp:term":[{"taxonomy":"product_brand","embeddable":true,"href":"https:\/\/as-schwabe.de\/pl\/wp-json\/wp\/v2\/genre?post=32560"},{"taxonomy":"product_cat","embeddable":true,"href":"https:\/\/as-schwabe.de\/pl\/wp-json\/wp\/v2\/product_cat?post=32560"},{"taxonomy":"product_tag","embeddable":true,"href":"https:\/\/as-schwabe.de\/pl\/wp-json\/wp\/v2\/product_tag?post=32560"}],"curies":[{"name":"wp","href":"https:\/\/api.w.org\/{rel}","templated":true}]}}