{"id":32559,"date":"2025-09-26T23:33:52","date_gmt":"2025-09-26T23:33:52","guid":{"rendered":"https:\/\/as-schwabe.de\/produkt\/adapter-e-mobility-do-ladowarek-samochodowych-e4-wtyk-cee-3p-na-gniazdo-cee-32-a-5p-03-m-61374\/"},"modified":"2025-10-23T00:17:41","modified_gmt":"2025-10-23T00:17:41","slug":"adapter-e-mobility-do-ladowarek-samochodowych-e4-wtyk-cee-3p-na-gniazdo-cee-32-a-5p-03-m-61374","status":"publish","type":"product","link":"https:\/\/as-schwabe.de\/pl\/produkt\/adapter-e-mobility-do-ladowarek-samochodowych-e4-wtyk-cee-3p-na-gniazdo-cee-32-a-5p-03-m-61374\/","title":{"rendered":"Adapter E-Mobility do \u0142adowarek samochodowych E4 | 61374"},"content":{"rendered":"<p>Adapter E-Mobility do \u0142adowarek samochodowych E4 to niezawodne rozwi\u0105zanie dla u\u017cytkownik\u00f3w elektrycznych pojazd\u00f3w, kt\u00f3rzy potrzebuj\u0105 efektywnego sposobu na\u0142adowania swojego auta. Wyposa\u017cony w przew\u00f3d zasilaj\u0105cy H07RN-F 3G2,5 o d\u0142ugo\u015bci 0,3 m z wtyczk\u0105 CEE 230 V i 16 A, adapter pozwala na wygodne pod\u0142\u0105czenie do \u017ar\u00f3d\u0142a zasilania. Dzi\u0119ki wyj\u015bciu z gniazdem CEE 400 V, 32 A, 5P, u\u017cytkownik ma mo\u017cliwo\u015b\u0107 uzyskania mocy do 3500 W przy napi\u0119ciu 230 V, co zapewnia szybkie i efektywne \u0142adowanie pojazd\u00f3w. Produkt charakteryzuje si\u0119 stopniem ochrony IP44, co czyni go idealnym do u\u017cytku zar\u00f3wno w pomieszczeniach zamkni\u0119tych, jak i na zewn\u0105trz, zapewniaj\u0105c trwa\u0142o\u015b\u0107 i niezawodno\u015b\u0107 w r\u00f3\u017cnych warunkach atmosferycznych. Adapter E-Mobility to doskona\u0142y wyb\u00f3r dla wszystkich, kt\u00f3rzy chc\u0105 korzysta\u0107 z nowoczesnych rozwi\u0105za\u0144 w zakresie mobilno\u015bci elektrycznej.<\/p>","protected":false},"excerpt":{"rendered":"<div class=\"icons\" style=\"display: flex; flex-wrap: wrap; gap: 5px; align-items: center; margin-top: 10px;\"><img decoding=\"async\" src=\"https:\/\/as-schwabe.de\/wp-content\/uploads\/ikony\/znak_CE.png\" alt=\"\" width=\"50\" height=\"50\" \/><img decoding=\"async\" src=\"https:\/\/as-schwabe.de\/wp-content\/uploads\/ikony\/znak_IP44.png\" alt=\"\" width=\"50\" height=\"50\" \/><img decoding=\"async\" src=\"https:\/\/as-schwabe.de\/wp-content\/uploads\/ikony\/znak_Z.png\" alt=\"\" width=\"50\" height=\"50\" \/><img loading=\"lazy\" decoding=\"async\" src=\"https:\/\/as-schwabe.de\/wp-content\/uploads\/ikony\/znak_D.png\" alt=\"\" width=\"50\" height=\"50\" \/><img loading=\"lazy\" decoding=\"async\" src=\"https:\/\/as-schwabe.de\/wp-content\/uploads\/ikony\/znak_DE.png\" alt=\"\" width=\"50\" height=\"40\" \/><\/div>\n<ul>\n<li>IP44: chroniony przed cia\u0142ami obcymi i bryzgami wody <\/li>\n<li>0,3 m neoprenowy przew\u00f3d H07RN-F 3G2,5 <\/li>\n<li>maks. 3,5 kW<\/li>\n<\/ul>","protected":false},"featured_media":31308,"template":"","meta":{"inline_featured_image":false},"genre":[509],"product_cat":[606,591],"product_tag":[],"class_list":{"0":"post-32559","1":"product","2":"type-product","3":"status-publish","4":"has-post-thumbnail","6":"product_brand-as-schwabe-pl","7":"product_cat-elektromobilnosc-pl","8":"product_cat-adaptery-e-mobility-pl","10":"first","11":"instock","12":"shipping-taxable","13":"product-type-simple"},"aioseo_notices":[],"_links":{"self":[{"href":"https:\/\/as-schwabe.de\/pl\/wp-json\/wp\/v2\/product\/32559","targetHints":{"allow":["GET"]}}],"collection":[{"href":"https:\/\/as-schwabe.de\/pl\/wp-json\/wp\/v2\/product"}],"about":[{"href":"https:\/\/as-schwabe.de\/pl\/wp-json\/wp\/v2\/types\/product"}],"version-history":[{"count":0,"href":"https:\/\/as-schwabe.de\/pl\/wp-json\/wp\/v2\/product\/32559\/revisions"}],"wp:featuredmedia":[{"embeddable":true,"href":"https:\/\/as-schwabe.de\/pl\/wp-json\/wp\/v2\/media\/31308"}],"wp:attachment":[{"href":"https:\/\/as-schwabe.de\/pl\/wp-json\/wp\/v2\/media?parent=32559"}],"wp:term":[{"taxonomy":"product_brand","embeddable":true,"href":"https:\/\/as-schwabe.de\/pl\/wp-json\/wp\/v2\/genre?post=32559"},{"taxonomy":"product_cat","embeddable":true,"href":"https:\/\/as-schwabe.de\/pl\/wp-json\/wp\/v2\/product_cat?post=32559"},{"taxonomy":"product_tag","embeddable":true,"href":"https:\/\/as-schwabe.de\/pl\/wp-json\/wp\/v2\/product_tag?post=32559"}],"curies":[{"name":"wp","href":"https:\/\/api.w.org\/{rel}","templated":true}]}}