{"id":32558,"date":"2025-09-26T23:33:51","date_gmt":"2025-09-26T23:33:51","guid":{"rendered":"https:\/\/as-schwabe.de\/produkt\/adapter-e-mobility-do-ladowarek-samochodowych-e2-wtyk-ip44-na-gniazdo-cee-32-a-5p-03-m-61373\/"},"modified":"2025-10-23T00:17:40","modified_gmt":"2025-10-23T00:17:40","slug":"adapter-e-mobility-do-ladowarek-samochodowych-e2-wtyk-ip44-na-gniazdo-cee-32-a-5p-03-m-61373","status":"publish","type":"product","link":"https:\/\/as-schwabe.de\/pl\/produkt\/adapter-e-mobility-do-ladowarek-samochodowych-e2-wtyk-ip44-na-gniazdo-cee-32-a-5p-03-m-61373\/","title":{"rendered":"Adapter E-Mobility do \u0142adowarek samochodowych E2 | 61373"},"content":{"rendered":"<p>Adapter E-Mobility do \u0142adowarek samochodowych E2 to niezawodne rozwi\u0105zanie dla w\u0142a\u015bcicieli pojazd\u00f3w elektrycznych, zapewniaj\u0105ce \u0142atwe i bezpieczne \u0142adowanie. Wysokiej jako\u015bci przew\u00f3d zasilaj\u0105cy H07RN-F o d\u0142ugo\u015bci 0,3 m, z wtyczk\u0105 IP44, umo\u017cliwia zasilanie do 16 A i 3500 W przy napi\u0119ciu 230 V, co zapewnia szybkie \u0142adowanie. Dzi\u0119ki wyj\u015bciu w postaci gniazda CEE 400 V, 32 A, 5P, adapter jest idealny do u\u017cytku w warunkach zewn\u0119trznych, spe\u0142niaj\u0105c standardy IP44. Ten produkt jest doskona\u0142ym rozwi\u0105zaniem dla u\u017cytkownik\u00f3w, kt\u00f3rzy ceni\u0105 sobie komfort i bezpiecze\u0144stwo podczas \u0142adowania swoich samochod\u00f3w elektrycznych.<\/p>","protected":false},"excerpt":{"rendered":"<div class=\"icons\" style=\"display: flex; flex-wrap: wrap; gap: 5px; align-items: center; margin-top: 10px;\"><img decoding=\"async\" src=\"https:\/\/as-schwabe.de\/wp-content\/uploads\/ikony\/znak_CE.png\" alt=\"\" width=\"50\" height=\"50\" \/><img decoding=\"async\" src=\"https:\/\/as-schwabe.de\/wp-content\/uploads\/ikony\/znak_IP44.png\" alt=\"\" width=\"50\" height=\"50\" \/><img decoding=\"async\" src=\"https:\/\/as-schwabe.de\/wp-content\/uploads\/ikony\/znak_Z.png\" alt=\"\" width=\"50\" height=\"50\" \/><img loading=\"lazy\" decoding=\"async\" src=\"https:\/\/as-schwabe.de\/wp-content\/uploads\/ikony\/znak_D.png\" alt=\"\" width=\"50\" height=\"50\" \/><img loading=\"lazy\" decoding=\"async\" src=\"https:\/\/as-schwabe.de\/wp-content\/uploads\/ikony\/znak_DE.png\" alt=\"\" width=\"50\" height=\"40\" \/><\/div>\n<ul>\n<li>IP44: chroniony przed cia\u0142ami obcymi i bryzgami wody <\/li>\n<li>0,3 m neoprenowy przew\u00f3d H07RN-F 3G2,5 <\/li>\n<li>maks. 3,5 kW<\/li>\n<\/ul>","protected":false},"featured_media":31305,"template":"","meta":{"inline_featured_image":false},"genre":[509],"product_cat":[606,591],"product_tag":[],"class_list":{"0":"post-32558","1":"product","2":"type-product","3":"status-publish","4":"has-post-thumbnail","6":"product_brand-as-schwabe-pl","7":"product_cat-elektromobilnosc-pl","8":"product_cat-adaptery-e-mobility-pl","10":"first","11":"instock","12":"shipping-taxable","13":"product-type-simple"},"aioseo_notices":[],"_links":{"self":[{"href":"https:\/\/as-schwabe.de\/pl\/wp-json\/wp\/v2\/product\/32558","targetHints":{"allow":["GET"]}}],"collection":[{"href":"https:\/\/as-schwabe.de\/pl\/wp-json\/wp\/v2\/product"}],"about":[{"href":"https:\/\/as-schwabe.de\/pl\/wp-json\/wp\/v2\/types\/product"}],"version-history":[{"count":0,"href":"https:\/\/as-schwabe.de\/pl\/wp-json\/wp\/v2\/product\/32558\/revisions"}],"wp:featuredmedia":[{"embeddable":true,"href":"https:\/\/as-schwabe.de\/pl\/wp-json\/wp\/v2\/media\/31305"}],"wp:attachment":[{"href":"https:\/\/as-schwabe.de\/pl\/wp-json\/wp\/v2\/media?parent=32558"}],"wp:term":[{"taxonomy":"product_brand","embeddable":true,"href":"https:\/\/as-schwabe.de\/pl\/wp-json\/wp\/v2\/genre?post=32558"},{"taxonomy":"product_cat","embeddable":true,"href":"https:\/\/as-schwabe.de\/pl\/wp-json\/wp\/v2\/product_cat?post=32558"},{"taxonomy":"product_tag","embeddable":true,"href":"https:\/\/as-schwabe.de\/pl\/wp-json\/wp\/v2\/product_tag?post=32558"}],"curies":[{"name":"wp","href":"https:\/\/api.w.org\/{rel}","templated":true}]}}