{"id":32557,"date":"2025-09-26T23:33:50","date_gmt":"2025-09-26T23:33:50","guid":{"rendered":"https:\/\/as-schwabe.de\/produkt\/adapter-e-mobility-do-ladowarek-samochodowych-e3-wtyk-cee-3p-na-gniazdo-cee-16-a-5p-03-m-61372\/"},"modified":"2025-10-23T00:17:40","modified_gmt":"2025-10-23T00:17:40","slug":"adapter-e-mobility-do-ladowarek-samochodowych-e3-wtyk-cee-3p-na-gniazdo-cee-16-a-5p-03-m-61372","status":"publish","type":"product","link":"https:\/\/as-schwabe.de\/pl\/produkt\/adapter-e-mobility-do-ladowarek-samochodowych-e3-wtyk-cee-3p-na-gniazdo-cee-16-a-5p-03-m-61372\/","title":{"rendered":"Adapter E-Mobility do \u0142adowarek samochodowych E3 | 61372"},"content":{"rendered":"<p>Adapter E-Mobility do \u0142adowarek samochodowych E3 to niezawodne rozwi\u0105zanie dla u\u017cytkownik\u00f3w pojazd\u00f3w elektrycznych, kt\u00f3rzy potrzebuj\u0105 efektywnego \u0142adowania. Wyposa\u017cony w przew\u00f3d zasilaj\u0105cy H07RN-F 3G2,5 o d\u0142ugo\u015bci 0,3 m z wtyczk\u0105 CEE 230 V (16 A, 3P), adapter zapewnia solidne po\u0142\u0105czenie z sieci\u0105 elektryczn\u0105. Jego wyj\u015bcie sk\u0142ada si\u0119 z gniazda CEE 400 V (16 A, 5P), pozwalaj\u0105c na maksymalne obci\u0105\u017cenie do 3500 W, co umo\u017cliwia szybkie \u0142adowanie pojazd\u00f3w. Dzi\u0119ki klasie ochrony IP44, urz\u0105dzenie jest przystosowane do u\u017cytku na zewn\u0105trz, co czyni je idealnym rozwi\u0105zaniem do \u0142adowania w r\u00f3\u017cnych warunkach atmosferycznych. Wybieraj\u0105c adapter E-Mobility E3, u\u017cytkownicy zyskuj\u0105 nie tylko wygod\u0119, ale r\u00f3wnie\u017c bezpiecze\u0144stwo podczas \u0142adowania swojego samochodu elektrycznego.<\/p>","protected":false},"excerpt":{"rendered":"<div class=\"icons\" style=\"display: flex; flex-wrap: wrap; gap: 5px; align-items: center; margin-top: 10px;\"><img decoding=\"async\" src=\"https:\/\/as-schwabe.de\/wp-content\/uploads\/ikony\/znak_CE.png\" alt=\"\" width=\"50\" height=\"50\" \/><img decoding=\"async\" src=\"https:\/\/as-schwabe.de\/wp-content\/uploads\/ikony\/znak_IP44.png\" alt=\"\" width=\"50\" height=\"50\" \/><img decoding=\"async\" src=\"https:\/\/as-schwabe.de\/wp-content\/uploads\/ikony\/znak_Z.png\" alt=\"\" width=\"50\" height=\"50\" \/><img loading=\"lazy\" decoding=\"async\" src=\"https:\/\/as-schwabe.de\/wp-content\/uploads\/ikony\/znak_D.png\" alt=\"\" width=\"50\" height=\"50\" \/><img loading=\"lazy\" decoding=\"async\" src=\"https:\/\/as-schwabe.de\/wp-content\/uploads\/ikony\/znak_DE.png\" alt=\"\" width=\"50\" height=\"40\" \/><\/div>\n<ul>\n<li>IP44: chroniony przed cia\u0142ami obcymi i bryzgami wody <\/li>\n<li>0,3 m neoprenowy przew\u00f3d H07RN-F 3G2,5 <\/li>\n<li>maks. 3,5 kW<\/li>\n<\/ul>","protected":false},"featured_media":31303,"template":"","meta":{"inline_featured_image":false},"genre":[509],"product_cat":[606,591],"product_tag":[],"class_list":{"0":"post-32557","1":"product","2":"type-product","3":"status-publish","4":"has-post-thumbnail","6":"product_brand-as-schwabe-pl","7":"product_cat-elektromobilnosc-pl","8":"product_cat-adaptery-e-mobility-pl","10":"first","11":"instock","12":"shipping-taxable","13":"product-type-simple"},"aioseo_notices":[],"_links":{"self":[{"href":"https:\/\/as-schwabe.de\/pl\/wp-json\/wp\/v2\/product\/32557","targetHints":{"allow":["GET"]}}],"collection":[{"href":"https:\/\/as-schwabe.de\/pl\/wp-json\/wp\/v2\/product"}],"about":[{"href":"https:\/\/as-schwabe.de\/pl\/wp-json\/wp\/v2\/types\/product"}],"version-history":[{"count":0,"href":"https:\/\/as-schwabe.de\/pl\/wp-json\/wp\/v2\/product\/32557\/revisions"}],"wp:featuredmedia":[{"embeddable":true,"href":"https:\/\/as-schwabe.de\/pl\/wp-json\/wp\/v2\/media\/31303"}],"wp:attachment":[{"href":"https:\/\/as-schwabe.de\/pl\/wp-json\/wp\/v2\/media?parent=32557"}],"wp:term":[{"taxonomy":"product_brand","embeddable":true,"href":"https:\/\/as-schwabe.de\/pl\/wp-json\/wp\/v2\/genre?post=32557"},{"taxonomy":"product_cat","embeddable":true,"href":"https:\/\/as-schwabe.de\/pl\/wp-json\/wp\/v2\/product_cat?post=32557"},{"taxonomy":"product_tag","embeddable":true,"href":"https:\/\/as-schwabe.de\/pl\/wp-json\/wp\/v2\/product_tag?post=32557"}],"curies":[{"name":"wp","href":"https:\/\/api.w.org\/{rel}","templated":true}]}}