{"id":32556,"date":"2025-09-26T23:33:49","date_gmt":"2025-09-26T23:33:49","guid":{"rendered":"https:\/\/as-schwabe.de\/produkt\/adapter-e-mobility-do-ladowarek-samochodowych-e1-wtyk-ip44-na-gniazdo-cee-16-a-5p-03-m-61371\/"},"modified":"2025-10-23T00:17:39","modified_gmt":"2025-10-23T00:17:39","slug":"adapter-e-mobility-do-ladowarek-samochodowych-e1-wtyk-ip44-na-gniazdo-cee-16-a-5p-03-m-61371","status":"publish","type":"product","link":"https:\/\/as-schwabe.de\/pl\/produkt\/adapter-e-mobility-do-ladowarek-samochodowych-e1-wtyk-ip44-na-gniazdo-cee-16-a-5p-03-m-61371\/","title":{"rendered":"Adapter E-Mobility do \u0142adowarek samochodowych E1 | 61371"},"content":{"rendered":"<p>**Adapter E-Mobility do \u0142adowarek samochodowych E1** to niezawodne rozwi\u0105zanie dla w\u0142a\u015bcicieli pojazd\u00f3w elektrycznych, umo\u017cliwiaj\u0105ce efektywne \u0142adowanie w warunkach zewn\u0119trznych. Wyposa\u017cony w przew\u00f3d zasilaj\u0105cy H07RN-F 3G2,5 o d\u0142ugo\u015bci 0,3 m z wtyczk\u0105 IP44, adapter obs\u0142uguje zasilanie 230 V oraz 16 A. Jego wyj\u015bcie w postaci gniazda CEE 400 V, 16 A, 5P zapewnia maksymaln\u0105 moc 3500 W, co czyni go idealnym do intensywnego u\u017cytkowania. Dzi\u0119ki klasie ochrony IP44, produkt charakteryzuje si\u0119 wysok\u0105 odporno\u015bci\u0105 na dzia\u0142anie warunk\u00f3w atmosferycznych, co gwarantuje bezpieczne korzystanie na zewn\u0105trz. Idealnie sprawdzi si\u0119 zar\u00f3wno w domowych instalacjach, jak i w przestrzeniach publicznych, zwi\u0119kszaj\u0105c komfort u\u017cytkownik\u00f3w pojazd\u00f3w elektrycznych.<\/p>","protected":false},"excerpt":{"rendered":"<div class=\"icons\" style=\"display: flex; flex-wrap: wrap; gap: 5px; align-items: center; margin-top: 10px;\"><img decoding=\"async\" src=\"https:\/\/as-schwabe.de\/wp-content\/uploads\/ikony\/znak_CE.png\" alt=\"\" width=\"50\" height=\"50\" \/><img decoding=\"async\" src=\"https:\/\/as-schwabe.de\/wp-content\/uploads\/ikony\/znak_IP44.png\" alt=\"\" width=\"50\" height=\"50\" \/><img decoding=\"async\" src=\"https:\/\/as-schwabe.de\/wp-content\/uploads\/ikony\/znak_Z.png\" alt=\"\" width=\"50\" height=\"50\" \/><img loading=\"lazy\" decoding=\"async\" src=\"https:\/\/as-schwabe.de\/wp-content\/uploads\/ikony\/znak_D.png\" alt=\"\" width=\"50\" height=\"50\" \/><img loading=\"lazy\" decoding=\"async\" src=\"https:\/\/as-schwabe.de\/wp-content\/uploads\/ikony\/znak_DE.png\" alt=\"\" width=\"50\" height=\"40\" \/><\/div>\n<ul>\n<li>IP44: chroniony przed cia\u0142ami obcymi i bryzgami wody <\/li>\n<li>0,3 m neoprenowy przew\u00f3d H07RN-F 3G2,5 <\/li>\n<li>maks. 3,5 kW<\/li>\n<\/ul>","protected":false},"featured_media":31300,"template":"","meta":{"inline_featured_image":false},"genre":[509],"product_cat":[606,591],"product_tag":[],"class_list":{"0":"post-32556","1":"product","2":"type-product","3":"status-publish","4":"has-post-thumbnail","6":"product_brand-as-schwabe-pl","7":"product_cat-elektromobilnosc-pl","8":"product_cat-adaptery-e-mobility-pl","10":"first","11":"instock","12":"shipping-taxable","13":"product-type-simple"},"aioseo_notices":[],"_links":{"self":[{"href":"https:\/\/as-schwabe.de\/pl\/wp-json\/wp\/v2\/product\/32556","targetHints":{"allow":["GET"]}}],"collection":[{"href":"https:\/\/as-schwabe.de\/pl\/wp-json\/wp\/v2\/product"}],"about":[{"href":"https:\/\/as-schwabe.de\/pl\/wp-json\/wp\/v2\/types\/product"}],"version-history":[{"count":0,"href":"https:\/\/as-schwabe.de\/pl\/wp-json\/wp\/v2\/product\/32556\/revisions"}],"wp:featuredmedia":[{"embeddable":true,"href":"https:\/\/as-schwabe.de\/pl\/wp-json\/wp\/v2\/media\/31300"}],"wp:attachment":[{"href":"https:\/\/as-schwabe.de\/pl\/wp-json\/wp\/v2\/media?parent=32556"}],"wp:term":[{"taxonomy":"product_brand","embeddable":true,"href":"https:\/\/as-schwabe.de\/pl\/wp-json\/wp\/v2\/genre?post=32556"},{"taxonomy":"product_cat","embeddable":true,"href":"https:\/\/as-schwabe.de\/pl\/wp-json\/wp\/v2\/product_cat?post=32556"},{"taxonomy":"product_tag","embeddable":true,"href":"https:\/\/as-schwabe.de\/pl\/wp-json\/wp\/v2\/product_tag?post=32556"}],"curies":[{"name":"wp","href":"https:\/\/api.w.org\/{rel}","templated":true}]}}