{"id":32552,"date":"2025-09-26T23:33:46","date_gmt":"2025-09-26T23:33:46","guid":{"rendered":"https:\/\/as-schwabe.de\/produkt\/przedluzacz-cee-400-v-32-a-h07rn-f-5g6-5-m-61335\/"},"modified":"2025-10-23T00:17:38","modified_gmt":"2025-10-23T00:17:38","slug":"przedluzacz-cee-400-v-32-a-h07rn-f-5g6-5-m-61335","status":"publish","type":"product","link":"https:\/\/as-schwabe.de\/pl\/produkt\/przedluzacz-cee-400-v-32-a-h07rn-f-5g6-5-m-61335\/","title":{"rendered":"Przed\u0142u\u017cacz CEE 400 V, 32 A, 5P 5 m H07RN-F 5G6 | 61335"},"content":{"rendered":"<p>Przed\u0142u\u017cacz CEE 400 V, 32 A, 5P o d\u0142ugo\u015bci 5 m to niezawodne rozwi\u0105zanie dla profesjonalist\u00f3w, idealne do stosowania w trudnych warunkach na budowach oraz w przestrzeniach zewn\u0119trznych. Wyposa\u017cony w wtyczk\u0119 CEE 400 V, 32 A, 5P oraz gniazdo o tych samych parametrach, zapewnia maksymaln\u0105 moc 22 kW, co umo\u017cliwia zasilanie wymagaj\u0105cych urz\u0105dze\u0144 elektrycznych. Kabel H07RN-F 5G6 w kolorze czarnym charakteryzuje si\u0119 wysok\u0105 odporno\u015bci\u0105 na uszkodzenia mechaniczne oraz wp\u0142yw warunk\u00f3w atmosferycznych, co zwi\u0119ksza jego trwa\u0142o\u015b\u0107 i bezpiecze\u0144stwo u\u017cytkowania. Klasa szczelno\u015bci IP44 zapewnia dodatkow\u0105 ochron\u0119 przed wilgoci\u0105 oraz cia\u0142ami sta\u0142ymi, co czyni go idealnym wyborem do zewn\u0119trznych zastosowa\u0144. Przed\u0142u\u017cacz ten to gwarancja efektywnego i bezpiecznego zasilania w ka\u017cdych warunkach.<\/p>","protected":false},"excerpt":{"rendered":"<div class=\"icons\" style=\"display: flex; flex-wrap: wrap; gap: 5px; align-items: center; margin-top: 10px;\"><img decoding=\"async\" src=\"https:\/\/as-schwabe.de\/wp-content\/uploads\/ikony\/znak_CE.png\" alt=\"\" width=\"50\" height=\"50\" \/><img decoding=\"async\" src=\"https:\/\/as-schwabe.de\/wp-content\/uploads\/ikony\/znak_IP44.png\" alt=\"\" width=\"50\" height=\"50\" \/><img decoding=\"async\" src=\"https:\/\/as-schwabe.de\/wp-content\/uploads\/ikony\/znak_PB.png\" alt=\"\" width=\"50\" height=\"50\" \/><img loading=\"lazy\" decoding=\"async\" src=\"https:\/\/as-schwabe.de\/wp-content\/uploads\/ikony\/znak_Z.png\" alt=\"\" width=\"50\" height=\"50\" \/><img loading=\"lazy\" decoding=\"async\" src=\"https:\/\/as-schwabe.de\/wp-content\/uploads\/ikony\/znak_D.png\" alt=\"\" width=\"50\" height=\"50\" \/><img loading=\"lazy\" decoding=\"async\" src=\"https:\/\/as-schwabe.de\/wp-content\/uploads\/ikony\/znak_DE.png\" alt=\"\" width=\"50\" height=\"40\" \/><\/div>\n<ul>\n<li>Przed\u0142u\u017cacz wysokopr\u0105dowy CEE do stosowania na budowach i w rolnictwie 5 m H07RN-F 5G6 <\/li>\n<li>z wysokiej jako\u015bci wtyczk\u0105 CEE i gniazdem CEE z uchyln\u0105 klapk\u0105 <\/li>\n<li>wtyczki i gniazda najnowszej generacji \u201eMade in Germany\u201d <\/li>\n<li>400 V, 5P, 6h <\/li>\n<li>IP44: chroniony przed cia\u0142ami obcymi i bryzgami wody<\/li>\n<\/ul>","protected":false},"featured_media":31290,"template":"","meta":{"inline_featured_image":false},"genre":[509],"product_cat":[518,569],"product_tag":[],"class_list":{"0":"post-32552","1":"product","2":"type-product","3":"status-publish","4":"has-post-thumbnail","6":"product_brand-as-schwabe-pl","7":"product_cat-asortyment-produktow-cee-400-v-pl","8":"product_cat-przedluzacze-cee-i-wtyczki-testujace-cee-pl","10":"first","11":"instock","12":"shipping-taxable","13":"product-type-simple"},"aioseo_notices":[],"_links":{"self":[{"href":"https:\/\/as-schwabe.de\/pl\/wp-json\/wp\/v2\/product\/32552","targetHints":{"allow":["GET"]}}],"collection":[{"href":"https:\/\/as-schwabe.de\/pl\/wp-json\/wp\/v2\/product"}],"about":[{"href":"https:\/\/as-schwabe.de\/pl\/wp-json\/wp\/v2\/types\/product"}],"version-history":[{"count":0,"href":"https:\/\/as-schwabe.de\/pl\/wp-json\/wp\/v2\/product\/32552\/revisions"}],"wp:featuredmedia":[{"embeddable":true,"href":"https:\/\/as-schwabe.de\/pl\/wp-json\/wp\/v2\/media\/31290"}],"wp:attachment":[{"href":"https:\/\/as-schwabe.de\/pl\/wp-json\/wp\/v2\/media?parent=32552"}],"wp:term":[{"taxonomy":"product_brand","embeddable":true,"href":"https:\/\/as-schwabe.de\/pl\/wp-json\/wp\/v2\/genre?post=32552"},{"taxonomy":"product_cat","embeddable":true,"href":"https:\/\/as-schwabe.de\/pl\/wp-json\/wp\/v2\/product_cat?post=32552"},{"taxonomy":"product_tag","embeddable":true,"href":"https:\/\/as-schwabe.de\/pl\/wp-json\/wp\/v2\/product_tag?post=32552"}],"curies":[{"name":"wp","href":"https:\/\/api.w.org\/{rel}","templated":true}]}}