{"id":32549,"date":"2025-09-26T23:33:44","date_gmt":"2025-09-26T23:33:44","guid":{"rendered":"https:\/\/as-schwabe.de\/produkt\/przedluzacz-cee-400-v-16-a-h07rn-f-5g15-5-m-61205\/"},"modified":"2025-10-23T00:17:37","modified_gmt":"2025-10-23T00:17:37","slug":"przedluzacz-cee-400-v-16-a-h07rn-f-5g15-5-m-61205","status":"publish","type":"product","link":"https:\/\/as-schwabe.de\/pl\/produkt\/przedluzacz-cee-400-v-16-a-h07rn-f-5g15-5-m-61205\/","title":{"rendered":"Przed\u0142u\u017cacz CEE 400 V, 16 A, 5P 5 m H07RN-F 5G1,5 | 61205"},"content":{"rendered":"<p>Przed\u0142u\u017cacz CEE 400 V, 16 A, 5P o d\u0142ugo\u015bci 5 metr\u00f3w to niezawodne rozwi\u0105zanie dla u\u017cytkownik\u00f3w potrzebuj\u0105cych dodatkowego zasilania w warunkach zewn\u0119trznych oraz na budowach. Wyposa\u017cony w trwa\u0142\u0105 wtyczk\u0119 i gniazdo CEE 400 V, 16 A, 5P, jego konstrukcja zapewnia maksymalne obci\u0105\u017cenie do 11 kW oraz ochron\u0119 na poziomie IP44, co gwarantuje odporno\u015b\u0107 na dzia\u0142anie wilgoci i py\u0142\u00f3w. Dzi\u0119ki zastosowaniu kabla H07RN-F 5G1,5 w kolorze czarnym, produkt charakteryzuje si\u0119 wysok\u0105 elastyczno\u015bci\u0105 oraz odporno\u015bci\u0105 na uszkodzenia mechaniczne. To wszechstronne akcesorium sprawdzi si\u0119 doskonale zar\u00f3wno w budownictwie, jak i w zastosowaniach przemys\u0142owych, zapewniaj\u0105c stabilne i bezpieczne zasilanie urz\u0105dze\u0144 elektrycznych.<\/p>","protected":false},"excerpt":{"rendered":"<div class=\"icons\" style=\"display: flex; flex-wrap: wrap; gap: 5px; align-items: center; margin-top: 10px;\"><img decoding=\"async\" src=\"https:\/\/as-schwabe.de\/wp-content\/uploads\/ikony\/znak_CE.png\" alt=\"\" width=\"50\" height=\"50\" \/><img decoding=\"async\" src=\"https:\/\/as-schwabe.de\/wp-content\/uploads\/ikony\/znak_IP44.png\" alt=\"\" width=\"50\" height=\"50\" \/><img decoding=\"async\" src=\"https:\/\/as-schwabe.de\/wp-content\/uploads\/ikony\/znak_PB.png\" alt=\"\" width=\"50\" height=\"50\" \/><img loading=\"lazy\" decoding=\"async\" src=\"https:\/\/as-schwabe.de\/wp-content\/uploads\/ikony\/znak_Z.png\" alt=\"\" width=\"50\" height=\"50\" \/><img loading=\"lazy\" decoding=\"async\" src=\"https:\/\/as-schwabe.de\/wp-content\/uploads\/ikony\/znak_D.png\" alt=\"\" width=\"50\" height=\"50\" \/><img loading=\"lazy\" decoding=\"async\" src=\"https:\/\/as-schwabe.de\/wp-content\/uploads\/ikony\/znak_DE.png\" alt=\"\" width=\"50\" height=\"40\" \/><\/div>\n<ul>\n<li>Przed\u0142u\u017cacz wysokopr\u0105dowy CEE do stosowania na budowach i w rolnictwie 5 m H07RN-F 5G1,5 <\/li>\n<li>z wysokiej jako\u015bci wtyczk\u0105 CEE i gniazdem CEE z uchyln\u0105 klapk\u0105 <\/li>\n<li>wtyczki i gniazda najnowszej generacji \u201eMade in Germany\u201d <\/li>\n<li>400 V, 5P, 6h <\/li>\n<li>IP44: chroniony przed cia\u0142ami obcymi i bryzgami wody<\/li>\n<\/ul>","protected":false},"featured_media":31285,"template":"","meta":{"inline_featured_image":false},"genre":[509],"product_cat":[518,569],"product_tag":[],"class_list":{"0":"post-32549","1":"product","2":"type-product","3":"status-publish","4":"has-post-thumbnail","6":"product_brand-as-schwabe-pl","7":"product_cat-asortyment-produktow-cee-400-v-pl","8":"product_cat-przedluzacze-cee-i-wtyczki-testujace-cee-pl","10":"first","11":"instock","12":"shipping-taxable","13":"product-type-simple"},"aioseo_notices":[],"_links":{"self":[{"href":"https:\/\/as-schwabe.de\/pl\/wp-json\/wp\/v2\/product\/32549","targetHints":{"allow":["GET"]}}],"collection":[{"href":"https:\/\/as-schwabe.de\/pl\/wp-json\/wp\/v2\/product"}],"about":[{"href":"https:\/\/as-schwabe.de\/pl\/wp-json\/wp\/v2\/types\/product"}],"version-history":[{"count":0,"href":"https:\/\/as-schwabe.de\/pl\/wp-json\/wp\/v2\/product\/32549\/revisions"}],"wp:featuredmedia":[{"embeddable":true,"href":"https:\/\/as-schwabe.de\/pl\/wp-json\/wp\/v2\/media\/31285"}],"wp:attachment":[{"href":"https:\/\/as-schwabe.de\/pl\/wp-json\/wp\/v2\/media?parent=32549"}],"wp:term":[{"taxonomy":"product_brand","embeddable":true,"href":"https:\/\/as-schwabe.de\/pl\/wp-json\/wp\/v2\/genre?post=32549"},{"taxonomy":"product_cat","embeddable":true,"href":"https:\/\/as-schwabe.de\/pl\/wp-json\/wp\/v2\/product_cat?post=32549"},{"taxonomy":"product_tag","embeddable":true,"href":"https:\/\/as-schwabe.de\/pl\/wp-json\/wp\/v2\/product_tag?post=32549"}],"curies":[{"name":"wp","href":"https:\/\/api.w.org\/{rel}","templated":true}]}}