{"id":32545,"date":"2025-09-26T23:33:41","date_gmt":"2025-09-26T23:33:41","guid":{"rendered":"https:\/\/as-schwabe.de\/produkt\/przedluzacz-cee-400-v-125-a-5p-h07rn-f-5g35-25-m-61080\/"},"modified":"2025-10-23T00:17:35","modified_gmt":"2025-10-23T00:17:35","slug":"przedluzacz-cee-400-v-125-a-5p-h07rn-f-5g35-25-m-61080","status":"publish","type":"product","link":"https:\/\/as-schwabe.de\/pl\/produkt\/przedluzacz-cee-400-v-125-a-5p-h07rn-f-5g35-25-m-61080\/","title":{"rendered":"Przed\u0142u\u017cacz CEE 400 V, 125 A, 5P 25 m H07RN-F 5G35 | 61080"},"content":{"rendered":"<p>Przed\u0142u\u017cacz CEE 400 V, 125 A, 5P o d\u0142ugo\u015bci 25 m to niezawodne rozwi\u0105zanie dla profesjonalist\u00f3w wymagaj\u0105cych wysokiej wydajno\u015bci i bezpiecze\u0144stwa w trudnych warunkach. Wyposa\u017cony w wtyczk\u0119 oraz gniazdo CEE o maksymalnych parametrach 400 V i 125 A, oferuje moc do 86 kW, co czyni go idealnym narz\u0119dziem do zasilania sprz\u0119tu na budowach oraz w zastosowaniach przemys\u0142owych. Kabel H07RN-F 5G35 o wysokiej elastyczno\u015bci i odporno\u015bci na czynniki atmosferyczne zapewnia u\u017cytkowanie na zewn\u0105trz, a stopie\u0144 ochrony IP44 gwarantuje bezpiecze\u0144stwo u\u017cytkowania nawet w trudnych warunkach. Dzi\u0119ki solidnej konstrukcji i wysokiej jako\u015bci materia\u0142\u00f3w, przed\u0142u\u017cacz ten zapewnia niezawodne po\u0142\u0105czenie i d\u0142ugotrwa\u0142e u\u017cytkowanie.<\/p>","protected":false},"excerpt":{"rendered":"<div class=\"icons\" style=\"display: flex; flex-wrap: wrap; gap: 5px; align-items: center; margin-top: 10px;\"><img decoding=\"async\" src=\"https:\/\/as-schwabe.de\/wp-content\/uploads\/ikony\/znak_CE.png\" alt=\"\" width=\"50\" height=\"50\" \/><img decoding=\"async\" src=\"https:\/\/as-schwabe.de\/wp-content\/uploads\/ikony\/znak_IP67.png\" alt=\"\" width=\"50\" height=\"50\" \/><img decoding=\"async\" src=\"https:\/\/as-schwabe.de\/wp-content\/uploads\/ikony\/znak_PB.png\" alt=\"\" width=\"50\" height=\"50\" \/><img loading=\"lazy\" decoding=\"async\" src=\"https:\/\/as-schwabe.de\/wp-content\/uploads\/ikony\/znak_Z.png\" alt=\"\" width=\"50\" height=\"50\" \/><img loading=\"lazy\" decoding=\"async\" src=\"https:\/\/as-schwabe.de\/wp-content\/uploads\/ikony\/znak_D.png\" alt=\"\" width=\"50\" height=\"50\" \/><img loading=\"lazy\" decoding=\"async\" src=\"https:\/\/as-schwabe.de\/wp-content\/uploads\/ikony\/znak_DE.png\" alt=\"\" width=\"50\" height=\"40\" \/><\/div>\n<ul>\n<li>Przed\u0142u\u017cacz wysokopr\u0105dowy CEE do stosowania na budowach i w rolnictwie 25 m H07RN-F 5G35 <\/li>\n<li>z wysokiej jako\u015bci wtyczk\u0105 CEE i gniazdem CEE z uchyln\u0105 klapk\u0105 <\/li>\n<li>wyj\u0105tkowo wytrzyma\u0142y, odporny na uderzenia i wyj\u0105tkowo \u0142atwy do uchwycenia dzi\u0119ki unikalnej gumowej pow\u0142oce na powierzchniach uchwytu <\/li>\n<li>IP67: ochrona przed kurzem i wodoodporno\u015b\u0107 przy chwilowym zanurzeniu <\/li>\n<li>400 V, 5P, 6h<\/li>\n<\/ul>","protected":false},"featured_media":31277,"template":"","meta":{"inline_featured_image":false},"genre":[509],"product_cat":[518,569],"product_tag":[],"class_list":{"0":"post-32545","1":"product","2":"type-product","3":"status-publish","4":"has-post-thumbnail","6":"product_brand-as-schwabe-pl","7":"product_cat-asortyment-produktow-cee-400-v-pl","8":"product_cat-przedluzacze-cee-i-wtyczki-testujace-cee-pl","10":"first","11":"instock","12":"shipping-taxable","13":"product-type-simple"},"aioseo_notices":[],"_links":{"self":[{"href":"https:\/\/as-schwabe.de\/pl\/wp-json\/wp\/v2\/product\/32545","targetHints":{"allow":["GET"]}}],"collection":[{"href":"https:\/\/as-schwabe.de\/pl\/wp-json\/wp\/v2\/product"}],"about":[{"href":"https:\/\/as-schwabe.de\/pl\/wp-json\/wp\/v2\/types\/product"}],"version-history":[{"count":0,"href":"https:\/\/as-schwabe.de\/pl\/wp-json\/wp\/v2\/product\/32545\/revisions"}],"wp:featuredmedia":[{"embeddable":true,"href":"https:\/\/as-schwabe.de\/pl\/wp-json\/wp\/v2\/media\/31277"}],"wp:attachment":[{"href":"https:\/\/as-schwabe.de\/pl\/wp-json\/wp\/v2\/media?parent=32545"}],"wp:term":[{"taxonomy":"product_brand","embeddable":true,"href":"https:\/\/as-schwabe.de\/pl\/wp-json\/wp\/v2\/genre?post=32545"},{"taxonomy":"product_cat","embeddable":true,"href":"https:\/\/as-schwabe.de\/pl\/wp-json\/wp\/v2\/product_cat?post=32545"},{"taxonomy":"product_tag","embeddable":true,"href":"https:\/\/as-schwabe.de\/pl\/wp-json\/wp\/v2\/product_tag?post=32545"}],"curies":[{"name":"wp","href":"https:\/\/api.w.org\/{rel}","templated":true}]}}