{"id":32544,"date":"2025-09-26T23:33:41","date_gmt":"2025-09-26T23:33:41","guid":{"rendered":"https:\/\/as-schwabe.de\/produkt\/lancuch-przedluzajacy-do-zwieszania-d40-na-metry-61070\/"},"modified":"2025-10-23T00:17:35","modified_gmt":"2025-10-23T00:17:35","slug":"lancuch-przedluzajacy-do-zwieszania-d40-na-metry-61070","status":"publish","type":"product","link":"https:\/\/as-schwabe.de\/pl\/produkt\/lancuch-przedluzajacy-do-zwieszania-d40-na-metry-61070\/","title":{"rendered":"\u0141a\u0144cuch przed\u0142u\u017caj\u0105cy do zwieszania, D4,0 mm, na metry | 61070"},"content":{"rendered":"<p>\u0141a\u0144cuch przed\u0142u\u017caj\u0105cy do zwieszania, D4,0 na metry, to wysokiej jako\u015bci produkt wykonany z trwa\u0142ych materia\u0142\u00f3w, zapewniaj\u0105cy niezawodno\u015b\u0107 i bezpiecze\u0144stwo w zastosowaniach elektrycznych i budowlanych. Oferowany w metrach, idealnie nadaje si\u0119 do monta\u017cu system\u00f3w o\u015bwietleniowych, konstrukcji halowych oraz wszelkiego rodzaju instalacji wymagaj\u0105cych solidnego podwieszenia. Dzi\u0119ki \u015brednicy 4,0 mm oraz wysokiej odporno\u015bci na korozj\u0119, \u0142a\u0144cuch charakteryzuje si\u0119 d\u0142ugowieczno\u015bci\u0105 i stabilno\u015bci\u0105 w trudnych warunkach. Jego elastyczno\u015b\u0107 w u\u017cyciu pozwala na \u0142atwe dopasowanie do indywidualnych potrzeb klient\u00f3w, co czyni go doskona\u0142ym wyborem zar\u00f3wno dla profesjonalist\u00f3w, jak i majsterkowicz\u00f3w.<\/p>","protected":false},"excerpt":{"rendered":"<div class=\"icons\" style=\"display: flex; flex-wrap: wrap; gap: 5px; align-items: center; margin-top: 10px;\"><img decoding=\"async\" src=\"https:\/\/as-schwabe.de\/wp-content\/uploads\/ikony\/znak_CE.png\" alt=\"\" width=\"50\" height=\"50\" \/><img decoding=\"async\" src=\"https:\/\/as-schwabe.de\/wp-content\/uploads\/ikony\/znak_PB.png\" alt=\"\" width=\"50\" height=\"50\" \/><img decoding=\"async\" src=\"https:\/\/as-schwabe.de\/wp-content\/uploads\/ikony\/znak_Z.png\" alt=\"\" width=\"50\" height=\"50\" \/><img loading=\"lazy\" decoding=\"async\" src=\"https:\/\/as-schwabe.de\/wp-content\/uploads\/ikony\/znak_D.png\" alt=\"\" width=\"50\" height=\"50\" \/><img loading=\"lazy\" decoding=\"async\" src=\"https:\/\/as-schwabe.de\/wp-content\/uploads\/ikony\/znak_DE.png\" alt=\"\" width=\"50\" height=\"40\" \/><\/div>\n<ul>\n<li>\u0142a\u0144cuch przed\u0142u\u017caj\u0105cy, na metry<\/li>\n<\/ul>","protected":false},"featured_media":31270,"template":"","meta":{"inline_featured_image":false},"genre":[509],"product_cat":[585,586],"product_tag":[],"class_list":{"0":"post-32544","1":"product","2":"type-product","3":"status-publish","4":"has-post-thumbnail","6":"product_brand-as-schwabe-pl","7":"product_cat-podwieszane-rozdzielnice-energii-i-podwieszane-rozdzielacze-pradu-pl","8":"product_cat-podwieszane-rozdzielnice-energii-mixo-power-cubes-pl","10":"first","11":"instock","12":"shipping-taxable","13":"product-type-simple"},"aioseo_notices":[],"_links":{"self":[{"href":"https:\/\/as-schwabe.de\/pl\/wp-json\/wp\/v2\/product\/32544","targetHints":{"allow":["GET"]}}],"collection":[{"href":"https:\/\/as-schwabe.de\/pl\/wp-json\/wp\/v2\/product"}],"about":[{"href":"https:\/\/as-schwabe.de\/pl\/wp-json\/wp\/v2\/types\/product"}],"version-history":[{"count":0,"href":"https:\/\/as-schwabe.de\/pl\/wp-json\/wp\/v2\/product\/32544\/revisions"}],"wp:featuredmedia":[{"embeddable":true,"href":"https:\/\/as-schwabe.de\/pl\/wp-json\/wp\/v2\/media\/31270"}],"wp:attachment":[{"href":"https:\/\/as-schwabe.de\/pl\/wp-json\/wp\/v2\/media?parent=32544"}],"wp:term":[{"taxonomy":"product_brand","embeddable":true,"href":"https:\/\/as-schwabe.de\/pl\/wp-json\/wp\/v2\/genre?post=32544"},{"taxonomy":"product_cat","embeddable":true,"href":"https:\/\/as-schwabe.de\/pl\/wp-json\/wp\/v2\/product_cat?post=32544"},{"taxonomy":"product_tag","embeddable":true,"href":"https:\/\/as-schwabe.de\/pl\/wp-json\/wp\/v2\/product_tag?post=32544"}],"curies":[{"name":"wp","href":"https:\/\/api.w.org\/{rel}","templated":true}]}}