{"id":32543,"date":"2025-09-26T23:33:40","date_gmt":"2025-09-26T23:33:40","guid":{"rendered":"https:\/\/as-schwabe.de\/produkt\/przedluzacz-cee-400-v-63-a-5p-h07rn-f-5g16-50-m-61041\/"},"modified":"2025-10-23T00:17:35","modified_gmt":"2025-10-23T00:17:35","slug":"przedluzacz-cee-400-v-63-a-5p-h07rn-f-5g16-50-m-61041","status":"publish","type":"product","link":"https:\/\/as-schwabe.de\/pl\/produkt\/przedluzacz-cee-400-v-63-a-5p-h07rn-f-5g16-50-m-61041\/","title":{"rendered":"Przed\u0142u\u017cacz CEE 400 V, 63 A, 5P 50 m H07RN-F 5G16 | 61041"},"content":{"rendered":"<p>Przed\u0142u\u017cacz CEE o napi\u0119ciu 400 V i nat\u0119\u017ceniu 63 A, z 5-bolcowym z\u0142\u0105czem, to niezawodne rozwi\u0105zanie do zasilania urz\u0105dze\u0144 w trudnych warunkach zewn\u0119trznych oraz na budowach. D\u0142ugo\u015b\u0107 kabla wynosz\u0105ca 50 metr\u00f3w zapewnia du\u017c\u0105 elastyczno\u015b\u0107 w rozmieszczaniu sprz\u0119tu oraz maksymaln\u0105 swobod\u0119 ruchu. Wykonanie z przewodu H07RN-F 5G16 w kolorze czarnym gwarantuje wysok\u0105 wytrzyma\u0142o\u015b\u0107 na dzia\u0142anie niekorzystnych warunk\u00f3w atmosferycznych. Gniazdo i wtyczka o klasie ochrony IP44 zapewniaj\u0105 odporno\u015b\u0107 na wod\u0119 i kurz, co czyni produkt idealnym do u\u017cytku w terenie. Dzi\u0119ki maksymalnej wydajno\u015bci 43 kW, przed\u0142u\u017cacz doskonale sprawdzi si\u0119 w profesjonalnych zastosowaniach, takich jak zasilanie maszyn budowlanych czy sprz\u0119tu eventowego.<\/p>","protected":false},"excerpt":{"rendered":"<div class=\"icons\" style=\"display: flex; flex-wrap: wrap; gap: 5px; align-items: center; margin-top: 10px;\"><img decoding=\"async\" src=\"https:\/\/as-schwabe.de\/wp-content\/uploads\/ikony\/znak_CE.png\" alt=\"\" width=\"50\" height=\"50\" \/><img decoding=\"async\" src=\"https:\/\/as-schwabe.de\/wp-content\/uploads\/ikony\/znak_IP44.png\" alt=\"\" width=\"50\" height=\"50\" \/><img decoding=\"async\" src=\"https:\/\/as-schwabe.de\/wp-content\/uploads\/ikony\/znak_PB.png\" alt=\"\" width=\"50\" height=\"50\" \/><img loading=\"lazy\" decoding=\"async\" src=\"https:\/\/as-schwabe.de\/wp-content\/uploads\/ikony\/znak_Z.png\" alt=\"\" width=\"50\" height=\"50\" \/><img loading=\"lazy\" decoding=\"async\" src=\"https:\/\/as-schwabe.de\/wp-content\/uploads\/ikony\/znak_D.png\" alt=\"\" width=\"50\" height=\"50\" \/><img loading=\"lazy\" decoding=\"async\" src=\"https:\/\/as-schwabe.de\/wp-content\/uploads\/ikony\/znak_DE.png\" alt=\"\" width=\"50\" height=\"40\" \/><\/div>\n<ul>\n<li>Przed\u0142u\u017cacz wysokopr\u0105dowy CEE do stosowania na budowach i w rolnictwie 50 m H07RN-F 5G16 <\/li>\n<li>z wysokiej jako\u015bci wtyczk\u0105 CEE i gniazdem CEE z uchyln\u0105 klapk\u0105 <\/li>\n<li>wyj\u0105tkowo wytrzyma\u0142y, odporny na uderzenia i wyj\u0105tkowo \u0142atwy do uchwycenia dzi\u0119ki unikalnej gumowej pow\u0142oce na powierzchniach uchwytu <\/li>\n<li>IP44: chroniony przed cia\u0142ami obcymi i bryzgami wody <\/li>\n<li>400 V, 5P, 6h<\/li>\n<\/ul>","protected":false},"featured_media":31264,"template":"","meta":{"inline_featured_image":false},"genre":[509],"product_cat":[518,569],"product_tag":[],"class_list":{"0":"post-32543","1":"product","2":"type-product","3":"status-publish","4":"has-post-thumbnail","6":"product_brand-as-schwabe-pl","7":"product_cat-asortyment-produktow-cee-400-v-pl","8":"product_cat-przedluzacze-cee-i-wtyczki-testujace-cee-pl","10":"first","11":"instock","12":"shipping-taxable","13":"product-type-simple"},"aioseo_notices":[],"_links":{"self":[{"href":"https:\/\/as-schwabe.de\/pl\/wp-json\/wp\/v2\/product\/32543","targetHints":{"allow":["GET"]}}],"collection":[{"href":"https:\/\/as-schwabe.de\/pl\/wp-json\/wp\/v2\/product"}],"about":[{"href":"https:\/\/as-schwabe.de\/pl\/wp-json\/wp\/v2\/types\/product"}],"version-history":[{"count":0,"href":"https:\/\/as-schwabe.de\/pl\/wp-json\/wp\/v2\/product\/32543\/revisions"}],"wp:featuredmedia":[{"embeddable":true,"href":"https:\/\/as-schwabe.de\/pl\/wp-json\/wp\/v2\/media\/31264"}],"wp:attachment":[{"href":"https:\/\/as-schwabe.de\/pl\/wp-json\/wp\/v2\/media?parent=32543"}],"wp:term":[{"taxonomy":"product_brand","embeddable":true,"href":"https:\/\/as-schwabe.de\/pl\/wp-json\/wp\/v2\/genre?post=32543"},{"taxonomy":"product_cat","embeddable":true,"href":"https:\/\/as-schwabe.de\/pl\/wp-json\/wp\/v2\/product_cat?post=32543"},{"taxonomy":"product_tag","embeddable":true,"href":"https:\/\/as-schwabe.de\/pl\/wp-json\/wp\/v2\/product_tag?post=32543"}],"curies":[{"name":"wp","href":"https:\/\/api.w.org\/{rel}","templated":true}]}}