{"id":32542,"date":"2025-09-26T23:33:39","date_gmt":"2025-09-26T23:33:39","guid":{"rendered":"https:\/\/as-schwabe.de\/produkt\/przedluzacz-cee-400-v-63-a-5p-h07rn-f-5g16-25-m-61040\/"},"modified":"2025-10-23T00:17:34","modified_gmt":"2025-10-23T00:17:34","slug":"przedluzacz-cee-400-v-63-a-5p-h07rn-f-5g16-25-m-61040","status":"publish","type":"product","link":"https:\/\/as-schwabe.de\/pl\/produkt\/przedluzacz-cee-400-v-63-a-5p-h07rn-f-5g16-25-m-61040\/","title":{"rendered":"Przed\u0142u\u017cacz CEE 400 V, 63 A, 5P 25 m H07RN-F 5G16 | 61040"},"content":{"rendered":"<p>Przed\u0142u\u017cacz CEE 400 V, 63 A, 5P o d\u0142ugo\u015bci 25 m to solidne i niezawodne rozwi\u0105zanie dla wymagaj\u0105cych zastosowa\u0144 w budownictwie oraz na zewn\u0105trz. Wyposa\u017cony w wtyczk\u0119 i gniazdo CEE 400 V, 63 A, 5P zapewnia maksymalne obci\u0105\u017cenie do 43 kW, co czyni go idealnym do zasilania maszyn i urz\u0105dze\u0144 wymagaj\u0105cych du\u017cej mocy. Wykonany z kabla H07RN-F 5G16, charakteryzuje si\u0119 wysok\u0105 odporno\u015bci\u0105 na uszkodzenia mechaniczne oraz warunki atmosferyczne, co gwarantuje d\u0142ugotrwa\u0142e i bezpieczne u\u017cytkowanie. Dzi\u0119ki stopniowi ochrony IP44, jest odporny na dzia\u0142ania kurzu i wilgoci, co sprawia, \u017ce doskonale sprawdzi si\u0119 w trudnych warunkach pracy. Przed\u0142u\u017cacz ten to idealne rozwi\u0105zanie dla profesjonalist\u00f3w, kt\u00f3rzy ceni\u0105 sobie jako\u015b\u0107 i bezpiecze\u0144stwo w codziennej pracy.<\/p>","protected":false},"excerpt":{"rendered":"<div class=\"icons\" style=\"display: flex; flex-wrap: wrap; gap: 5px; align-items: center; margin-top: 10px;\"><img decoding=\"async\" src=\"https:\/\/as-schwabe.de\/wp-content\/uploads\/ikony\/znak_CE.png\" alt=\"\" width=\"50\" height=\"50\" \/><img decoding=\"async\" src=\"https:\/\/as-schwabe.de\/wp-content\/uploads\/ikony\/znak_IP44.png\" alt=\"\" width=\"50\" height=\"50\" \/><img decoding=\"async\" src=\"https:\/\/as-schwabe.de\/wp-content\/uploads\/ikony\/znak_PB.png\" alt=\"\" width=\"50\" height=\"50\" \/><img loading=\"lazy\" decoding=\"async\" src=\"https:\/\/as-schwabe.de\/wp-content\/uploads\/ikony\/znak_Z.png\" alt=\"\" width=\"50\" height=\"50\" \/><img loading=\"lazy\" decoding=\"async\" src=\"https:\/\/as-schwabe.de\/wp-content\/uploads\/ikony\/znak_D.png\" alt=\"\" width=\"50\" height=\"50\" \/><img loading=\"lazy\" decoding=\"async\" src=\"https:\/\/as-schwabe.de\/wp-content\/uploads\/ikony\/znak_DE.png\" alt=\"\" width=\"50\" height=\"40\" \/><\/div>\n<ul>\n<li>Przed\u0142u\u017cacz wysokopr\u0105dowy CEE do stosowania na budowach i w rolnictwie 25 m H07RN-F 5G16 <\/li>\n<li>z wysokiej jako\u015bci wtyczk\u0105 CEE i gniazdem CEE z uchyln\u0105 klapk\u0105 <\/li>\n<li>wyj\u0105tkowo wytrzyma\u0142y, odporny na uderzenia i wyj\u0105tkowo \u0142atwy do uchwycenia dzi\u0119ki unikalnej gumowej pow\u0142oce na powierzchniach uchwytu <\/li>\n<li>IP44: chroniony przed cia\u0142ami obcymi i bryzgami wody <\/li>\n<li>400 V, 5P, 6h<\/li>\n<\/ul>","protected":false},"featured_media":31267,"template":"","meta":{"inline_featured_image":false},"genre":[509],"product_cat":[518,569],"product_tag":[],"class_list":{"0":"post-32542","1":"product","2":"type-product","3":"status-publish","4":"has-post-thumbnail","6":"product_brand-as-schwabe-pl","7":"product_cat-asortyment-produktow-cee-400-v-pl","8":"product_cat-przedluzacze-cee-i-wtyczki-testujace-cee-pl","10":"first","11":"instock","12":"shipping-taxable","13":"product-type-simple"},"aioseo_notices":[],"_links":{"self":[{"href":"https:\/\/as-schwabe.de\/pl\/wp-json\/wp\/v2\/product\/32542","targetHints":{"allow":["GET"]}}],"collection":[{"href":"https:\/\/as-schwabe.de\/pl\/wp-json\/wp\/v2\/product"}],"about":[{"href":"https:\/\/as-schwabe.de\/pl\/wp-json\/wp\/v2\/types\/product"}],"version-history":[{"count":0,"href":"https:\/\/as-schwabe.de\/pl\/wp-json\/wp\/v2\/product\/32542\/revisions"}],"wp:featuredmedia":[{"embeddable":true,"href":"https:\/\/as-schwabe.de\/pl\/wp-json\/wp\/v2\/media\/31267"}],"wp:attachment":[{"href":"https:\/\/as-schwabe.de\/pl\/wp-json\/wp\/v2\/media?parent=32542"}],"wp:term":[{"taxonomy":"product_brand","embeddable":true,"href":"https:\/\/as-schwabe.de\/pl\/wp-json\/wp\/v2\/genre?post=32542"},{"taxonomy":"product_cat","embeddable":true,"href":"https:\/\/as-schwabe.de\/pl\/wp-json\/wp\/v2\/product_cat?post=32542"},{"taxonomy":"product_tag","embeddable":true,"href":"https:\/\/as-schwabe.de\/pl\/wp-json\/wp\/v2\/product_tag?post=32542"}],"curies":[{"name":"wp","href":"https:\/\/api.w.org\/{rel}","templated":true}]}}