{"id":32541,"date":"2025-09-26T23:33:38","date_gmt":"2025-09-26T23:33:38","guid":{"rendered":"https:\/\/as-schwabe.de\/produkt\/przedluzacz-ze-zm-fazy-cee-400-v-32-a-h07rn-f-5g6-10-m-61038\/"},"modified":"2025-10-23T00:17:33","modified_gmt":"2025-10-23T00:17:33","slug":"przedluzacz-ze-zm-fazy-cee-400-v-32-a-h07rn-f-5g6-10-m-61038","status":"publish","type":"product","link":"https:\/\/as-schwabe.de\/pl\/produkt\/przedluzacz-ze-zm-fazy-cee-400-v-32-a-h07rn-f-5g6-10-m-61038\/","title":{"rendered":"Przed\u0142u\u017cacz ze zmian\u0105 fazy CEE 400 V, 32 A, 5P 10 m H07RN-F 5G6 | 61038"},"content":{"rendered":"<p>Przed\u0142u\u017cacz ze zmian\u0105 fazy CEE 400 V, 32 A, 5P to niezawodne rozwi\u0105zanie dla profesjonalnych zastosowa\u0144 w trudnych warunkach, takich jak budowy czy prace na \u015bwie\u017cym powietrzu. Wyposa\u017cony w wtyczk\u0119 CEE 400 V, 32 A, 5P oraz gniazdo CEE 400 C, 32 A, 5P, umo\u017cliwia przesy\u0142 energii o maksymalnym napi\u0119ciu 400 V oraz nat\u0119\u017ceniu 32 A, co przek\u0142ada si\u0119 na moc wynosz\u0105c\u0105 22 kW. Wykonany z wysokiej jako\u015bci materia\u0142\u00f3w, posiada klas\u0119 ochrony IP44, co zapewnia odpowiedni\u0105 odporno\u015b\u0107 na wilgo\u0107 oraz py\u0142. Elastyczny kabel H07RN-F 5G6 o d\u0142ugo\u015bci 10 m pozwala na swobodne pod\u0142\u0105czenie urz\u0105dze\u0144 elektrycznych w r\u00f3\u017cnych lokalizacjach, znacznie zwi\u0119kszaj\u0105c komfort pracy oraz efektywno\u015b\u0107 wykonywanych zada\u0144. Idealny dla elektryk\u00f3w, budowla\u0144c\u00f3w oraz wszelkich specjalist\u00f3w wymagaj\u0105cych solidnych i bezpiecznych rozwi\u0105za\u0144 elektrycznych.<\/p>","protected":false},"excerpt":{"rendered":"<div class=\"icons\" style=\"display: flex; flex-wrap: wrap; gap: 5px; align-items: center; margin-top: 10px;\"><img decoding=\"async\" src=\"https:\/\/as-schwabe.de\/wp-content\/uploads\/ikony\/znak_CE.png\" alt=\"\" width=\"50\" height=\"50\" \/><img decoding=\"async\" src=\"https:\/\/as-schwabe.de\/wp-content\/uploads\/ikony\/znak_IP44.png\" alt=\"\" width=\"50\" height=\"50\" \/><img decoding=\"async\" src=\"https:\/\/as-schwabe.de\/wp-content\/uploads\/ikony\/znak_PB.png\" alt=\"\" width=\"50\" height=\"50\" \/><img loading=\"lazy\" decoding=\"async\" src=\"https:\/\/as-schwabe.de\/wp-content\/uploads\/ikony\/znak_Z.png\" alt=\"\" width=\"50\" height=\"50\" \/><img loading=\"lazy\" decoding=\"async\" src=\"https:\/\/as-schwabe.de\/wp-content\/uploads\/ikony\/znak_D.png\" alt=\"\" width=\"50\" height=\"50\" \/><img loading=\"lazy\" decoding=\"async\" src=\"https:\/\/as-schwabe.de\/wp-content\/uploads\/ikony\/znak_DE.png\" alt=\"\" width=\"50\" height=\"40\" \/><\/div>\n<ul>\n<li>Przed\u0142u\u017cacz wysokopr\u0105dowy CEE do stosowania na budowach i w rolnictwie 10 m H07RN-F 5G6 z wtyczk\u0105 zmiennej fazy <\/li>\n<li>z wysokiej jako\u015bci wtyczk\u0105 CEE i gniazdem CEE z uchyln\u0105 klapk\u0105 <\/li>\n<li>wtyczki i gniazda najnowszej generacji \u201eMade in Germany\u201d <\/li>\n<li>400 V, 5P, 6h <\/li>\n<li>IP44: chroniony przed cia\u0142ami obcymi i bryzgami wody<\/li>\n<\/ul>","protected":false},"featured_media":31262,"template":"","meta":{"inline_featured_image":false},"genre":[509],"product_cat":[518,569],"product_tag":[],"class_list":{"0":"post-32541","1":"product","2":"type-product","3":"status-publish","4":"has-post-thumbnail","6":"product_brand-as-schwabe-pl","7":"product_cat-asortyment-produktow-cee-400-v-pl","8":"product_cat-przedluzacze-cee-i-wtyczki-testujace-cee-pl","10":"first","11":"instock","12":"shipping-taxable","13":"product-type-simple"},"aioseo_notices":[],"_links":{"self":[{"href":"https:\/\/as-schwabe.de\/pl\/wp-json\/wp\/v2\/product\/32541","targetHints":{"allow":["GET"]}}],"collection":[{"href":"https:\/\/as-schwabe.de\/pl\/wp-json\/wp\/v2\/product"}],"about":[{"href":"https:\/\/as-schwabe.de\/pl\/wp-json\/wp\/v2\/types\/product"}],"version-history":[{"count":0,"href":"https:\/\/as-schwabe.de\/pl\/wp-json\/wp\/v2\/product\/32541\/revisions"}],"wp:featuredmedia":[{"embeddable":true,"href":"https:\/\/as-schwabe.de\/pl\/wp-json\/wp\/v2\/media\/31262"}],"wp:attachment":[{"href":"https:\/\/as-schwabe.de\/pl\/wp-json\/wp\/v2\/media?parent=32541"}],"wp:term":[{"taxonomy":"product_brand","embeddable":true,"href":"https:\/\/as-schwabe.de\/pl\/wp-json\/wp\/v2\/genre?post=32541"},{"taxonomy":"product_cat","embeddable":true,"href":"https:\/\/as-schwabe.de\/pl\/wp-json\/wp\/v2\/product_cat?post=32541"},{"taxonomy":"product_tag","embeddable":true,"href":"https:\/\/as-schwabe.de\/pl\/wp-json\/wp\/v2\/product_tag?post=32541"}],"curies":[{"name":"wp","href":"https:\/\/api.w.org\/{rel}","templated":true}]}}