{"id":32532,"date":"2025-09-26T23:33:30","date_gmt":"2025-09-26T23:33:30","guid":{"rendered":"https:\/\/as-schwabe.de\/produkt\/wtyczka-tablicowa-cee-230-v-16-a-3p-61014\/"},"modified":"2025-10-23T00:17:28","modified_gmt":"2025-10-23T00:17:28","slug":"wtyczka-tablicowa-cee-230-v-16-a-3p-61014","status":"publish","type":"product","link":"https:\/\/as-schwabe.de\/pl\/produkt\/wtyczka-tablicowa-cee-230-v-16-a-3p-61014\/","title":{"rendered":"Wtyczka tablicowa CEE 230 V, 16 A, 3P NIE IP44 | 61014"},"content":{"rendered":"<p>Wtyczka tablicowa CEE 230 V, 16 A, 3P; IP44 to niezawodne rozwi\u0105zanie przeznaczone do u\u017cytku na zewn\u0105trz, zapewniaj\u0105ce wysoki poziom ochrony przed warunkami atmosferycznymi. Dzi\u0119ki klasie szczelno\u015bci IP44, urz\u0105dzenie skutecznie chroni przed wod\u0105 i kurzem, co czyni je idealnym wyborem do zastosowa\u0144 w przemy\u015ble, budownictwie oraz na placach budowy. Wtyczka obs\u0142uguje napi\u0119cie 230 V przy nat\u0119\u017ceniu pr\u0105du 16 A, co zapewnia stabilne i wydajne zasilanie dla r\u00f3\u017cnorodnych urz\u0105dze\u0144 elektrycznych. Solidna konstrukcja oraz wysoka jako\u015b\u0107 materia\u0142\u00f3w gwarantuj\u0105 d\u0142ugotrwa\u0142e u\u017cytkowanie, a tak\u017ce bezpiecze\u0144stwo pracy w trudnych warunkach. Wybieraj\u0105c wtyczk\u0119 tablicow\u0105 CEE, inwestujesz w niezawodne \u017ar\u00f3d\u0142o energii, kt\u00f3re sprosta oczekiwaniom nawet najbardziej wymagaj\u0105cych u\u017cytkownik\u00f3w.<\/p>","protected":false},"excerpt":{"rendered":"<div class=\"icons\" style=\"display: flex; flex-wrap: wrap; gap: 5px; align-items: center; margin-top: 10px;\"><img decoding=\"async\" src=\"https:\/\/as-schwabe.de\/wp-content\/uploads\/ikony\/znak_CE.png\" alt=\"\" width=\"50\" height=\"50\" \/><img decoding=\"async\" src=\"https:\/\/as-schwabe.de\/wp-content\/uploads\/ikony\/znak_Z.png\" alt=\"\" width=\"50\" height=\"50\" \/><\/div>\n<ul>\n<li>wysokiej jako\u015bci wtyczki z odporn\u0105 na uderzenia obudow\u0105 <\/li>\n<li>po\u0142\u0105czenie kablowe do 3G2,5 <\/li>\n<li>IP44: chroniony przed cia\u0142ami obcymi i bryzgami wody <\/li>\n<li>wtyczka tablicowa CEE 230 V, 16 A, 3P<\/li>\n<\/ul>","protected":false},"featured_media":31239,"template":"","meta":{"inline_featured_image":false},"genre":[509],"product_cat":[515,575],"product_tag":[],"class_list":{"0":"post-32532","1":"product","2":"type-product","3":"status-publish","4":"has-post-thumbnail","6":"product_brand-as-schwabe-pl","7":"product_cat-kemping-i-caravaning-pl","8":"product_cat-wtyczki-i-gniazda-cee-kemping-i-caravaning-pl","10":"first","11":"instock","12":"shipping-taxable","13":"product-type-simple"},"aioseo_notices":[],"_links":{"self":[{"href":"https:\/\/as-schwabe.de\/pl\/wp-json\/wp\/v2\/product\/32532","targetHints":{"allow":["GET"]}}],"collection":[{"href":"https:\/\/as-schwabe.de\/pl\/wp-json\/wp\/v2\/product"}],"about":[{"href":"https:\/\/as-schwabe.de\/pl\/wp-json\/wp\/v2\/types\/product"}],"version-history":[{"count":0,"href":"https:\/\/as-schwabe.de\/pl\/wp-json\/wp\/v2\/product\/32532\/revisions"}],"wp:featuredmedia":[{"embeddable":true,"href":"https:\/\/as-schwabe.de\/pl\/wp-json\/wp\/v2\/media\/31239"}],"wp:attachment":[{"href":"https:\/\/as-schwabe.de\/pl\/wp-json\/wp\/v2\/media?parent=32532"}],"wp:term":[{"taxonomy":"product_brand","embeddable":true,"href":"https:\/\/as-schwabe.de\/pl\/wp-json\/wp\/v2\/genre?post=32532"},{"taxonomy":"product_cat","embeddable":true,"href":"https:\/\/as-schwabe.de\/pl\/wp-json\/wp\/v2\/product_cat?post=32532"},{"taxonomy":"product_tag","embeddable":true,"href":"https:\/\/as-schwabe.de\/pl\/wp-json\/wp\/v2\/product_tag?post=32532"}],"curies":[{"name":"wp","href":"https:\/\/api.w.org\/{rel}","templated":true}]}}