{"id":32531,"date":"2025-09-26T23:33:30","date_gmt":"2025-09-26T23:33:30","guid":{"rendered":"https:\/\/as-schwabe.de\/produkt\/przedluzacz-cee-400-v-16-a-h07rn-f-5g25-10-m-61010\/"},"modified":"2025-10-23T00:17:28","modified_gmt":"2025-10-23T00:17:28","slug":"przedluzacz-cee-400-v-16-a-h07rn-f-5g25-10-m-61010","status":"publish","type":"product","link":"https:\/\/as-schwabe.de\/pl\/produkt\/przedluzacz-cee-400-v-16-a-h07rn-f-5g25-10-m-61010\/","title":{"rendered":"Przed\u0142u\u017cacz CEE 400 V, 16 A, 5P 10 m H07RN-F 5G2,5 | 61010"},"content":{"rendered":"<p>Przed\u0142u\u017cacz CEE 400 V, 16 A, 5P o d\u0142ugo\u015bci 10 m to niezawodne rozwi\u0105zanie do zasilania urz\u0105dze\u0144 w warunkach przemys\u0142owych oraz na placach budowy. Wyposa\u017cony w wtyczk\u0119 i gniazdo CEE 400 V, 16 A, 5P, zapewnia maksymalne napi\u0119cie 400 V oraz nat\u0119\u017cenie do 16 A, co umo\u017cliwia bezpieczne i efektywne zasilanie sprz\u0119tu o maksymalnej mocy 11 kW. Kabel H07RN-F 5G2,5 o czarnej os\u0142onie jest odporny na czynniki atmosferyczne, co czyni go idealnym do u\u017cytku na zewn\u0105trz. Dodatkowo, klasa szczelno\u015bci IP44 gwarantuje ochron\u0119 przed wilgoci\u0105 oraz wnikaniem cia\u0142 sta\u0142ych, co zwi\u0119ksza bezpiecze\u0144stwo u\u017cytkowania w trudnych warunkach. Przed\u0142u\u017cacz ten \u0142\u0105czy w sobie wysok\u0105 wydajno\u015b\u0107 z trwa\u0142o\u015bci\u0105, co sprawia, \u017ce jest niezast\u0105pionym akcesorium dla profesjonalnych u\u017cytkownik\u00f3w.<\/p>","protected":false},"excerpt":{"rendered":"<div class=\"icons\" style=\"display: flex; flex-wrap: wrap; gap: 5px; align-items: center; margin-top: 10px;\"><img decoding=\"async\" src=\"https:\/\/as-schwabe.de\/wp-content\/uploads\/ikony\/znak_CE.png\" alt=\"\" width=\"50\" height=\"50\" \/><img decoding=\"async\" src=\"https:\/\/as-schwabe.de\/wp-content\/uploads\/ikony\/znak_IP44.png\" alt=\"\" width=\"50\" height=\"50\" \/><img decoding=\"async\" src=\"https:\/\/as-schwabe.de\/wp-content\/uploads\/ikony\/znak_PB.png\" alt=\"\" width=\"50\" height=\"50\" \/><img loading=\"lazy\" decoding=\"async\" src=\"https:\/\/as-schwabe.de\/wp-content\/uploads\/ikony\/znak_Z.png\" alt=\"\" width=\"50\" height=\"50\" \/><img loading=\"lazy\" decoding=\"async\" src=\"https:\/\/as-schwabe.de\/wp-content\/uploads\/ikony\/znak_D.png\" alt=\"\" width=\"50\" height=\"50\" \/><img loading=\"lazy\" decoding=\"async\" src=\"https:\/\/as-schwabe.de\/wp-content\/uploads\/ikony\/znak_DE.png\" alt=\"\" width=\"50\" height=\"40\" \/><\/div>\n<ul>\n<li>Przed\u0142u\u017cacz wysokopr\u0105dowy CEE do stosowania na budowach i w rolnictwie 10 m H07RN-F 5G2,5 <\/li>\n<li>z wysokiej jako\u015bci wtyczk\u0105 CEE i gniazdem CEE z uchyln\u0105 klapk\u0105 <\/li>\n<li>wtyczki i gniazda najnowszej generacji \u201eMade in Germany\u201d <\/li>\n<li>400 V, 5P, 6h <\/li>\n<li>IP44: chroniony przed cia\u0142ami obcymi i bryzgami wody<\/li>\n<\/ul>","protected":false},"featured_media":31238,"template":"","meta":{"inline_featured_image":false},"genre":[509],"product_cat":[518,569],"product_tag":[],"class_list":{"0":"post-32531","1":"product","2":"type-product","3":"status-publish","4":"has-post-thumbnail","6":"product_brand-as-schwabe-pl","7":"product_cat-asortyment-produktow-cee-400-v-pl","8":"product_cat-przedluzacze-cee-i-wtyczki-testujace-cee-pl","10":"first","11":"instock","12":"shipping-taxable","13":"product-type-simple"},"aioseo_notices":[],"_links":{"self":[{"href":"https:\/\/as-schwabe.de\/pl\/wp-json\/wp\/v2\/product\/32531","targetHints":{"allow":["GET"]}}],"collection":[{"href":"https:\/\/as-schwabe.de\/pl\/wp-json\/wp\/v2\/product"}],"about":[{"href":"https:\/\/as-schwabe.de\/pl\/wp-json\/wp\/v2\/types\/product"}],"version-history":[{"count":0,"href":"https:\/\/as-schwabe.de\/pl\/wp-json\/wp\/v2\/product\/32531\/revisions"}],"wp:featuredmedia":[{"embeddable":true,"href":"https:\/\/as-schwabe.de\/pl\/wp-json\/wp\/v2\/media\/31238"}],"wp:attachment":[{"href":"https:\/\/as-schwabe.de\/pl\/wp-json\/wp\/v2\/media?parent=32531"}],"wp:term":[{"taxonomy":"product_brand","embeddable":true,"href":"https:\/\/as-schwabe.de\/pl\/wp-json\/wp\/v2\/genre?post=32531"},{"taxonomy":"product_cat","embeddable":true,"href":"https:\/\/as-schwabe.de\/pl\/wp-json\/wp\/v2\/product_cat?post=32531"},{"taxonomy":"product_tag","embeddable":true,"href":"https:\/\/as-schwabe.de\/pl\/wp-json\/wp\/v2\/product_tag?post=32531"}],"curies":[{"name":"wp","href":"https:\/\/api.w.org\/{rel}","templated":true}]}}