{"id":32530,"date":"2025-09-26T23:33:29","date_gmt":"2025-09-26T23:33:29","guid":{"rendered":"https:\/\/as-schwabe.de\/produkt\/podwieszany-rozdzielacz-energii-zugspitze-h07rn-f-3g15-3-m-60973\/"},"modified":"2025-10-23T00:17:28","modified_gmt":"2025-10-23T00:17:28","slug":"podwieszany-rozdzielacz-energii-zugspitze-h07rn-f-3g15-3-m-60973","status":"publish","type":"product","link":"https:\/\/as-schwabe.de\/pl\/produkt\/podwieszany-rozdzielacz-energii-zugspitze-h07rn-f-3g15-3-m-60973\/","title":{"rendered":"Podwieszany rozdzielacz energii ZUGSPITZE 3 m H07RN-F 3G1,5 IP44 | 60973"},"content":{"rendered":"<p>Podwieszany rozdzielacz energii ZUGSPITZE to wszechstronne rozwi\u0105zanie do zasilania urz\u0105dze\u0144 elektrycznych w warunkach zewn\u0119trznych. Zasilany 3-metrowym przewodem H07RN-F 3G1,5 z wtyczk\u0105 z uziemieniem, zapewnia bezpieczne pod\u0142\u0105czenie do sieci. Wyposa\u017cony w dwa zestawy 4-gniazdowych punkt\u00f3w z uziemieniem, ka\u017cdy o napi\u0119ciu 230 V i pr\u0105dzie 16 A, umo\u017cliwia jednoczesne zasilanie kilku urz\u0105dze\u0144. Dzi\u0119ki ocynkowanemu \u0142a\u0144cuchowi o d\u0142ugo\u015bci 3 metr\u00f3w, monta\u017c rozdzielacza jest szybki i wygodny, a jego klasa szczelno\u015bci IP44 gwarantuje odporno\u015b\u0107 na warunki atmosferyczne. Idealny do u\u017cytku w ogrodach, na budowach czy podczas event\u00f3w plenerowych, ZUGSPITZE to niezawodne wsparcie dla ka\u017cdego u\u017cytkownika potrzebuj\u0105cego mobilnego zasilania.<\/p>","protected":false},"excerpt":{"rendered":"<div class=\"icons\" style=\"display: flex; flex-wrap: wrap; gap: 5px; align-items: center; margin-top: 10px;\"><img decoding=\"async\" src=\"https:\/\/as-schwabe.de\/wp-content\/uploads\/ikony\/znak_SCH.png\" alt=\"\" width=\"45\" height=\"50\" \/><img decoding=\"async\" src=\"https:\/\/as-schwabe.de\/wp-content\/uploads\/ikony\/znak_CE.png\" alt=\"\" width=\"50\" height=\"50\" \/><img decoding=\"async\" src=\"https:\/\/as-schwabe.de\/wp-content\/uploads\/ikony\/znak_IP44.png\" alt=\"\" width=\"50\" height=\"50\" \/><img loading=\"lazy\" decoding=\"async\" src=\"https:\/\/as-schwabe.de\/wp-content\/uploads\/ikony\/znak_PB.png\" alt=\"\" width=\"50\" height=\"50\" \/><img loading=\"lazy\" decoding=\"async\" src=\"https:\/\/as-schwabe.de\/wp-content\/uploads\/ikony\/znak_Z.png\" alt=\"\" width=\"50\" height=\"50\" \/><img loading=\"lazy\" decoding=\"async\" src=\"https:\/\/as-schwabe.de\/wp-content\/uploads\/ikony\/znak_D.png\" alt=\"\" width=\"50\" height=\"50\" \/><\/div>\n<ul>\n<li>Podwieszany rozdzielacz energii ZUGSPITZE IP44 <\/li>\n<li>podwieszane rozdzielacze energii dostarczaj\u0105 pr\u0105d na \u017c\u0105dan\u0105 wysoko\u015b\u0107 bezpo\u015brednio nad miejscem pracy <\/li>\n<li>obudowa wykonana ze specjalnego tworzywa sztucznego z uchwytem lub hakiem na narz\u0119dzia <\/li>\n<li>w zestawie 3 m wytrzyma\u0142ego, ocynkowanego \u0142a\u0144cucha stalowego <\/li>\n<li>230 V, 16 A<\/li>\n<\/ul>","protected":false},"featured_media":31235,"template":"","meta":{"inline_featured_image":false},"genre":[509],"product_cat":[585,590],"product_tag":[],"class_list":{"0":"post-32530","1":"product","2":"type-product","3":"status-publish","4":"has-post-thumbnail","6":"product_brand-as-schwabe-pl","7":"product_cat-podwieszane-rozdzielnice-energii-i-podwieszane-rozdzielacze-pradu-pl","8":"product_cat-podwieszane-rozdzielacze-energii-pl","10":"first","11":"instock","12":"shipping-taxable","13":"product-type-simple"},"aioseo_notices":[],"_links":{"self":[{"href":"https:\/\/as-schwabe.de\/pl\/wp-json\/wp\/v2\/product\/32530","targetHints":{"allow":["GET"]}}],"collection":[{"href":"https:\/\/as-schwabe.de\/pl\/wp-json\/wp\/v2\/product"}],"about":[{"href":"https:\/\/as-schwabe.de\/pl\/wp-json\/wp\/v2\/types\/product"}],"version-history":[{"count":0,"href":"https:\/\/as-schwabe.de\/pl\/wp-json\/wp\/v2\/product\/32530\/revisions"}],"wp:featuredmedia":[{"embeddable":true,"href":"https:\/\/as-schwabe.de\/pl\/wp-json\/wp\/v2\/media\/31235"}],"wp:attachment":[{"href":"https:\/\/as-schwabe.de\/pl\/wp-json\/wp\/v2\/media?parent=32530"}],"wp:term":[{"taxonomy":"product_brand","embeddable":true,"href":"https:\/\/as-schwabe.de\/pl\/wp-json\/wp\/v2\/genre?post=32530"},{"taxonomy":"product_cat","embeddable":true,"href":"https:\/\/as-schwabe.de\/pl\/wp-json\/wp\/v2\/product_cat?post=32530"},{"taxonomy":"product_tag","embeddable":true,"href":"https:\/\/as-schwabe.de\/pl\/wp-json\/wp\/v2\/product_tag?post=32530"}],"curies":[{"name":"wp","href":"https:\/\/api.w.org\/{rel}","templated":true}]}}