{"id":32529,"date":"2025-09-26T23:33:29","date_gmt":"2025-09-26T23:33:29","guid":{"rendered":"https:\/\/as-schwabe.de\/produkt\/podwieszany-rozdzielacz-energii-watzmann-h05vv-f-3g15-3-m-60971\/"},"modified":"2025-10-23T00:17:27","modified_gmt":"2025-10-23T00:17:27","slug":"podwieszany-rozdzielacz-energii-watzmann-h05vv-f-3g15-3-m-60971","status":"publish","type":"product","link":"https:\/\/as-schwabe.de\/pl\/produkt\/podwieszany-rozdzielacz-energii-watzmann-h05vv-f-3g15-3-m-60971\/","title":{"rendered":"Podwieszany rozdzielacz energii WATZMANN 3 m H05VV-F 3G1,5 IP20 | 60971"},"content":{"rendered":"<p>Podwieszany rozdzielacz energii WATZMANN to funkcjonalne rozwi\u0105zanie dla biur, warsztat\u00f3w oraz innych przestrzeni roboczych, kt\u00f3re wymagaj\u0105 efektywnego zarz\u0105dzania zasilaniem. Wyposa\u017cony w 3-metrowy przew\u00f3d zasilaj\u0105cy z wtyczk\u0105 z uziemieniem (H05VV-F 3G1,5), zapewnia niezawodne po\u0142\u0105czenie z sieci\u0105 elektryczn\u0105. Posiada dwa gniazda wyj\u015bciowe, a ka\u017cde z nich oferuje cztery gniazda z uziemieniem o napi\u0119ciu 230 V i maksymalnym nat\u0119\u017ceniu 16 A. W zestawie znajduje si\u0119 3-metrowy ocynkowany \u0142a\u0144cuch, co u\u0142atwia monta\u017c i stabilizacj\u0119 urz\u0105dzenia w dowolnym miejscu. Dzi\u0119ki klasie ochrony IP20, rozdzielacz jest przeznaczony do u\u017cytku wewn\u0119trznego, co czyni go idealnym rozwi\u0105zaniem dla os\u00f3b poszukuj\u0105cych bezpiecznego i wydajnego dost\u0119pu do energii elektrycznej w pomieszczeniach.<\/p>","protected":false},"excerpt":{"rendered":"<div class=\"icons\" style=\"display: flex; flex-wrap: wrap; gap: 5px; align-items: center; margin-top: 10px;\"><img decoding=\"async\" src=\"https:\/\/as-schwabe.de\/wp-content\/uploads\/ikony\/znak_SCH.png\" alt=\"\" width=\"45\" height=\"50\" \/><img decoding=\"async\" src=\"https:\/\/as-schwabe.de\/wp-content\/uploads\/ikony\/znak_CE.png\" alt=\"\" width=\"50\" height=\"50\" \/><img decoding=\"async\" src=\"https:\/\/as-schwabe.de\/wp-content\/uploads\/ikony\/znak_IP20.png\" alt=\"\" width=\"50\" height=\"50\" \/><img loading=\"lazy\" decoding=\"async\" src=\"https:\/\/as-schwabe.de\/wp-content\/uploads\/ikony\/znak_PB.png\" alt=\"\" width=\"50\" height=\"50\" \/><img loading=\"lazy\" decoding=\"async\" src=\"https:\/\/as-schwabe.de\/wp-content\/uploads\/ikony\/znak_Z.png\" alt=\"\" width=\"50\" height=\"50\" \/><img loading=\"lazy\" decoding=\"async\" src=\"https:\/\/as-schwabe.de\/wp-content\/uploads\/ikony\/znak_D.png\" alt=\"\" width=\"50\" height=\"50\" \/><\/div>\n<ul>\n<li>Podwieszany rozdzielacz energii WATZMANN IP20 <\/li>\n<li>podwieszane rozdzielacze energii dostarczaj\u0105 pr\u0105d na \u017c\u0105dan\u0105 wysoko\u015b\u0107 bezpo\u015brednio nad miejscem pracy <\/li>\n<li>obudowa wykonana ze specjalnego tworzywa sztucznego z uchwytem lub hakiem na narz\u0119dzia <\/li>\n<li>w zestawie 3 m wytrzyma\u0142ego, ocynkowanego \u0142a\u0144cucha stalowego <\/li>\n<li>230 V, 16 A<\/li>\n<\/ul>","protected":false},"featured_media":31232,"template":"","meta":{"inline_featured_image":false},"genre":[509],"product_cat":[585,590],"product_tag":[],"class_list":{"0":"post-32529","1":"product","2":"type-product","3":"status-publish","4":"has-post-thumbnail","6":"product_brand-as-schwabe-pl","7":"product_cat-podwieszane-rozdzielnice-energii-i-podwieszane-rozdzielacze-pradu-pl","8":"product_cat-podwieszane-rozdzielacze-energii-pl","10":"first","11":"instock","12":"shipping-taxable","13":"product-type-simple"},"aioseo_notices":[],"_links":{"self":[{"href":"https:\/\/as-schwabe.de\/pl\/wp-json\/wp\/v2\/product\/32529","targetHints":{"allow":["GET"]}}],"collection":[{"href":"https:\/\/as-schwabe.de\/pl\/wp-json\/wp\/v2\/product"}],"about":[{"href":"https:\/\/as-schwabe.de\/pl\/wp-json\/wp\/v2\/types\/product"}],"version-history":[{"count":0,"href":"https:\/\/as-schwabe.de\/pl\/wp-json\/wp\/v2\/product\/32529\/revisions"}],"wp:featuredmedia":[{"embeddable":true,"href":"https:\/\/as-schwabe.de\/pl\/wp-json\/wp\/v2\/media\/31232"}],"wp:attachment":[{"href":"https:\/\/as-schwabe.de\/pl\/wp-json\/wp\/v2\/media?parent=32529"}],"wp:term":[{"taxonomy":"product_brand","embeddable":true,"href":"https:\/\/as-schwabe.de\/pl\/wp-json\/wp\/v2\/genre?post=32529"},{"taxonomy":"product_cat","embeddable":true,"href":"https:\/\/as-schwabe.de\/pl\/wp-json\/wp\/v2\/product_cat?post=32529"},{"taxonomy":"product_tag","embeddable":true,"href":"https:\/\/as-schwabe.de\/pl\/wp-json\/wp\/v2\/product_tag?post=32529"}],"curies":[{"name":"wp","href":"https:\/\/api.w.org\/{rel}","templated":true}]}}