{"id":32527,"date":"2025-09-26T23:33:27","date_gmt":"2025-09-26T23:33:27","guid":{"rendered":"https:\/\/as-schwabe.de\/produkt\/rozdzielnica-przenosna-stecky-12-60962\/"},"modified":"2026-03-30T12:27:26","modified_gmt":"2026-03-30T12:27:26","slug":"rozdzielnica-przenosna-stecky-12-60962","status":"publish","type":"product","link":"https:\/\/as-schwabe.de\/pl\/produkt\/rozdzielnica-przenosna-stecky-12-60962\/","title":{"rendered":"Rozdzielnica przeno\u015bna STECKY 12 | 60962"},"content":{"rendered":"<p>Rozdzielnica przeno\u015bna STECKY 12 to wszechstronne rozwi\u0105zanie dla u\u017cytkownik\u00f3w potrzebuj\u0105cych mobilnego zasilania. Wyposa\u017cona w przew\u00f3d zasilaj\u0105cy z wtyczk\u0105 CEE 400 V, 32 A i o d\u0142ugo\u015bci 4,5 m, zapewnia \u0142atw\u0105 i elastyczn\u0105 instalacj\u0119. Umo\u017cliwia pod\u0142\u0105czenie do czterech gniazd 230 V z klapk\u0105 i uziemieniem, a tak\u017ce dw\u00f3ch gniazd CEE 400 V, co pozwala na dystrybucj\u0119 energii na r\u00f3\u017cnych fazach. Zabezpieczenia w postaci wy\u0142\u0105cznik\u00f3w C 16 A oraz stopie\u0144 ochrony IP44 sprawiaj\u0105, \u017ce rozdzielnica jest idealna do u\u017cytkowania na zewn\u0105trz, gwarantuj\u0105c bezpiecze\u0144stwo i trwa\u0142o\u015b\u0107 w trudnych warunkach. Dzi\u0119ki jej wysokiej wydajno\u015bci (maks. 400 V, 32 A, 22 kW) jest doskona\u0142ym wyborem dla bud\u00f3w, imprez plenerowych oraz zastosowa\u0144 przemys\u0142owych.<\/p>","protected":false},"excerpt":{"rendered":"<div class=\"icons\" style=\"display: flex; flex-wrap: wrap; gap: 5px; align-items: center; margin-top: 10px;\"><img decoding=\"async\" src=\"https:\/\/as-schwabe.de\/wp-content\/uploads\/ikony\/znak_SCH.png\" alt=\"\" width=\"45\" height=\"50\" \/><img decoding=\"async\" src=\"https:\/\/as-schwabe.de\/wp-content\/uploads\/ikony\/znak_CE.png\" alt=\"\" width=\"50\" height=\"50\" \/><img decoding=\"async\" src=\"https:\/\/as-schwabe.de\/wp-content\/uploads\/ikony\/znak_IP44.png\" alt=\"\" width=\"50\" height=\"50\" \/><img loading=\"lazy\" decoding=\"async\" src=\"https:\/\/as-schwabe.de\/wp-content\/uploads\/ikony\/znak_PB.png\" alt=\"\" width=\"50\" height=\"50\" \/><img loading=\"lazy\" decoding=\"async\" src=\"https:\/\/as-schwabe.de\/wp-content\/uploads\/ikony\/znak_Z.png\" alt=\"\" width=\"50\" height=\"50\" \/><img loading=\"lazy\" decoding=\"async\" src=\"https:\/\/as-schwabe.de\/wp-content\/uploads\/ikony\/znak_D.png\" alt=\"\" width=\"50\" height=\"50\" \/><img loading=\"lazy\" decoding=\"async\" src=\"https:\/\/as-schwabe.de\/wp-content\/uploads\/ikony\/znak_DE.png\" alt=\"\" width=\"50\" height=\"40\" \/><\/div>\n<ul>\n<li>Rozdzielnice przeno\u015bne CEE STECKY<\/li>\n<li>solidna obudowa wykonana z wytrzyma\u0142ego, bardzo odpornego na uszkodzenia specjalnego tworzywa sztucznego<\/li>\n<li>z du\u017cym, ergonomicznym uchwytem do przenoszenia i zwijaczem kabla<\/li>\n<li>wymiary szer. x wys. x g\u0142.: 230 x 417 x 220 mm<\/li>\n<li>IP44: chroniony przed cia\u0142ami obcymi i bryzgami wody<\/li>\n<\/ul>","protected":false},"featured_media":36640,"template":"","meta":{"inline_featured_image":false},"genre":[509],"product_cat":[518,589],"product_tag":[],"class_list":{"0":"post-32527","1":"product","2":"type-product","3":"status-publish","4":"has-post-thumbnail","6":"product_brand-as-schwabe-pl","7":"product_cat-asortyment-produktow-cee-400-v-pl","8":"product_cat-rozdzielnice-przenosne-stecky-cee-pl","10":"first","11":"instock","12":"shipping-taxable","13":"product-type-simple"},"aioseo_notices":[],"_links":{"self":[{"href":"https:\/\/as-schwabe.de\/pl\/wp-json\/wp\/v2\/product\/32527","targetHints":{"allow":["GET"]}}],"collection":[{"href":"https:\/\/as-schwabe.de\/pl\/wp-json\/wp\/v2\/product"}],"about":[{"href":"https:\/\/as-schwabe.de\/pl\/wp-json\/wp\/v2\/types\/product"}],"version-history":[{"count":1,"href":"https:\/\/as-schwabe.de\/pl\/wp-json\/wp\/v2\/product\/32527\/revisions"}],"predecessor-version":[{"id":36641,"href":"https:\/\/as-schwabe.de\/pl\/wp-json\/wp\/v2\/product\/32527\/revisions\/36641"}],"wp:featuredmedia":[{"embeddable":true,"href":"https:\/\/as-schwabe.de\/pl\/wp-json\/wp\/v2\/media\/36640"}],"wp:attachment":[{"href":"https:\/\/as-schwabe.de\/pl\/wp-json\/wp\/v2\/media?parent=32527"}],"wp:term":[{"taxonomy":"product_brand","embeddable":true,"href":"https:\/\/as-schwabe.de\/pl\/wp-json\/wp\/v2\/genre?post=32527"},{"taxonomy":"product_cat","embeddable":true,"href":"https:\/\/as-schwabe.de\/pl\/wp-json\/wp\/v2\/product_cat?post=32527"},{"taxonomy":"product_tag","embeddable":true,"href":"https:\/\/as-schwabe.de\/pl\/wp-json\/wp\/v2\/product_tag?post=32527"}],"curies":[{"name":"wp","href":"https:\/\/api.w.org\/{rel}","templated":true}]}}