{"id":32526,"date":"2025-09-26T23:33:26","date_gmt":"2025-09-26T23:33:26","guid":{"rendered":"https:\/\/as-schwabe.de\/produkt\/rozdzielnica-przenosna-stecky-11-60961\/"},"modified":"2026-03-30T12:32:07","modified_gmt":"2026-03-30T12:32:07","slug":"rozdzielnica-przenosna-stecky-11-60961","status":"publish","type":"product","link":"https:\/\/as-schwabe.de\/pl\/produkt\/rozdzielnica-przenosna-stecky-11-60961\/","title":{"rendered":"Rozdzielnica przeno\u015bna STECKY 11+ | 60961"},"content":{"rendered":"<p>Rozdzielnica przeno\u015bna STECKY 11+ to niezawodne rozwi\u0105zanie dla profesjonalist\u00f3w, kt\u00f3rzy wymagaj\u0105 mobilnego i wydajnego dost\u0119pu do energii elektrycznej w r\u00f3\u017cnych warunkach. Wyposa\u017cona w przew\u00f3d zasilaj\u0105cy z wtyczk\u0105 CEE 400 V, 16 A, 5P oraz 2,5-metrowym zasi\u0119giem, zapewnia zasilanie dla wielu urz\u0105dze\u0144 jednocze\u015bnie. Rozdzielnica oferuje 4 gniazda 230 V z uziemieniem, podzielone na 2 fazy oraz 2 gniazda CEE 400 V, co czyni j\u0105 idealnym wyborem do zastosowa\u0144 w budownictwie i na eventach plenerowych. Dodatkowo, zabezpieczenie RCD 40 A (typ A, 30 mA) gwarantuje bezpiecze\u0144stwo u\u017cytkowania. Klasa ochrony IP44 sprawia, \u017ce rozdzielnica jest przystosowana do u\u017cytku na zewn\u0105trz, zapewniaj\u0105c trwa\u0142o\u015b\u0107 i funkcjonalno\u015b\u0107 w trudnych warunkach atmosferycznych.<\/p>","protected":false},"excerpt":{"rendered":"<div class=\"icons\" style=\"display: flex; flex-wrap: wrap; gap: 5px; align-items: center; margin-top: 10px;\"><img decoding=\"async\" src=\"https:\/\/as-schwabe.de\/wp-content\/uploads\/ikony\/znak_SCH.png\" alt=\"\" width=\"45\" height=\"50\" \/><img decoding=\"async\" src=\"https:\/\/as-schwabe.de\/wp-content\/uploads\/ikony\/znak_CE.png\" alt=\"\" width=\"50\" height=\"50\" \/><img decoding=\"async\" src=\"https:\/\/as-schwabe.de\/wp-content\/uploads\/ikony\/znak_IP44.png\" alt=\"\" width=\"50\" height=\"50\" \/><img loading=\"lazy\" decoding=\"async\" src=\"https:\/\/as-schwabe.de\/wp-content\/uploads\/ikony\/znak_PB.png\" alt=\"\" width=\"50\" height=\"50\" \/><img loading=\"lazy\" decoding=\"async\" src=\"https:\/\/as-schwabe.de\/wp-content\/uploads\/ikony\/znak_Z.png\" alt=\"\" width=\"50\" height=\"50\" \/><img loading=\"lazy\" decoding=\"async\" src=\"https:\/\/as-schwabe.de\/wp-content\/uploads\/ikony\/znak_D.png\" alt=\"\" width=\"50\" height=\"50\" \/><img loading=\"lazy\" decoding=\"async\" src=\"https:\/\/as-schwabe.de\/wp-content\/uploads\/ikony\/znak_DE.png\" alt=\"\" width=\"50\" height=\"40\" \/><\/div>\n<ul>\n<li>Rozdzielnice przeno\u015bne CEE STECKY<\/li>\n<li>solidna obudowa wykonana z wytrzyma\u0142ego, bardzo odpornego na uszkodzenia specjalnego tworzywa sztucznego<\/li>\n<li>z du\u017cym, ergonomicznym uchwytem do przenoszenia i zwijaczem kabla<\/li>\n<li>wymiary szer. x wys. x g\u0142.: 230 x 417 x 220 mm<\/li>\n<li>IP44: chroniony przed cia\u0142ami obcymi i bryzgami wody<\/li>\n<\/ul>","protected":false},"featured_media":36646,"template":"","meta":{"inline_featured_image":false},"genre":[509],"product_cat":[518,589],"product_tag":[],"class_list":{"0":"post-32526","1":"product","2":"type-product","3":"status-publish","4":"has-post-thumbnail","6":"product_brand-as-schwabe-pl","7":"product_cat-asortyment-produktow-cee-400-v-pl","8":"product_cat-rozdzielnice-przenosne-stecky-cee-pl","10":"first","11":"instock","12":"shipping-taxable","13":"product-type-simple"},"aioseo_notices":[],"_links":{"self":[{"href":"https:\/\/as-schwabe.de\/pl\/wp-json\/wp\/v2\/product\/32526","targetHints":{"allow":["GET"]}}],"collection":[{"href":"https:\/\/as-schwabe.de\/pl\/wp-json\/wp\/v2\/product"}],"about":[{"href":"https:\/\/as-schwabe.de\/pl\/wp-json\/wp\/v2\/types\/product"}],"version-history":[{"count":1,"href":"https:\/\/as-schwabe.de\/pl\/wp-json\/wp\/v2\/product\/32526\/revisions"}],"predecessor-version":[{"id":36650,"href":"https:\/\/as-schwabe.de\/pl\/wp-json\/wp\/v2\/product\/32526\/revisions\/36650"}],"wp:featuredmedia":[{"embeddable":true,"href":"https:\/\/as-schwabe.de\/pl\/wp-json\/wp\/v2\/media\/36646"}],"wp:attachment":[{"href":"https:\/\/as-schwabe.de\/pl\/wp-json\/wp\/v2\/media?parent=32526"}],"wp:term":[{"taxonomy":"product_brand","embeddable":true,"href":"https:\/\/as-schwabe.de\/pl\/wp-json\/wp\/v2\/genre?post=32526"},{"taxonomy":"product_cat","embeddable":true,"href":"https:\/\/as-schwabe.de\/pl\/wp-json\/wp\/v2\/product_cat?post=32526"},{"taxonomy":"product_tag","embeddable":true,"href":"https:\/\/as-schwabe.de\/pl\/wp-json\/wp\/v2\/product_tag?post=32526"}],"curies":[{"name":"wp","href":"https:\/\/api.w.org\/{rel}","templated":true}]}}