{"id":32525,"date":"2025-09-26T23:33:25","date_gmt":"2025-09-26T23:33:25","guid":{"rendered":"https:\/\/as-schwabe.de\/produkt\/rozdzielnica-przenosna-stecky-11-60960\/"},"modified":"2026-03-30T12:20:58","modified_gmt":"2026-03-30T12:20:58","slug":"rozdzielnica-przenosna-stecky-11-60960","status":"publish","type":"product","link":"https:\/\/as-schwabe.de\/pl\/produkt\/rozdzielnica-przenosna-stecky-11-60960\/","title":{"rendered":"Rozdzielnica przeno\u015bna STECKY 11 | 60960"},"content":{"rendered":"<p>Rozdzielnica przeno\u015bna STECKY to niezawodne rozwi\u0105zanie dla profesjonalist\u00f3w potrzebuj\u0105cych mobilnego zasilania. Wyposa\u017cona w przew\u00f3d zasilaj\u0105cy z wtyczk\u0105 CEE 400 V, 16 A oraz 5-p \u017cy\u0142owym kablem H07RN-F o d\u0142ugo\u015bci 2,5 m, zapewnia elastyczno\u015b\u0107 w r\u00f3\u017cnorodnych warunkach pracy. Z czterema gniazdami 230 V (16 A, 2P+Z) podzielonymi na dwie fazy oraz dwoma gniazdami CEE 400 V (16 A, 5P), dostarcza odpowiedni\u0105 moc do zasilania r\u00f3\u017cnych urz\u0105dze\u0144. Rozdzielnica nie posiada zabezpieczenia, co czyni j\u0105 idealnym rozwi\u0105zaniem dla zastosowa\u0144 tymczasowych oraz w miejscach wymagaj\u0105cych wysokiej mocy do 11 kW. Dzi\u0119ki klasie ochrony IP44, urz\u0105dzenie jest przeznaczone do u\u017cytku na zewn\u0105trz, gwarantuj\u0105c bezpiecze\u0144stwo i trwa\u0142o\u015b\u0107 w trudnych warunkach atmosferycznych.<\/p>","protected":false},"excerpt":{"rendered":"<div class=\"icons\" style=\"display: flex; flex-wrap: wrap; gap: 5px; align-items: center; margin-top: 10px;\"><img decoding=\"async\" src=\"https:\/\/as-schwabe.de\/wp-content\/uploads\/ikony\/znak_SCH.png\" alt=\"\" width=\"45\" height=\"50\" \/><img decoding=\"async\" src=\"https:\/\/as-schwabe.de\/wp-content\/uploads\/ikony\/znak_CE.png\" alt=\"\" width=\"50\" height=\"50\" \/><img decoding=\"async\" src=\"https:\/\/as-schwabe.de\/wp-content\/uploads\/ikony\/znak_IP44.png\" alt=\"\" width=\"50\" height=\"50\" \/><img loading=\"lazy\" decoding=\"async\" src=\"https:\/\/as-schwabe.de\/wp-content\/uploads\/ikony\/znak_PB.png\" alt=\"\" width=\"50\" height=\"50\" \/><img loading=\"lazy\" decoding=\"async\" src=\"https:\/\/as-schwabe.de\/wp-content\/uploads\/ikony\/znak_Z.png\" alt=\"\" width=\"50\" height=\"50\" \/><img loading=\"lazy\" decoding=\"async\" src=\"https:\/\/as-schwabe.de\/wp-content\/uploads\/ikony\/znak_D.png\" alt=\"\" width=\"50\" height=\"50\" \/><img loading=\"lazy\" decoding=\"async\" src=\"https:\/\/as-schwabe.de\/wp-content\/uploads\/ikony\/znak_DE.png\" alt=\"\" width=\"50\" height=\"40\" \/><\/div>\n<ul>\n<li>Rozdzielnice przeno\u015bne CEE STECKY<\/li>\n<li>solidna obudowa wykonana z wytrzyma\u0142ego, bardzo odpornego na uszkodzenia specjalnego tworzywa sztucznego<\/li>\n<li>z du\u017cym, ergonomicznym uchwytem do przenoszenia i zwijaczem kabla<\/li>\n<li>wymiary szer. x wys. x g\u0142.: 230 x 417 x 220 mm<\/li>\n<li>IP44: chroniony przed cia\u0142ami obcymi i bryzgami wody<\/li>\n<\/ul>","protected":false},"featured_media":36633,"template":"","meta":{"inline_featured_image":false},"genre":[509],"product_cat":[518,589],"product_tag":[],"class_list":{"0":"post-32525","1":"product","2":"type-product","3":"status-publish","4":"has-post-thumbnail","6":"product_brand-as-schwabe-pl","7":"product_cat-asortyment-produktow-cee-400-v-pl","8":"product_cat-rozdzielnice-przenosne-stecky-cee-pl","10":"first","11":"instock","12":"shipping-taxable","13":"product-type-simple"},"aioseo_notices":[],"_links":{"self":[{"href":"https:\/\/as-schwabe.de\/pl\/wp-json\/wp\/v2\/product\/32525","targetHints":{"allow":["GET"]}}],"collection":[{"href":"https:\/\/as-schwabe.de\/pl\/wp-json\/wp\/v2\/product"}],"about":[{"href":"https:\/\/as-schwabe.de\/pl\/wp-json\/wp\/v2\/types\/product"}],"version-history":[{"count":1,"href":"https:\/\/as-schwabe.de\/pl\/wp-json\/wp\/v2\/product\/32525\/revisions"}],"predecessor-version":[{"id":36639,"href":"https:\/\/as-schwabe.de\/pl\/wp-json\/wp\/v2\/product\/32525\/revisions\/36639"}],"wp:featuredmedia":[{"embeddable":true,"href":"https:\/\/as-schwabe.de\/pl\/wp-json\/wp\/v2\/media\/36633"}],"wp:attachment":[{"href":"https:\/\/as-schwabe.de\/pl\/wp-json\/wp\/v2\/media?parent=32525"}],"wp:term":[{"taxonomy":"product_brand","embeddable":true,"href":"https:\/\/as-schwabe.de\/pl\/wp-json\/wp\/v2\/genre?post=32525"},{"taxonomy":"product_cat","embeddable":true,"href":"https:\/\/as-schwabe.de\/pl\/wp-json\/wp\/v2\/product_cat?post=32525"},{"taxonomy":"product_tag","embeddable":true,"href":"https:\/\/as-schwabe.de\/pl\/wp-json\/wp\/v2\/product_tag?post=32525"}],"curies":[{"name":"wp","href":"https:\/\/api.w.org\/{rel}","templated":true}]}}