{"id":32524,"date":"2025-09-26T23:33:24","date_gmt":"2025-09-26T23:33:24","guid":{"rendered":"https:\/\/as-schwabe.de\/produkt\/rozdzielnica-przenosna-stecky-duo-8-60938\/"},"modified":"2025-10-23T00:17:25","modified_gmt":"2025-10-23T00:17:25","slug":"rozdzielnica-przenosna-stecky-duo-8-60938","status":"publish","type":"product","link":"https:\/\/as-schwabe.de\/pl\/produkt\/rozdzielnica-przenosna-stecky-duo-8-60938\/","title":{"rendered":"Rozdzielnica przeno\u015bna STECKY DUO 8 | 60938"},"content":{"rendered":"<p>STECKY DUO 8 to wszechstronny rozdzielacz zasilania, zaprojektowany z my\u015bl\u0105 o u\u017cytkowaniu na zewn\u0105trz, charakteryzuj\u0105cy si\u0119 stopniem ochrony IP44. Urz\u0105dzenie wyposa\u017cone jest w przew\u00f3d zasilaj\u0105cy H07RN-F o d\u0142ugo\u015bci 3,4 m z wtyczk\u0105 CEE 400 V, 16 A, 5P oraz oferuje wygodne wyj\u015bcia, w tym 7 gniazd z klapk\u0105 i uziemieniem 230 V, 16 A, 4 gniazda CEE 230 V, 16 A, 3P oraz 2 porty USB 5 V, 2,1 A. Dodatkowo, STECKY DUO 8 zapewnia wysoki poziom bezpiecze\u0144stwa dzi\u0119ki wbudowanemu zabezpieczeniu RCD 40A, 4P, 30 mA, typ A. Maksymalna moc wynosz\u0105ca 11 kW oraz mo\u017cliwo\u015b\u0107 obs\u0142ugi napi\u0119cia do 400 V i nat\u0119\u017cenia 16 A sprawiaj\u0105, \u017ce jest idealnym rozwi\u0105zaniem zar\u00f3wno dla profesjonalnych, jak i amatorskich u\u017cytkownik\u00f3w, potrzebuj\u0105cych pewnego i efektywnego \u017ar\u00f3d\u0142a zasilania w r\u00f3\u017cnych zastosowaniach.<\/p>","protected":false},"excerpt":{"rendered":"<div class=\"icons\" style=\"display: flex; flex-wrap: wrap; gap: 5px; align-items: center; margin-top: 10px;\"><img decoding=\"async\" src=\"https:\/\/as-schwabe.de\/wp-content\/uploads\/ikony\/znak_SCH.png\" alt=\"\" width=\"45\" height=\"50\" \/><img decoding=\"async\" src=\"https:\/\/as-schwabe.de\/wp-content\/uploads\/ikony\/znak_CE.png\" alt=\"\" width=\"50\" height=\"50\" \/><img decoding=\"async\" src=\"https:\/\/as-schwabe.de\/wp-content\/uploads\/ikony\/znak_IP44.png\" alt=\"\" width=\"50\" height=\"50\" \/><img loading=\"lazy\" decoding=\"async\" src=\"https:\/\/as-schwabe.de\/wp-content\/uploads\/ikony\/znak_Z.png\" alt=\"\" width=\"50\" height=\"50\" \/><img loading=\"lazy\" decoding=\"async\" src=\"https:\/\/as-schwabe.de\/wp-content\/uploads\/ikony\/znak_D.png\" alt=\"\" width=\"50\" height=\"50\" \/><img loading=\"lazy\" decoding=\"async\" src=\"https:\/\/as-schwabe.de\/wp-content\/uploads\/ikony\/znak_DE.png\" alt=\"\" width=\"50\" height=\"40\" \/><\/div>\n<ul>\n<li>solidna obudowa wykonana z wytrzyma\u0142ego, bardzo odpornego na uszkodzenia, specjalnego tworzywa sztucznego <\/li>\n<li>z du\u017cym, ergonomicznym uchwytem do przenoszenia i zwijaczem kabla <\/li>\n<li>IP44: chroniony przed cia\u0142ami obcymi i bryzgami wody<\/li>\n<\/ul>","protected":false},"featured_media":31212,"template":"","meta":{"inline_featured_image":false},"genre":[509],"product_cat":[515,587],"product_tag":[],"class_list":{"0":"post-32524","1":"product","2":"type-product","3":"status-publish","4":"has-post-thumbnail","6":"product_brand-as-schwabe-pl","7":"product_cat-kemping-i-caravaning-pl","8":"product_cat-rozdzielnice-przenosne-stecky-pl","10":"first","11":"instock","12":"shipping-taxable","13":"product-type-simple"},"aioseo_notices":[],"_links":{"self":[{"href":"https:\/\/as-schwabe.de\/pl\/wp-json\/wp\/v2\/product\/32524","targetHints":{"allow":["GET"]}}],"collection":[{"href":"https:\/\/as-schwabe.de\/pl\/wp-json\/wp\/v2\/product"}],"about":[{"href":"https:\/\/as-schwabe.de\/pl\/wp-json\/wp\/v2\/types\/product"}],"version-history":[{"count":0,"href":"https:\/\/as-schwabe.de\/pl\/wp-json\/wp\/v2\/product\/32524\/revisions"}],"wp:featuredmedia":[{"embeddable":true,"href":"https:\/\/as-schwabe.de\/pl\/wp-json\/wp\/v2\/media\/31212"}],"wp:attachment":[{"href":"https:\/\/as-schwabe.de\/pl\/wp-json\/wp\/v2\/media?parent=32524"}],"wp:term":[{"taxonomy":"product_brand","embeddable":true,"href":"https:\/\/as-schwabe.de\/pl\/wp-json\/wp\/v2\/genre?post=32524"},{"taxonomy":"product_cat","embeddable":true,"href":"https:\/\/as-schwabe.de\/pl\/wp-json\/wp\/v2\/product_cat?post=32524"},{"taxonomy":"product_tag","embeddable":true,"href":"https:\/\/as-schwabe.de\/pl\/wp-json\/wp\/v2\/product_tag?post=32524"}],"curies":[{"name":"wp","href":"https:\/\/api.w.org\/{rel}","templated":true}]}}