{"id":32523,"date":"2025-09-26T23:33:23","date_gmt":"2025-09-26T23:33:23","guid":{"rendered":"https:\/\/as-schwabe.de\/produkt\/rozdzielnica-przenosna-stecky-duo-5-60935\/"},"modified":"2025-10-23T00:17:25","modified_gmt":"2025-10-23T00:17:25","slug":"rozdzielnica-przenosna-stecky-duo-5-60935","status":"publish","type":"product","link":"https:\/\/as-schwabe.de\/pl\/produkt\/rozdzielnica-przenosna-stecky-duo-5-60935\/","title":{"rendered":"Rozdzielnica przeno\u015bna STECKY DUO 5 | 60935"},"content":{"rendered":"<p>Stecky Duo 5 to wszechstronny rozdzielacz energii elektrycznej, zaprojektowany z my\u015bl\u0105 o wykorzystaniu na zewn\u0105trz, spe\u0142niaj\u0105cy normy IP44. Urz\u0105dzenie wyposa\u017cone jest w przew\u00f3d zasilaj\u0105cy H07RN-F o d\u0142ugo\u015bci 3,4 m z wtyczk\u0105 CEE 230 V, 16 A, 3P oraz siedem gniazd z klapk\u0105 i uziemieniem, co zapewnia wygodne pod\u0142\u0105czenie r\u00f3\u017cnorodnych urz\u0105dze\u0144 elektrycznych. Dodatkowo, Stecky Duo 5 dysponuje czterema gniazdami CEE 230 V, 16 A, 3P oraz dwoma portami USB 5 V, 2,1 A, umo\u017cliwiaj\u0105c \u0142adowanie nowoczesnych urz\u0105dze\u0144 mobilnych. Zintegrowane zabezpieczenie RCD 25A, 2P, 30 mA typ A zapewnia ochron\u0119 przed pora\u017ceniem elektrycznym, zwi\u0119kszaj\u0105c bezpiecze\u0144stwo u\u017cytkowania. Dzi\u0119ki maksymalnej mocy 3,6 kW, rozdzielacz idealnie sprawdzi si\u0119 w zastosowaniach budowlanych, eventowych oraz w ogrodzie.<\/p>","protected":false},"excerpt":{"rendered":"<div class=\"icons\" style=\"display: flex; flex-wrap: wrap; gap: 5px; align-items: center; margin-top: 10px;\"><img decoding=\"async\" src=\"https:\/\/as-schwabe.de\/wp-content\/uploads\/ikony\/znak_SCH.png\" alt=\"\" width=\"45\" height=\"50\" \/><img decoding=\"async\" src=\"https:\/\/as-schwabe.de\/wp-content\/uploads\/ikony\/znak_CE.png\" alt=\"\" width=\"50\" height=\"50\" \/><img decoding=\"async\" src=\"https:\/\/as-schwabe.de\/wp-content\/uploads\/ikony\/znak_IP44.png\" alt=\"\" width=\"50\" height=\"50\" \/><img loading=\"lazy\" decoding=\"async\" src=\"https:\/\/as-schwabe.de\/wp-content\/uploads\/ikony\/znak_Z.png\" alt=\"\" width=\"50\" height=\"50\" \/><img loading=\"lazy\" decoding=\"async\" src=\"https:\/\/as-schwabe.de\/wp-content\/uploads\/ikony\/znak_D.png\" alt=\"\" width=\"50\" height=\"50\" \/><img loading=\"lazy\" decoding=\"async\" src=\"https:\/\/as-schwabe.de\/wp-content\/uploads\/ikony\/znak_DE.png\" alt=\"\" width=\"50\" height=\"40\" \/><\/div>\n<ul>\n<li>solidna obudowa wykonana z wytrzyma\u0142ego, bardzo odpornego na uszkodzenia, specjalnego tworzywa sztucznego <\/li>\n<li>z du\u017cym, ergonomicznym uchwytem do przenoszenia i zwijaczem kabla <\/li>\n<li>IP44: chroniony przed cia\u0142ami obcymi i bryzgami wody<\/li>\n<\/ul>","protected":false},"featured_media":31208,"template":"","meta":{"inline_featured_image":false},"genre":[509],"product_cat":[515,587],"product_tag":[],"class_list":{"0":"post-32523","1":"product","2":"type-product","3":"status-publish","4":"has-post-thumbnail","6":"product_brand-as-schwabe-pl","7":"product_cat-kemping-i-caravaning-pl","8":"product_cat-rozdzielnice-przenosne-stecky-pl","10":"first","11":"instock","12":"shipping-taxable","13":"product-type-simple"},"aioseo_notices":[],"_links":{"self":[{"href":"https:\/\/as-schwabe.de\/pl\/wp-json\/wp\/v2\/product\/32523","targetHints":{"allow":["GET"]}}],"collection":[{"href":"https:\/\/as-schwabe.de\/pl\/wp-json\/wp\/v2\/product"}],"about":[{"href":"https:\/\/as-schwabe.de\/pl\/wp-json\/wp\/v2\/types\/product"}],"version-history":[{"count":0,"href":"https:\/\/as-schwabe.de\/pl\/wp-json\/wp\/v2\/product\/32523\/revisions"}],"wp:featuredmedia":[{"embeddable":true,"href":"https:\/\/as-schwabe.de\/pl\/wp-json\/wp\/v2\/media\/31208"}],"wp:attachment":[{"href":"https:\/\/as-schwabe.de\/pl\/wp-json\/wp\/v2\/media?parent=32523"}],"wp:term":[{"taxonomy":"product_brand","embeddable":true,"href":"https:\/\/as-schwabe.de\/pl\/wp-json\/wp\/v2\/genre?post=32523"},{"taxonomy":"product_cat","embeddable":true,"href":"https:\/\/as-schwabe.de\/pl\/wp-json\/wp\/v2\/product_cat?post=32523"},{"taxonomy":"product_tag","embeddable":true,"href":"https:\/\/as-schwabe.de\/pl\/wp-json\/wp\/v2\/product_tag?post=32523"}],"curies":[{"name":"wp","href":"https:\/\/api.w.org\/{rel}","templated":true}]}}