{"id":32522,"date":"2025-09-26T23:33:22","date_gmt":"2025-09-26T23:33:22","guid":{"rendered":"https:\/\/as-schwabe.de\/produkt\/rozdzielnica-przenosna-stecky-duo-4-60934\/"},"modified":"2025-10-23T00:17:25","modified_gmt":"2025-10-23T00:17:25","slug":"rozdzielnica-przenosna-stecky-duo-4-60934","status":"publish","type":"product","link":"https:\/\/as-schwabe.de\/pl\/produkt\/rozdzielnica-przenosna-stecky-duo-4-60934\/","title":{"rendered":"Rozdzielnica przeno\u015bna STECKY DUO 4 | 60934"},"content":{"rendered":"<p>Rozdzielnica przeno\u015bna STECKY DUO 4 to wszechstronny produkt stworzony z my\u015bl\u0105 o zastosowaniach zewn\u0119trznych, zapewniaj\u0105cy niezawodne zasilanie w trudnych warunkach. Wyposa\u017cona w przew\u00f3d zasilaj\u0105cy z wtyczk\u0105 CEE 400 V, 32 A oraz liczne gniazda, w tym 6 gniazd 230 V z uziemieniem, 1 gniazdo CEE 230 V, 1 gniazdo CEE 400 V i 2 gniazda USB, umo\u017cliwia pod\u0142\u0105czenie szerokiej gamy urz\u0105dze\u0144. Dzi\u0119ki pr\u0119dko\u015bci maksymalnej 400 V, 32 A oraz zastosowaniu wysokiej jako\u015bci materia\u0142\u00f3w, rozdzielnica gwarantuje wysok\u0105 wydajno\u015b\u0107 i bezpiecze\u0144stwo u\u017cytkowania. Dodatkowe zabezpieczenia, w tym RCD i wska\u017aniki faz, zwi\u0119kszaj\u0105 ochron\u0119 przed przeci\u0105\u017ceniem i pora\u017ceniem pr\u0105dem, co czyni j\u0105 idealnym wyborem dla profesjonalnych instalacji oraz podczas prac budowlanych i event\u00f3w plenerowych. Obudowa o klasie ochrony IP44 zapewnia odporno\u015b\u0107 na czynniki atmosferyczne, co sprawia, \u017ce jest to niezawodne rozwi\u0105zanie dla u\u017cytkownik\u00f3w poszukuj\u0105cych mobilno\u015bci i funkcjonalno\u015bci.<\/p>","protected":false},"excerpt":{"rendered":"<div class=\"icons\" style=\"display: flex; flex-wrap: wrap; gap: 5px; align-items: center; margin-top: 10px;\"><img decoding=\"async\" src=\"https:\/\/as-schwabe.de\/wp-content\/uploads\/ikony\/znak_SCH.png\" alt=\"\" width=\"45\" height=\"50\" \/><img decoding=\"async\" src=\"https:\/\/as-schwabe.de\/wp-content\/uploads\/ikony\/znak_CE.png\" alt=\"\" width=\"50\" height=\"50\" \/><img decoding=\"async\" src=\"https:\/\/as-schwabe.de\/wp-content\/uploads\/ikony\/znak_IP44.png\" alt=\"\" width=\"50\" height=\"50\" \/><img loading=\"lazy\" decoding=\"async\" src=\"https:\/\/as-schwabe.de\/wp-content\/uploads\/ikony\/znak_PB.png\" alt=\"\" width=\"50\" height=\"50\" \/><img loading=\"lazy\" decoding=\"async\" src=\"https:\/\/as-schwabe.de\/wp-content\/uploads\/ikony\/znak_Z.png\" alt=\"\" width=\"50\" height=\"50\" \/><img loading=\"lazy\" decoding=\"async\" src=\"https:\/\/as-schwabe.de\/wp-content\/uploads\/ikony\/znak_D.png\" alt=\"\" width=\"50\" height=\"50\" \/><img loading=\"lazy\" decoding=\"async\" src=\"https:\/\/as-schwabe.de\/wp-content\/uploads\/ikony\/znak_DE.png\" alt=\"\" width=\"50\" height=\"40\" \/><\/div>\n<ul>\n<li>Rozdzielnice przeno\u015bne CEE STECKY DUO <\/li>\n<li>solidna obudowa wykonana z wytrzyma\u0142ego, bardzo odpornego na uszkodzenia specjalnego tworzywa sztucznego <\/li>\n<li>z du\u017cym, ergonomicznym uchwytem do przenoszenia i zwijaczem kabla <\/li>\n<li>wymiary szer. x wys. x g\u0142.: 400 x 450 x 252 mm <\/li>\n<li>IP44: chroniony przed cia\u0142ami obcymi i bryzgami wody<\/li>\n<\/ul>","protected":false},"featured_media":31206,"template":"","meta":{"inline_featured_image":false},"genre":[509],"product_cat":[518,589],"product_tag":[],"class_list":{"0":"post-32522","1":"product","2":"type-product","3":"status-publish","4":"has-post-thumbnail","6":"product_brand-as-schwabe-pl","7":"product_cat-asortyment-produktow-cee-400-v-pl","8":"product_cat-rozdzielnice-przenosne-stecky-cee-pl","10":"first","11":"instock","12":"shipping-taxable","13":"product-type-simple"},"aioseo_notices":[],"_links":{"self":[{"href":"https:\/\/as-schwabe.de\/pl\/wp-json\/wp\/v2\/product\/32522","targetHints":{"allow":["GET"]}}],"collection":[{"href":"https:\/\/as-schwabe.de\/pl\/wp-json\/wp\/v2\/product"}],"about":[{"href":"https:\/\/as-schwabe.de\/pl\/wp-json\/wp\/v2\/types\/product"}],"version-history":[{"count":0,"href":"https:\/\/as-schwabe.de\/pl\/wp-json\/wp\/v2\/product\/32522\/revisions"}],"wp:featuredmedia":[{"embeddable":true,"href":"https:\/\/as-schwabe.de\/pl\/wp-json\/wp\/v2\/media\/31206"}],"wp:attachment":[{"href":"https:\/\/as-schwabe.de\/pl\/wp-json\/wp\/v2\/media?parent=32522"}],"wp:term":[{"taxonomy":"product_brand","embeddable":true,"href":"https:\/\/as-schwabe.de\/pl\/wp-json\/wp\/v2\/genre?post=32522"},{"taxonomy":"product_cat","embeddable":true,"href":"https:\/\/as-schwabe.de\/pl\/wp-json\/wp\/v2\/product_cat?post=32522"},{"taxonomy":"product_tag","embeddable":true,"href":"https:\/\/as-schwabe.de\/pl\/wp-json\/wp\/v2\/product_tag?post=32522"}],"curies":[{"name":"wp","href":"https:\/\/api.w.org\/{rel}","templated":true}]}}