{"id":32521,"date":"2025-09-26T23:33:22","date_gmt":"2025-09-26T23:33:22","guid":{"rendered":"https:\/\/as-schwabe.de\/produkt\/rozdzielnica-przenosna-stecky-duo-3-60933\/"},"modified":"2025-10-23T00:17:24","modified_gmt":"2025-10-23T00:17:24","slug":"rozdzielnica-przenosna-stecky-duo-3-60933","status":"publish","type":"product","link":"https:\/\/as-schwabe.de\/pl\/produkt\/rozdzielnica-przenosna-stecky-duo-3-60933\/","title":{"rendered":"Rozdzielnica przeno\u015bna STECKY DUO 3 | 60933"},"content":{"rendered":"<p>Rozdzielnica przeno\u015bna STECKY DUO to zaawansowane rozwi\u0105zanie dedykowane do zaspokajania potrzeb w zakresie zasilania w trudnych warunkach zewn\u0119trznych. Wyposa\u017cona w przew\u00f3d zasilaj\u0105cy CEE 400 V, 32 A oraz r\u00f3\u017cnorodne gniazda wyj\u015bciowe, w tym 6 gniazd 230 V z klapk\u0105, 4 gniazda CEE i 2 porty USB, umo\u017cliwia jednoczesne pod\u0142\u0105czenie wielu urz\u0105dze\u0144. Dzi\u0119ki wska\u017anikom fazy oraz kompleksowemu zabezpieczeniu, w tym RCD 40 A, 4P i r\u00f3\u017cnicowemu zabezpieczeniu, u\u017cytkownicy mog\u0105 czu\u0107 si\u0119 bezpiecznie podczas pracy. Z klas\u0105 ochrony IP44, rozdzielnica jest odporna na warunki atmosferyczne, co czyni j\u0105 idealnym rozwi\u0105zaniem na budowy, imprezy plenerowe oraz wszelkie zewn\u0119trzne zastosowania. Maksymalna moc 22 kW zapewnia r\u00f3wnie\u017c wysok\u0105 wydajno\u015b\u0107 dzia\u0142ania.<\/p>","protected":false},"excerpt":{"rendered":"<div class=\"icons\" style=\"display: flex; flex-wrap: wrap; gap: 5px; align-items: center; margin-top: 10px;\"><img decoding=\"async\" src=\"https:\/\/as-schwabe.de\/wp-content\/uploads\/ikony\/znak_SCH.png\" alt=\"\" width=\"45\" height=\"50\" \/><img decoding=\"async\" src=\"https:\/\/as-schwabe.de\/wp-content\/uploads\/ikony\/znak_CE.png\" alt=\"\" width=\"50\" height=\"50\" \/><img decoding=\"async\" src=\"https:\/\/as-schwabe.de\/wp-content\/uploads\/ikony\/znak_IP44.png\" alt=\"\" width=\"50\" height=\"50\" \/><img loading=\"lazy\" decoding=\"async\" src=\"https:\/\/as-schwabe.de\/wp-content\/uploads\/ikony\/znak_PB.png\" alt=\"\" width=\"50\" height=\"50\" \/><img loading=\"lazy\" decoding=\"async\" src=\"https:\/\/as-schwabe.de\/wp-content\/uploads\/ikony\/znak_Z.png\" alt=\"\" width=\"50\" height=\"50\" \/><img loading=\"lazy\" decoding=\"async\" src=\"https:\/\/as-schwabe.de\/wp-content\/uploads\/ikony\/znak_D.png\" alt=\"\" width=\"50\" height=\"50\" \/><img loading=\"lazy\" decoding=\"async\" src=\"https:\/\/as-schwabe.de\/wp-content\/uploads\/ikony\/znak_DE.png\" alt=\"\" width=\"50\" height=\"40\" \/><\/div>\n<ul>\n<li>Rozdzielnice przeno\u015bne CEE STECKY DUO <\/li>\n<li>solidna obudowa wykonana z wytrzyma\u0142ego, bardzo odpornego na uszkodzenia specjalnego tworzywa sztucznego <\/li>\n<li>z du\u017cym, ergonomicznym uchwytem do przenoszenia i zwijaczem kabla <\/li>\n<li>wymiary szer. x wys. x g\u0142.: 400 x 450 x 252 mm <\/li>\n<li>IP44: chroniony przed cia\u0142ami obcymi i bryzgami wody<\/li>\n<\/ul>","protected":false},"featured_media":31202,"template":"","meta":{"inline_featured_image":false},"genre":[509],"product_cat":[518,589],"product_tag":[],"class_list":{"0":"post-32521","1":"product","2":"type-product","3":"status-publish","4":"has-post-thumbnail","6":"product_brand-as-schwabe-pl","7":"product_cat-asortyment-produktow-cee-400-v-pl","8":"product_cat-rozdzielnice-przenosne-stecky-cee-pl","10":"first","11":"instock","12":"shipping-taxable","13":"product-type-simple"},"aioseo_notices":[],"_links":{"self":[{"href":"https:\/\/as-schwabe.de\/pl\/wp-json\/wp\/v2\/product\/32521","targetHints":{"allow":["GET"]}}],"collection":[{"href":"https:\/\/as-schwabe.de\/pl\/wp-json\/wp\/v2\/product"}],"about":[{"href":"https:\/\/as-schwabe.de\/pl\/wp-json\/wp\/v2\/types\/product"}],"version-history":[{"count":0,"href":"https:\/\/as-schwabe.de\/pl\/wp-json\/wp\/v2\/product\/32521\/revisions"}],"wp:featuredmedia":[{"embeddable":true,"href":"https:\/\/as-schwabe.de\/pl\/wp-json\/wp\/v2\/media\/31202"}],"wp:attachment":[{"href":"https:\/\/as-schwabe.de\/pl\/wp-json\/wp\/v2\/media?parent=32521"}],"wp:term":[{"taxonomy":"product_brand","embeddable":true,"href":"https:\/\/as-schwabe.de\/pl\/wp-json\/wp\/v2\/genre?post=32521"},{"taxonomy":"product_cat","embeddable":true,"href":"https:\/\/as-schwabe.de\/pl\/wp-json\/wp\/v2\/product_cat?post=32521"},{"taxonomy":"product_tag","embeddable":true,"href":"https:\/\/as-schwabe.de\/pl\/wp-json\/wp\/v2\/product_tag?post=32521"}],"curies":[{"name":"wp","href":"https:\/\/api.w.org\/{rel}","templated":true}]}}