{"id":32520,"date":"2025-09-26T23:33:21","date_gmt":"2025-09-26T23:33:21","guid":{"rendered":"https:\/\/as-schwabe.de\/produkt\/rozdzielnica-przenosna-stecky-duo-2-60932\/"},"modified":"2025-10-23T00:17:24","modified_gmt":"2025-10-23T00:17:24","slug":"rozdzielnica-przenosna-stecky-duo-2-60932","status":"publish","type":"product","link":"https:\/\/as-schwabe.de\/pl\/produkt\/rozdzielnica-przenosna-stecky-duo-2-60932\/","title":{"rendered":"Rozdzielnica przeno\u015bna STECKY DUO 2 | 60932"},"content":{"rendered":"<p>Rozdzielnica przeno\u015bna STECKY DUO to wszechstronne rozwi\u0105zanie dla wymagaj\u0105cych u\u017cytkownik\u00f3w, idealne do zastosowa\u0144 w terenie oraz na budowach. Wyposa\u017cona w przew\u00f3d zasilaj\u0105cy z wtyczk\u0105 CEE 400 V, 16 A, urz\u0105dzenie oferuje 8 gniazd z klapk\u0105 i uziemieniem 230 V, 2 gniazda CEE 400 V oraz 2 gniazda USB 5 V, co zapewnia wielofunkcyjno\u015b\u0107 w dostosowywaniu zasilania do r\u00f3\u017cnorodnych potrzeb. Dzi\u0119ki wska\u017anikowi fazy oraz zabezpieczeniu RCD 40 A, produkt zapewnia bezpieczne i stabilne zasilanie, co zwi\u0119ksza komfort u\u017cytkowania. Klasa ochrony IP44 gwarantuje odporno\u015b\u0107 na warunki atmosferyczne, co czyni rozdzielnic\u0119 STECKY DUO idealnym wyborem do prac w plenerze. Szybki monta\u017c i \u0142atwo\u015b\u0107 transportu dope\u0142niaj\u0105 korzy\u015bci p\u0142yn\u0105ce z u\u017cytkowania tego innowacyjnego urz\u0105dzenia.<\/p>","protected":false},"excerpt":{"rendered":"<div class=\"icons\" style=\"display: flex; flex-wrap: wrap; gap: 5px; align-items: center; margin-top: 10px;\"><img decoding=\"async\" src=\"https:\/\/as-schwabe.de\/wp-content\/uploads\/ikony\/znak_SCH.png\" alt=\"\" width=\"45\" height=\"50\" \/><img decoding=\"async\" src=\"https:\/\/as-schwabe.de\/wp-content\/uploads\/ikony\/znak_CE.png\" alt=\"\" width=\"50\" height=\"50\" \/><img decoding=\"async\" src=\"https:\/\/as-schwabe.de\/wp-content\/uploads\/ikony\/znak_IP44.png\" alt=\"\" width=\"50\" height=\"50\" \/><img loading=\"lazy\" decoding=\"async\" src=\"https:\/\/as-schwabe.de\/wp-content\/uploads\/ikony\/znak_PB.png\" alt=\"\" width=\"50\" height=\"50\" \/><img loading=\"lazy\" decoding=\"async\" src=\"https:\/\/as-schwabe.de\/wp-content\/uploads\/ikony\/znak_Z.png\" alt=\"\" width=\"50\" height=\"50\" \/><img loading=\"lazy\" decoding=\"async\" src=\"https:\/\/as-schwabe.de\/wp-content\/uploads\/ikony\/znak_D.png\" alt=\"\" width=\"50\" height=\"50\" \/><img loading=\"lazy\" decoding=\"async\" src=\"https:\/\/as-schwabe.de\/wp-content\/uploads\/ikony\/znak_DE.png\" alt=\"\" width=\"50\" height=\"40\" \/><\/div>\n<ul>\n<li>Rozdzielnice przeno\u015bne CEE STECKY DUO <\/li>\n<li>solidna obudowa wykonana z wytrzyma\u0142ego, bardzo odpornego na uszkodzenia specjalnego tworzywa sztucznego <\/li>\n<li>z du\u017cym, ergonomicznym uchwytem do przenoszenia i zwijaczem kabla <\/li>\n<li>wymiary szer. x wys. x g\u0142.: 400 x 450 x 252 mm <\/li>\n<li>IP44: chroniony przed cia\u0142ami obcymi i bryzgami wody<\/li>\n<\/ul>","protected":false},"featured_media":31199,"template":"","meta":{"inline_featured_image":false},"genre":[509],"product_cat":[518,589],"product_tag":[],"class_list":{"0":"post-32520","1":"product","2":"type-product","3":"status-publish","4":"has-post-thumbnail","6":"product_brand-as-schwabe-pl","7":"product_cat-asortyment-produktow-cee-400-v-pl","8":"product_cat-rozdzielnice-przenosne-stecky-cee-pl","10":"first","11":"instock","12":"shipping-taxable","13":"product-type-simple"},"aioseo_notices":[],"_links":{"self":[{"href":"https:\/\/as-schwabe.de\/pl\/wp-json\/wp\/v2\/product\/32520","targetHints":{"allow":["GET"]}}],"collection":[{"href":"https:\/\/as-schwabe.de\/pl\/wp-json\/wp\/v2\/product"}],"about":[{"href":"https:\/\/as-schwabe.de\/pl\/wp-json\/wp\/v2\/types\/product"}],"version-history":[{"count":0,"href":"https:\/\/as-schwabe.de\/pl\/wp-json\/wp\/v2\/product\/32520\/revisions"}],"wp:featuredmedia":[{"embeddable":true,"href":"https:\/\/as-schwabe.de\/pl\/wp-json\/wp\/v2\/media\/31199"}],"wp:attachment":[{"href":"https:\/\/as-schwabe.de\/pl\/wp-json\/wp\/v2\/media?parent=32520"}],"wp:term":[{"taxonomy":"product_brand","embeddable":true,"href":"https:\/\/as-schwabe.de\/pl\/wp-json\/wp\/v2\/genre?post=32520"},{"taxonomy":"product_cat","embeddable":true,"href":"https:\/\/as-schwabe.de\/pl\/wp-json\/wp\/v2\/product_cat?post=32520"},{"taxonomy":"product_tag","embeddable":true,"href":"https:\/\/as-schwabe.de\/pl\/wp-json\/wp\/v2\/product_tag?post=32520"}],"curies":[{"name":"wp","href":"https:\/\/api.w.org\/{rel}","templated":true}]}}