{"id":32519,"date":"2025-09-26T23:33:20","date_gmt":"2025-09-26T23:33:20","guid":{"rendered":"https:\/\/as-schwabe.de\/produkt\/rozdzielnica-przenosna-stecky-duo-1-60931\/"},"modified":"2025-10-23T00:17:23","modified_gmt":"2025-10-23T00:17:23","slug":"rozdzielnica-przenosna-stecky-duo-1-60931","status":"publish","type":"product","link":"https:\/\/as-schwabe.de\/pl\/produkt\/rozdzielnica-przenosna-stecky-duo-1-60931\/","title":{"rendered":"Rozdzielnica przeno\u015bna STECKY DUO 1 | 60931"},"content":{"rendered":"<p>Rozdzielnica przeno\u015bna STECKY DUO to wszechstronne i niezawodne rozwi\u0105zanie do zasilania urz\u0105dze\u0144 elektrycznych w trudnych warunkach, zar\u00f3wno wewn\u0105trz, jak i na zewn\u0105trz. Wyposa\u017cona w przew\u00f3d zasilaj\u0105cy z wtyczk\u0105 CEE 400 V, 16 A oraz o\u015bmioma gniazdami 230 V, rozdzielnica umo\u017cliwia efektywne dystrybuowanie energii, dzi\u0119ki czemu mo\u017cna zasila\u0107 r\u00f3\u017cnorodne sprz\u0119ty. Dodatkowo, cztery gniazda CEE 400 V oraz zabezpieczenie RCD 40 A gwarantuj\u0105 wysoki poziom bezpiecze\u0144stwa i ochrony przed pora\u017ceniem elektrycznym. Klasa ochronno\u015bci IP44 pozwala na u\u017cycie urz\u0105dzenia w warunkach zewn\u0119trznych, co czyni je idealnym rozwi\u0105zaniem dla bud\u00f3w, imprez plenerowych oraz wielu innych zastosowa\u0144. Rozdzielnica STECKY DUO jest nie tylko praktyczna, ale r\u00f3wnie\u017c \u0142atwa w transportowaniu, co zwi\u0119ksza jej funkcjonalno\u015b\u0107 w codziennym u\u017cytkowaniu.<\/p>","protected":false},"excerpt":{"rendered":"<div class=\"icons\" style=\"display: flex; flex-wrap: wrap; gap: 5px; align-items: center; margin-top: 10px;\"><img decoding=\"async\" src=\"https:\/\/as-schwabe.de\/wp-content\/uploads\/ikony\/znak_SCH.png\" alt=\"\" width=\"45\" height=\"50\" \/><img decoding=\"async\" src=\"https:\/\/as-schwabe.de\/wp-content\/uploads\/ikony\/znak_CE.png\" alt=\"\" width=\"50\" height=\"50\" \/><img decoding=\"async\" src=\"https:\/\/as-schwabe.de\/wp-content\/uploads\/ikony\/znak_IP44.png\" alt=\"\" width=\"50\" height=\"50\" \/><img loading=\"lazy\" decoding=\"async\" src=\"https:\/\/as-schwabe.de\/wp-content\/uploads\/ikony\/znak_PB.png\" alt=\"\" width=\"50\" height=\"50\" \/><img loading=\"lazy\" decoding=\"async\" src=\"https:\/\/as-schwabe.de\/wp-content\/uploads\/ikony\/znak_Z.png\" alt=\"\" width=\"50\" height=\"50\" \/><img loading=\"lazy\" decoding=\"async\" src=\"https:\/\/as-schwabe.de\/wp-content\/uploads\/ikony\/znak_D.png\" alt=\"\" width=\"50\" height=\"50\" \/><img loading=\"lazy\" decoding=\"async\" src=\"https:\/\/as-schwabe.de\/wp-content\/uploads\/ikony\/znak_DE.png\" alt=\"\" width=\"50\" height=\"40\" \/><\/div>\n<ul>\n<li>Rozdzielnice przeno\u015bne CEE STECKY DUO <\/li>\n<li>solidna obudowa wykonana z wytrzyma\u0142ego, bardzo odpornego na uszkodzenia specjalnego tworzywa sztucznego <\/li>\n<li>z du\u017cym, ergonomicznym uchwytem do przenoszenia i zwijaczem kabla <\/li>\n<li>wymiary szer. x wys. x g\u0142.: 400 x 450 x 252 mm <\/li>\n<li>IP44: chroniony przed cia\u0142ami obcymi i bryzgami wody<\/li>\n<\/ul>","protected":false},"featured_media":31198,"template":"","meta":{"inline_featured_image":false},"genre":[509],"product_cat":[518,589],"product_tag":[],"class_list":{"0":"post-32519","1":"product","2":"type-product","3":"status-publish","4":"has-post-thumbnail","6":"product_brand-as-schwabe-pl","7":"product_cat-asortyment-produktow-cee-400-v-pl","8":"product_cat-rozdzielnice-przenosne-stecky-cee-pl","10":"first","11":"instock","12":"shipping-taxable","13":"product-type-simple"},"aioseo_notices":[],"_links":{"self":[{"href":"https:\/\/as-schwabe.de\/pl\/wp-json\/wp\/v2\/product\/32519","targetHints":{"allow":["GET"]}}],"collection":[{"href":"https:\/\/as-schwabe.de\/pl\/wp-json\/wp\/v2\/product"}],"about":[{"href":"https:\/\/as-schwabe.de\/pl\/wp-json\/wp\/v2\/types\/product"}],"version-history":[{"count":0,"href":"https:\/\/as-schwabe.de\/pl\/wp-json\/wp\/v2\/product\/32519\/revisions"}],"wp:featuredmedia":[{"embeddable":true,"href":"https:\/\/as-schwabe.de\/pl\/wp-json\/wp\/v2\/media\/31198"}],"wp:attachment":[{"href":"https:\/\/as-schwabe.de\/pl\/wp-json\/wp\/v2\/media?parent=32519"}],"wp:term":[{"taxonomy":"product_brand","embeddable":true,"href":"https:\/\/as-schwabe.de\/pl\/wp-json\/wp\/v2\/genre?post=32519"},{"taxonomy":"product_cat","embeddable":true,"href":"https:\/\/as-schwabe.de\/pl\/wp-json\/wp\/v2\/product_cat?post=32519"},{"taxonomy":"product_tag","embeddable":true,"href":"https:\/\/as-schwabe.de\/pl\/wp-json\/wp\/v2\/product_tag?post=32519"}],"curies":[{"name":"wp","href":"https:\/\/api.w.org\/{rel}","templated":true}]}}