{"id":32518,"date":"2025-09-26T23:33:20","date_gmt":"2025-09-26T23:33:20","guid":{"rendered":"https:\/\/as-schwabe.de\/produkt\/licznik-energii-elektrycznej-3p-400-v-63-a-h07rn-f-5g16-2-m-60874\/"},"modified":"2025-10-23T00:17:23","modified_gmt":"2025-10-23T00:17:23","slug":"licznik-energii-elektrycznej-3p-400-v-63-a-h07rn-f-5g16-2-m-60874","status":"publish","type":"product","link":"https:\/\/as-schwabe.de\/pl\/produkt\/licznik-energii-elektrycznej-3p-400-v-63-a-h07rn-f-5g16-2-m-60874\/","title":{"rendered":"Licznik energii elektrycznej 3-fazowy 400 V, 63 A 2 m H07RN-F 5G16 | 60874"},"content":{"rendered":"<p>Licznik energii elektrycznej 3-fazowy 400 V, 63 A to niezawodne urz\u0105dzenie do precyzyjnego pomiaru zu\u017cycia energii w systemach przemys\u0142owych oraz komercyjnych. Wyposa\u017cony w wtyczk\u0119 z uziemieniem CEE 63A oraz 2-metrowy przew\u00f3d H07RN-F 5G16, zapewnia \u0142atw\u0105 i bezpieczn\u0105 instalacj\u0119. Licznik posiada analogowy wska\u017anik o czu\u0142o\u015bci 1000 impuls\u00f3w na kWh oraz maksymalne wskazanie do 999999,9 kWh, co umo\u017cliwia monitorowanie koszt\u00f3w energii w czasie rzeczywistym. Solidna obudowa o klasie ochrony IP44 zapewnia skuteczn\u0105 ochron\u0119 w trudnych warunkach eksploatacyjnych. Produkt jest zgodny z dyrektyw\u0105 MID, co gwarantuje jego dok\u0142adno\u015b\u0107 i legalno\u015b\u0107 pomiar\u00f3w. Dzi\u0119ki mo\u017cliwo\u015bci pomiaru pr\u0105d\u00f3w w zakresie od 0,25 A do 80 A, licznik ten stanowi doskona\u0142e rozwi\u0105zanie dla r\u00f3\u017cnych aplikacji energetycznych.<\/p>","protected":false},"excerpt":{"rendered":"<div class=\"icons\" style=\"display: flex; flex-wrap: wrap; gap: 5px; align-items: center; margin-top: 10px;\"><img decoding=\"async\" src=\"https:\/\/as-schwabe.de\/wp-content\/uploads\/ikony\/znak_CE.png\" alt=\"\" width=\"50\" height=\"50\" \/><img decoding=\"async\" src=\"https:\/\/as-schwabe.de\/wp-content\/uploads\/ikony\/znak_IP44.png\" alt=\"\" width=\"50\" height=\"50\" \/><img decoding=\"async\" src=\"https:\/\/as-schwabe.de\/wp-content\/uploads\/ikony\/znak_PB.png\" alt=\"\" width=\"50\" height=\"50\" \/><img loading=\"lazy\" decoding=\"async\" src=\"https:\/\/as-schwabe.de\/wp-content\/uploads\/ikony\/znak_Z.png\" alt=\"\" width=\"50\" height=\"50\" \/><img loading=\"lazy\" decoding=\"async\" src=\"https:\/\/as-schwabe.de\/wp-content\/uploads\/ikony\/znak_D.png\" alt=\"\" width=\"50\" height=\"50\" \/><img loading=\"lazy\" decoding=\"async\" src=\"https:\/\/as-schwabe.de\/wp-content\/uploads\/ikony\/znak_DE.png\" alt=\"\" width=\"50\" height=\"40\" \/><\/div>\n<ul>\n<li>Licznik pr\u0105du przemiennego, 3-fazowy 400 V, 63 A, 5P \/ maks. 43 kW <\/li>\n<li>IP44: chroniony przed cia\u0142ami obcymi i bryzgami wody <\/li>\n<li>listwa gniazdowa z wbudowanym licznikiem energii elektrycznej zgodnym ze standardem MID (3P) <\/li>\n<li>nadaje si\u0119 do cel\u00f3w rozliczeniowych <\/li>\n<li>3x 230\/400 V AC; 5 (80) A <\/li>\n<li>licznik analogowy: 6+1 cyfra, mo\u017cliwy do odczytania w dowolnym momencie <\/li>\n<li>odczyt dla maks. 999 999,9 kWh <\/li>\n<li>licznika analogowego nie mo\u017cna zresetowa\u0107 do 0 <\/li>\n<li>z wtyczk\u0105 CEE i gniazdem CEE 400 V, 63 A, 5P<\/li>\n<li> 400 V, 63 A, ok. 43 kW<\/li>\n<\/ul>","protected":false},"featured_media":31197,"template":"","meta":{"inline_featured_image":false},"genre":[509],"product_cat":[580,588],"product_tag":[],"class_list":{"0":"post-32518","1":"product","2":"type-product","3":"status-publish","4":"has-post-thumbnail","6":"product_brand-as-schwabe-pl","7":"product_cat-liczniki-energii-elektrycznej-i-ograniczniki-pradu-rozruchowego-pl","8":"product_cat-liczniki-energii-elektrycznej-pl","10":"first","11":"instock","12":"shipping-taxable","13":"product-type-simple"},"aioseo_notices":[],"_links":{"self":[{"href":"https:\/\/as-schwabe.de\/pl\/wp-json\/wp\/v2\/product\/32518","targetHints":{"allow":["GET"]}}],"collection":[{"href":"https:\/\/as-schwabe.de\/pl\/wp-json\/wp\/v2\/product"}],"about":[{"href":"https:\/\/as-schwabe.de\/pl\/wp-json\/wp\/v2\/types\/product"}],"version-history":[{"count":0,"href":"https:\/\/as-schwabe.de\/pl\/wp-json\/wp\/v2\/product\/32518\/revisions"}],"wp:featuredmedia":[{"embeddable":true,"href":"https:\/\/as-schwabe.de\/pl\/wp-json\/wp\/v2\/media\/31197"}],"wp:attachment":[{"href":"https:\/\/as-schwabe.de\/pl\/wp-json\/wp\/v2\/media?parent=32518"}],"wp:term":[{"taxonomy":"product_brand","embeddable":true,"href":"https:\/\/as-schwabe.de\/pl\/wp-json\/wp\/v2\/genre?post=32518"},{"taxonomy":"product_cat","embeddable":true,"href":"https:\/\/as-schwabe.de\/pl\/wp-json\/wp\/v2\/product_cat?post=32518"},{"taxonomy":"product_tag","embeddable":true,"href":"https:\/\/as-schwabe.de\/pl\/wp-json\/wp\/v2\/product_tag?post=32518"}],"curies":[{"name":"wp","href":"https:\/\/api.w.org\/{rel}","templated":true}]}}