{"id":32517,"date":"2025-09-26T23:33:19","date_gmt":"2025-09-26T23:33:19","guid":{"rendered":"https:\/\/as-schwabe.de\/produkt\/rozdzielnica-przenosna-stecky-14-60869\/"},"modified":"2025-10-23T00:17:23","modified_gmt":"2025-10-23T00:17:23","slug":"rozdzielnica-przenosna-stecky-14-60869","status":"publish","type":"product","link":"https:\/\/as-schwabe.de\/pl\/produkt\/rozdzielnica-przenosna-stecky-14-60869\/","title":{"rendered":"Rozdzielnica przeno\u015bna STECKY 14 | 60869"},"content":{"rendered":"<p>STECKY 14 to profesjonalne zasilanie przeznaczone do u\u017cytku na \u015bwie\u017cym powietrzu, kt\u00f3re zapewnia niezawodno\u015b\u0107 i efektywno\u015b\u0107 w r\u00f3\u017cnych warunkach. Urz\u0105dzenie wyposa\u017cone jest w przew\u00f3d zasilaj\u0105cy H07RN-F 3G2,5 o d\u0142ugo\u015bci 2,5 m z wtyczk\u0105 CEE 230 V, 16 A, 3P, co gwarantuje \u0142atwe pod\u0142\u0105czenie do sieci elektrycznej. Zintegrowane 4 gniazda z klapk\u0105 i uziemieniem, a tak\u017ce 2 gniazda CEE 230 V, 16 A, 3P (bez zabezpieczenia) umo\u017cliwiaj\u0105 jednoczesne zasilanie wielu urz\u0105dze\u0144, co jest szczeg\u00f3lnie przydatne w trudnych warunkach zewn\u0119trznych. Oznaczenie IP44 zapewnia ochron\u0119 przed niekorzystnymi warunkami atmosferycznymi, co czyni STECKY 14 idealnym rozwi\u0105zaniem dla wymagaj\u0105cych u\u017cytkownik\u00f3w w bran\u017cy budowlanej i eventowej. Dzi\u0119ki maksymalnej mocy 3,6 kW, produkt ten oferuje wysok\u0105 wydajno\u015b\u0107 oraz du\u017c\u0105 elastyczno\u015b\u0107 w zastosowaniach energetycznych.<\/p>","protected":false},"excerpt":{"rendered":"<div class=\"icons\" style=\"display: flex; flex-wrap: wrap; gap: 5px; align-items: center; margin-top: 10px;\"><img decoding=\"async\" src=\"https:\/\/as-schwabe.de\/wp-content\/uploads\/ikony\/znak_SCH.png\" alt=\"\" width=\"45\" height=\"50\" \/><img decoding=\"async\" src=\"https:\/\/as-schwabe.de\/wp-content\/uploads\/ikony\/znak_CE.png\" alt=\"\" width=\"50\" height=\"50\" \/><img decoding=\"async\" src=\"https:\/\/as-schwabe.de\/wp-content\/uploads\/ikony\/znak_IP44.png\" alt=\"\" width=\"50\" height=\"50\" \/><img loading=\"lazy\" decoding=\"async\" src=\"https:\/\/as-schwabe.de\/wp-content\/uploads\/ikony\/znak_Z.png\" alt=\"\" width=\"50\" height=\"50\" \/><img loading=\"lazy\" decoding=\"async\" src=\"https:\/\/as-schwabe.de\/wp-content\/uploads\/ikony\/znak_D.png\" alt=\"\" width=\"50\" height=\"50\" \/><img loading=\"lazy\" decoding=\"async\" src=\"https:\/\/as-schwabe.de\/wp-content\/uploads\/ikony\/znak_DE.png\" alt=\"\" width=\"50\" height=\"40\" \/><\/div>\n<ul>\n<li>solidna obudowa wykonana z wytrzyma\u0142ego, bardzo odpornego na uszkodzenia, specjalnego tworzywa sztucznego <\/li>\n<li>z du\u017cym, ergonomicznym uchwytem do przenoszenia i zwijaczem kabla <\/li>\n<li>IP44: chroniony przed cia\u0142ami obcymi i bryzgami wody<\/li>\n<\/ul>","protected":false},"featured_media":31196,"template":"","meta":{"inline_featured_image":false},"genre":[509],"product_cat":[515,587],"product_tag":[],"class_list":{"0":"post-32517","1":"product","2":"type-product","3":"status-publish","4":"has-post-thumbnail","6":"product_brand-as-schwabe-pl","7":"product_cat-kemping-i-caravaning-pl","8":"product_cat-rozdzielnice-przenosne-stecky-pl","10":"first","11":"instock","12":"shipping-taxable","13":"product-type-simple"},"aioseo_notices":[],"_links":{"self":[{"href":"https:\/\/as-schwabe.de\/pl\/wp-json\/wp\/v2\/product\/32517","targetHints":{"allow":["GET"]}}],"collection":[{"href":"https:\/\/as-schwabe.de\/pl\/wp-json\/wp\/v2\/product"}],"about":[{"href":"https:\/\/as-schwabe.de\/pl\/wp-json\/wp\/v2\/types\/product"}],"version-history":[{"count":0,"href":"https:\/\/as-schwabe.de\/pl\/wp-json\/wp\/v2\/product\/32517\/revisions"}],"wp:featuredmedia":[{"embeddable":true,"href":"https:\/\/as-schwabe.de\/pl\/wp-json\/wp\/v2\/media\/31196"}],"wp:attachment":[{"href":"https:\/\/as-schwabe.de\/pl\/wp-json\/wp\/v2\/media?parent=32517"}],"wp:term":[{"taxonomy":"product_brand","embeddable":true,"href":"https:\/\/as-schwabe.de\/pl\/wp-json\/wp\/v2\/genre?post=32517"},{"taxonomy":"product_cat","embeddable":true,"href":"https:\/\/as-schwabe.de\/pl\/wp-json\/wp\/v2\/product_cat?post=32517"},{"taxonomy":"product_tag","embeddable":true,"href":"https:\/\/as-schwabe.de\/pl\/wp-json\/wp\/v2\/product_tag?post=32517"}],"curies":[{"name":"wp","href":"https:\/\/api.w.org\/{rel}","templated":true}]}}