{"id":32516,"date":"2025-09-26T23:33:18","date_gmt":"2025-09-26T23:33:18","guid":{"rendered":"https:\/\/as-schwabe.de\/produkt\/listwa-zasilajaca-budowlana-s2-h07rn-f-5g25-2-m-60854\/"},"modified":"2025-10-23T00:17:22","modified_gmt":"2025-10-23T00:17:22","slug":"listwa-zasilajaca-budowlana-s2-h07rn-f-5g25-2-m-60854","status":"publish","type":"product","link":"https:\/\/as-schwabe.de\/pl\/produkt\/listwa-zasilajaca-budowlana-s2-h07rn-f-5g25-2-m-60854\/","title":{"rendered":"Listwa zasilaj\u0105ca budowlana S2, 2 m H07RN-F 5G2,5 11 kW | 60854"},"content":{"rendered":"<p>Listwa zasilaj\u0105ca budowlana S2 wykonana z utwardzonej gumy to idealne rozwi\u0105zanie dla wymagaj\u0105cych warunk\u00f3w pracy na budowie. Wyposa\u017cona w przew\u00f3d zasilaj\u0105cy z wtyczk\u0105 CEE 400 V, 16 A, 5P H07RN-F o d\u0142ugo\u015bci 2 m, umo\u017cliwia pod\u0142\u0105czenie do \u017ar\u00f3d\u0142a energii w spos\u00f3b \u0142atwy i bezpieczny. Posiada sze\u015b\u0107 gniazd z klapk\u0105 i uziemieniem 230 V, 16 A, 2P+Z, co pozwala na r\u00f3wnoczesne zasilanie wielu urz\u0105dze\u0144 elektrycznych. Ta listwa, maksymalnie obs\u0142uguj\u0105ca napi\u0119cie do 400 V i pr\u0105d do 16 A (11 kW), jest doskona\u0142ym wyborem dla profesjonalist\u00f3w, kt\u00f3rzy ceni\u0105 sobie trwa\u0142o\u015b\u0107 i niezawodno\u015b\u0107. Bez systemu zabezpiecze\u0144, produkt przeznaczony jest do zastosowa\u0144 w kontrolowanych warunkach, zapewniaj\u0105c efektywne zasilanie narz\u0119dzi i sprz\u0119tu budowlanego.<\/p>","protected":false},"excerpt":{"rendered":"<div class=\"icons\" style=\"display: flex; flex-wrap: wrap; gap: 5px; align-items: center; margin-top: 10px;\"><img decoding=\"async\" src=\"https:\/\/as-schwabe.de\/wp-content\/uploads\/ikony\/znak_SCH.png\" alt=\"\" width=\"45\" height=\"50\" \/><img decoding=\"async\" src=\"https:\/\/as-schwabe.de\/wp-content\/uploads\/ikony\/znak_CE.png\" alt=\"\" width=\"50\" height=\"50\" \/><img decoding=\"async\" src=\"https:\/\/as-schwabe.de\/wp-content\/uploads\/ikony\/znak_IP44.png\" alt=\"\" width=\"50\" height=\"50\" \/><img loading=\"lazy\" decoding=\"async\" src=\"https:\/\/as-schwabe.de\/wp-content\/uploads\/ikony\/znak_PB.png\" alt=\"\" width=\"50\" height=\"50\" \/><img loading=\"lazy\" decoding=\"async\" src=\"https:\/\/as-schwabe.de\/wp-content\/uploads\/ikony\/znak_Z.png\" alt=\"\" width=\"50\" height=\"50\" \/><img loading=\"lazy\" decoding=\"async\" src=\"https:\/\/as-schwabe.de\/wp-content\/uploads\/ikony\/znak_D.png\" alt=\"\" width=\"50\" height=\"50\" \/><img loading=\"lazy\" decoding=\"async\" src=\"https:\/\/as-schwabe.de\/wp-content\/uploads\/ikony\/znak_K2.png\" alt=\"\" width=\"50\" height=\"50\" \/><img loading=\"lazy\" decoding=\"async\" src=\"https:\/\/as-schwabe.de\/wp-content\/uploads\/ikony\/znak_DG.png\" alt=\"\" width=\"50\" height=\"50\" \/><img loading=\"lazy\" decoding=\"async\" src=\"https:\/\/as-schwabe.de\/wp-content\/uploads\/ikony\/znak_DE.png\" alt=\"\" width=\"50\" height=\"40\" \/><\/div>\n<ul>\n<li>Listwy zasilaj\u0105ce z wytrzyma\u0142ej gumy Seria S <\/li>\n<li>obudowa wykonana z wyj\u0105tkowo wytrzyma\u0142ej utwardzonej gumy <\/li>\n<li>wersje z r\u00f3\u017cnymi wej\u015bciami i wyj\u015bciami do ci\u0119\u017ckich zastosowa\u0144 na placu budowy <\/li>\n<li>IP44: chroniony przed cia\u0142ami obcymi i bryzgami wody<\/li>\n<\/ul>","protected":false},"featured_media":31194,"template":"","meta":{"inline_featured_image":false},"genre":[509],"product_cat":[518,583],"product_tag":[],"class_list":{"0":"post-32516","1":"product","2":"type-product","3":"status-publish","4":"has-post-thumbnail","6":"product_brand-as-schwabe-pl","7":"product_cat-asortyment-produktow-cee-400-v-pl","8":"product_cat-listwy-zasilajace-cee-seria-s-pl","10":"first","11":"instock","12":"shipping-taxable","13":"product-type-simple"},"aioseo_notices":[],"_links":{"self":[{"href":"https:\/\/as-schwabe.de\/pl\/wp-json\/wp\/v2\/product\/32516","targetHints":{"allow":["GET"]}}],"collection":[{"href":"https:\/\/as-schwabe.de\/pl\/wp-json\/wp\/v2\/product"}],"about":[{"href":"https:\/\/as-schwabe.de\/pl\/wp-json\/wp\/v2\/types\/product"}],"version-history":[{"count":0,"href":"https:\/\/as-schwabe.de\/pl\/wp-json\/wp\/v2\/product\/32516\/revisions"}],"wp:featuredmedia":[{"embeddable":true,"href":"https:\/\/as-schwabe.de\/pl\/wp-json\/wp\/v2\/media\/31194"}],"wp:attachment":[{"href":"https:\/\/as-schwabe.de\/pl\/wp-json\/wp\/v2\/media?parent=32516"}],"wp:term":[{"taxonomy":"product_brand","embeddable":true,"href":"https:\/\/as-schwabe.de\/pl\/wp-json\/wp\/v2\/genre?post=32516"},{"taxonomy":"product_cat","embeddable":true,"href":"https:\/\/as-schwabe.de\/pl\/wp-json\/wp\/v2\/product_cat?post=32516"},{"taxonomy":"product_tag","embeddable":true,"href":"https:\/\/as-schwabe.de\/pl\/wp-json\/wp\/v2\/product_tag?post=32516"}],"curies":[{"name":"wp","href":"https:\/\/api.w.org\/{rel}","templated":true}]}}